{"id":4368,"date":"2024-04-19T13:25:57","date_gmt":"2024-04-19T11:25:57","guid":{"rendered":"https:\/\/jiffygroup.com\/fr\/?page_id=4368"},"modified":"2025-12-30T16:27:20","modified_gmt":"2025-12-30T14:27:20","slug":"nouveau-jiffy-pot-sans-tourbe","status":"publish","type":"page","link":"https:\/\/jiffygroup.com\/fr\/nouveau-jiffy-pot-sans-tourbe\/","title":{"rendered":"Nouveau Jiffy Pot sans tourbe"},"content":{"rendered":"\n<h3 class=\"wp-block-heading\" id=\"h-la-performance-rencontre-le-developpement-durable\"><strong>La performance rencontre le d\u00e9veloppement durable<\/strong><\/h3>\n\n\n\n<p>D\u00e9couvrez notre derni\u00e8re innovation pour une culture ax\u00e9e sur une utilisation plus responsable des ressources : le pot de sphaigne sans tourbe de Jiffy. Offrant une alternative sans tourbe et sans plastique fossile \u00e0 la tourbe et aux plastiques conventionnels, le dernier n\u00e9 de notre gamme <a href=\"https:\/\/jiffygroup.com\/fr\/produits\/jiffy-pots\/\">Jiffy Pot<\/a> sans tourbe est con\u00e7u pour offrir des performances \u00e9lev\u00e9es tout en int\u00e9grant des consid\u00e9rations environnementales.<\/p>\n\n\n\n<h3 class=\"wp-block-heading\" id=\"h-obtenez-d-excellents-resultats\"><strong>Obtenez d&rsquo;excellents r\u00e9sultats<\/strong><\/h3>\n\n\n\n<p>Nos pots Jiffy en mousse de sphaigne <a href=\"https:\/\/jiffygroup.com\/fr\/?page_id=4286&amp;noredirect=fr-FR\">sans tourbe<\/a> sont con\u00e7us pour la production de plantes d\u2019int\u00e9rieur et&nbsp; ext\u00e9rieur, offrant des r\u00e9sultats exceptionnels sur une large gamme de v\u00e9g\u00e9taux. Avec un \u00e9change&nbsp; d&rsquo;air et un drainage optimal, ils favorisent un d\u00e9veloppement ramifi\u00e9 des racines des jeunes plants, des arbres et arbustes,, des aromatiques, des l\u00e9gumes, des fruits rouges et m\u00eame de la vigne .<\/p>\n\n\n\n<h3 class=\"wp-block-heading\" id=\"h-resistant-et-concu-a-partir-de-materiaux-renouvelables\"><strong>R\u00e9sistant et con\u00e7u \u00e0 partir de mat\u00e9riaux renouvelables<\/strong><\/h3>\n\n\n\n<p>Nos derniers pots, d\u00e9velopp\u00e9s dans notre centre d\u2019innovation de pointe aux Pays-Bas, offrent une r\u00e9sistance et une dur\u00e9e de vie impressionnantes tout en visant un bilan carbone r\u00e9duit. Fabriqu\u00e9s \u00e0 partir de mat\u00e9riaux renouvelables d\u2019origine v\u00e9g\u00e9tale provenant des r\u00e9gions nordiques, ils sont produits dans nos usines certifi\u00e9es en mati\u00e8re de s\u00e9curit\u00e9 alimentaire, garantissant \u00e0 la fois qualit\u00e9 et durabilit\u00e9.<\/p>\n\n\n\n<h3 class=\"wp-block-heading\" id=\"h-pourquoi-choisir-des-pots-jiffy-en-mousse-de-sphaigne-sans-tourbe-nbsp\"><strong>Pourquoi choisir des pots Jiffy en mousse de sphaigne sans tourbe&nbsp;?<\/strong><\/h3>\n\n\n\n<ul class=\"wp-block-list\">\n<li>Contenants poreux, r\u00e9sistants et performants.<\/li>\n\n\n\n<li>\u00c9missions de CO2 r\u00e9duites par rapport aux alternatives \u00e0 base de tourbe.<\/li>\n\n\n\n<li>La transplantation en pot est plus rapide. Il n\u2019 y a pas de choc \u00e0 la plantation.<\/li>\n\n\n\n<li>Un avantage concurrentiel par rapport aux concurrents &nbsp;: devenez le partenaire incontournable de vos clients pour des cultures respectueuses de la plan\u00e8te.<\/li>\n<\/ul>\n\n\n\n<div class=\"wp-block-buttons is-layout-flex wp-block-buttons-is-layout-flex\">\n<div class=\"wp-block-button\"><a class=\"wp-block-button__link wp-element-button\" href=\"https:\/\/jiffygroup.com\/fr\/wp-content\/uploads\/2024\/04\/JIFFY-LEAFLET-A4-SPHAGNUM-MOSS-POT-FR-ONLINE.pdf\">T\u00e9l\u00e9charger la brochure<\/a><\/div>\n<\/div>\n","protected":false},"excerpt":{"rendered":"<p>La performance rencontre le d\u00e9veloppement durable D\u00e9couvrez notre derni\u00e8re innovation pour une culture ax\u00e9e sur une utilisation plus responsable des ressources : le pot de sphaigne sans tourbe de Jiffy. Offrant une alternative sans tourbe et sans plastique fossile \u00e0 la tourbe et aux plastiques conventionnels, le dernier n\u00e9 de notre gamme Jiffy Pot sans\u2026<\/p>\n","protected":false},"author":2,"featured_media":0,"parent":0,"menu_order":0,"comment_status":"closed","ping_status":"closed","template":"page-templates\/sea-lp.php","meta":{"_acf_changed":false,"editor_notices":[],"footnotes":""},"class_list":["post-4368","page","type-page","status-publish","hentry"],"acf":[],"yoast_head":"<!-- This site is optimized with the Yoast SEO Premium plugin v27.2 (Yoast SEO v27.2) - https:\/\/yoast.com\/product\/yoast-seo-premium-wordpress\/ -->\n<title>Nouveau Jiffy Pot sans tourbe | Jiffy Group<\/title>\n<meta name=\"description\" content=\"D\u00e9couvrez notre derni\u00e8re innovation pour des cultures respectueuses de l\u2019 environnement : le pot de sphaigne sans tourbe de Jiffy. Une alternative sans tourbe et sans plastique.\" \/>\n<meta name=\"robots\" content=\"index, follow, max-snippet:-1, max-image-preview:large, max-video-preview:-1\" \/>\n<link rel=\"canonical\" href=\"https:\/\/jiffygroup.com\/fr\/nouveau-jiffy-pot-sans-tourbe\/\" \/>\n<meta property=\"og:locale\" content=\"fr_FR\" \/>\n<meta property=\"og:type\" content=\"article\" \/>\n<meta property=\"og:title\" content=\"Nouveau Jiffy Pot sans tourbe\" \/>\n<meta property=\"og:description\" content=\"La performance rencontre le d\u00e9veloppement durable D\u00e9couvrez notre derni\u00e8re innovation pour une culture ax\u00e9e sur une utilisation plus responsable des\" \/>\n<meta property=\"og:url\" content=\"https:\/\/jiffygroup.com\/fr\/nouveau-jiffy-pot-sans-tourbe\/\" \/>\n<meta property=\"og:site_name\" content=\"Jiffy Groep FR\" \/>\n<meta property=\"article:modified_time\" content=\"2025-12-30T14:27:20+00:00\" \/>\n<meta name=\"twitter:card\" content=\"summary_large_image\" \/>\n<meta name=\"twitter:label1\" content=\"Dur\u00e9e de lecture estim\u00e9e\" \/>\n\t<meta name=\"twitter:data1\" content=\"2 minutes\" \/>\n<script type=\"application\/ld+json\" class=\"yoast-schema-graph\">{\"@context\":\"https:\/\/schema.org\",\"@graph\":[{\"@type\":\"WebPage\",\"@id\":\"https:\/\/jiffygroup.com\/fr\/nouveau-jiffy-pot-sans-tourbe\/\",\"url\":\"https:\/\/jiffygroup.com\/fr\/nouveau-jiffy-pot-sans-tourbe\/\",\"name\":\"Nouveau Jiffy Pot sans tourbe | Jiffy Group\",\"isPartOf\":{\"@id\":\"https:\/\/jiffygroup.com\/fr\/#website\"},\"datePublished\":\"2024-04-19T11:25:57+00:00\",\"dateModified\":\"2025-12-30T14:27:20+00:00\",\"description\":\"D\u00e9couvrez notre derni\u00e8re innovation pour des cultures respectueuses de l\u2019 environnement : le pot de sphaigne sans tourbe de Jiffy. Une alternative sans tourbe et sans plastique.\",\"breadcrumb\":{\"@id\":\"https:\/\/jiffygroup.com\/fr\/nouveau-jiffy-pot-sans-tourbe\/#breadcrumb\"},\"inLanguage\":\"fr-FR\",\"potentialAction\":[{\"@type\":\"ReadAction\",\"target\":[\"https:\/\/jiffygroup.com\/fr\/nouveau-jiffy-pot-sans-tourbe\/\"]}]},{\"@type\":\"BreadcrumbList\",\"@id\":\"https:\/\/jiffygroup.com\/fr\/nouveau-jiffy-pot-sans-tourbe\/#breadcrumb\",\"itemListElement\":[{\"@type\":\"ListItem\",\"position\":1,\"name\":\"Page d'accueil\",\"item\":\"https:\/\/jiffygroup.com\/fr\/\"},{\"@type\":\"ListItem\",\"position\":2,\"name\":\"Nouveau Jiffy Pot sans tourbe\"}]},{\"@type\":\"WebSite\",\"@id\":\"https:\/\/jiffygroup.com\/fr\/#website\",\"url\":\"https:\/\/jiffygroup.com\/fr\/\",\"name\":\"Jiffy Groep FR\",\"description\":\"It&#039;s all about the roots\",\"potentialAction\":[{\"@type\":\"SearchAction\",\"target\":{\"@type\":\"EntryPoint\",\"urlTemplate\":\"https:\/\/jiffygroup.com\/fr\/?s={search_term_string}\"},\"query-input\":{\"@type\":\"PropertyValueSpecification\",\"valueRequired\":true,\"valueName\":\"search_term_string\"}}],\"inLanguage\":\"fr-FR\"}]}<\/script>\n<!-- \/ Yoast SEO Premium plugin. -->","yoast_head_json":{"title":"Nouveau Jiffy Pot sans tourbe | Jiffy Group","description":"D\u00e9couvrez notre derni\u00e8re innovation pour des cultures respectueuses de l\u2019 environnement : le pot de sphaigne sans tourbe de Jiffy. Une alternative sans tourbe et sans plastique.","robots":{"index":"index","follow":"follow","max-snippet":"max-snippet:-1","max-image-preview":"max-image-preview:large","max-video-preview":"max-video-preview:-1"},"canonical":"https:\/\/jiffygroup.com\/fr\/nouveau-jiffy-pot-sans-tourbe\/","og_locale":"fr_FR","og_type":"article","og_title":"Nouveau Jiffy Pot sans tourbe","og_description":"La performance rencontre le d\u00e9veloppement durable D\u00e9couvrez notre derni\u00e8re innovation pour une culture ax\u00e9e sur une utilisation plus responsable des","og_url":"https:\/\/jiffygroup.com\/fr\/nouveau-jiffy-pot-sans-tourbe\/","og_site_name":"Jiffy Groep FR","article_modified_time":"2025-12-30T14:27:20+00:00","twitter_card":"summary_large_image","twitter_misc":{"Dur\u00e9e de lecture estim\u00e9e":"2 minutes"},"schema":{"@context":"https:\/\/schema.org","@graph":[{"@type":"WebPage","@id":"https:\/\/jiffygroup.com\/fr\/nouveau-jiffy-pot-sans-tourbe\/","url":"https:\/\/jiffygroup.com\/fr\/nouveau-jiffy-pot-sans-tourbe\/","name":"Nouveau Jiffy Pot sans tourbe | Jiffy Group","isPartOf":{"@id":"https:\/\/jiffygroup.com\/fr\/#website"},"datePublished":"2024-04-19T11:25:57+00:00","dateModified":"2025-12-30T14:27:20+00:00","description":"D\u00e9couvrez notre derni\u00e8re innovation pour des cultures respectueuses de l\u2019 environnement : le pot de sphaigne sans tourbe de Jiffy. Une alternative sans tourbe et sans plastique.","breadcrumb":{"@id":"https:\/\/jiffygroup.com\/fr\/nouveau-jiffy-pot-sans-tourbe\/#breadcrumb"},"inLanguage":"fr-FR","potentialAction":[{"@type":"ReadAction","target":["https:\/\/jiffygroup.com\/fr\/nouveau-jiffy-pot-sans-tourbe\/"]}]},{"@type":"BreadcrumbList","@id":"https:\/\/jiffygroup.com\/fr\/nouveau-jiffy-pot-sans-tourbe\/#breadcrumb","itemListElement":[{"@type":"ListItem","position":1,"name":"Page d'accueil","item":"https:\/\/jiffygroup.com\/fr\/"},{"@type":"ListItem","position":2,"name":"Nouveau Jiffy Pot sans tourbe"}]},{"@type":"WebSite","@id":"https:\/\/jiffygroup.com\/fr\/#website","url":"https:\/\/jiffygroup.com\/fr\/","name":"Jiffy Groep FR","description":"It&#039;s all about the roots","potentialAction":[{"@type":"SearchAction","target":{"@type":"EntryPoint","urlTemplate":"https:\/\/jiffygroup.com\/fr\/?s={search_term_string}"},"query-input":{"@type":"PropertyValueSpecification","valueRequired":true,"valueName":"search_term_string"}}],"inLanguage":"fr-FR"}]}},"_links":{"self":[{"href":"https:\/\/jiffygroup.com\/fr\/wp-json\/wp\/v2\/pages\/4368","targetHints":{"allow":["GET"]}}],"collection":[{"href":"https:\/\/jiffygroup.com\/fr\/wp-json\/wp\/v2\/pages"}],"about":[{"href":"https:\/\/jiffygroup.com\/fr\/wp-json\/wp\/v2\/types\/page"}],"author":[{"embeddable":true,"href":"https:\/\/jiffygroup.com\/fr\/wp-json\/wp\/v2\/users\/2"}],"replies":[{"embeddable":true,"href":"https:\/\/jiffygroup.com\/fr\/wp-json\/wp\/v2\/comments?post=4368"}],"version-history":[{"count":18,"href":"https:\/\/jiffygroup.com\/fr\/wp-json\/wp\/v2\/pages\/4368\/revisions"}],"predecessor-version":[{"id":5309,"href":"https:\/\/jiffygroup.com\/fr\/wp-json\/wp\/v2\/pages\/4368\/revisions\/5309"}],"wp:attachment":[{"href":"https:\/\/jiffygroup.com\/fr\/wp-json\/wp\/v2\/media?parent=4368"}],"curies":[{"name":"wp","href":"https:\/\/api.w.org\/{rel}","templated":true}]}}