{"id":4286,"date":"2024-04-09T14:14:57","date_gmt":"2024-04-09T12:14:57","guid":{"rendered":"https:\/\/jiffygroup.com\/fr\/?page_id=4286"},"modified":"2026-01-21T11:02:28","modified_gmt":"2026-01-21T09:02:28","slug":"solutions-sans-tourbe-jiffy","status":"publish","type":"page","link":"https:\/\/jiffygroup.com\/fr\/solutions-sans-tourbe-jiffy\/","title":{"rendered":"Des solutions sans tourbe"},"content":{"rendered":"\n<h1 class=\"wp-block-heading\" id=\"h-jiffy-votre-partenaire-en-substrats-sans-tourbe\">Jiffy&nbsp;: votre partenaire en substrats sans tourbe<\/h1>\n\n\n\n<h3 class=\"wp-block-heading\" id=\"h-vers-un-avenir-plus-vert\">Vers un avenir plus vert<\/h3>\n\n\n\n<p>Chez Jiffy, nous nous engageons \u00e0 fournir aux producteurs les meilleurs outils et solutions possibles pour une production durable , &nbsp;&nbsp;saines et de haute qualit\u00e9. Nous sommes conscients de la demande croissante d\u2019alternatives \u00e0 la &nbsp;tourbe, et nous sommes fiers de proposer une large gamme de produits sans tourbe ou \u00e0 teneur r\u00e9duite en tourbe* qui r\u00e9pond aux besoins des producteurs pour une grande vari\u00e9t\u00e9 de cultures&nbsp;: des plantes \u00e0 massif \u00e0 la sylviculture , en passant par les arbustes , les l\u00e9gumes et les petits fruits.<\/p>\n\n\n\n<h3 class=\"wp-block-heading\" id=\"h-des-solutions-sans-tourbe-pour-un-avenir-durable\">Des solutions sans tourbe pour un avenir durable<\/h3>\n\n\n\n<p>Jiffy offre une gamme compl\u00e8te de solutions sans tourbe et \u00e0 teneur r\u00e9duite en tourbe*, notamment les Jiffy Pots, mottes Preforma , Pastilles ,cubes Growblocks, sacs coco Growbags et les substrats. Nos m\u00e9langes sans tourbe sont soigneusement \u00e9tudi\u00e9s &nbsp;pour assurer une a\u00e9ration, un drainage et une r\u00e9tention d\u2019humidit\u00e9 de qualit\u00e9 et optimiser les performances de vos plantes, du semis \u00e0 la r\u00e9colte.<\/p>\n\n\n\n<h3 class=\"wp-block-heading\" id=\"h-des-solutions-sur-mesure-pour-vos-cultures\">Des solutions sur mesure pour vos cultures<\/h3>\n\n\n\n<p>Nos solutions sans tourbe sont con\u00e7ues pour r\u00e9pondre aux besoins sp\u00e9cifiques d\u2019un large \u00e9ventail de cultures, des plantes \u00e0 massif \u00e0 la sylviculture , en passant par les arbustes ,les l\u00e9gumes et les petits fruits . Nous travaillons en \u00e9troite collaboration avec les producteurs pour comprendre leurs besoins individuels et d\u00e9velopper des solutions personnalis\u00e9es qui optimisent le rendement et la qualit\u00e9.<\/p>\n\n\n\n<h3 class=\"wp-block-heading has-text-align-left\" id=\"h-plus-d-une-decennie-d-expertise\">Plus d\u2019une d\u00e9cennie d\u2019expertise<\/h3>\n\n\n\n<p>Jiffy est un pionnier de la culture sans tourbe depuis plus de dix&nbsp;ans. Nous avons beaucoup investi dans la recherche et le d\u00e9veloppement, en cr\u00e9ant et en testant des centaines de m\u00e9langes sans tourbe pour vous &nbsp;assurer que nos solutions fournissent des r\u00e9sultats exceptionnels aux producteurs tout en ayant un faible impact sur l\u2019environnement.<\/p>\n\n\n\n<p><em>*&nbsp;Vous ne vous sentez pas pr\u00eat \u00e0 passer exclusivement \u00e0 une culture sans tourbe&nbsp;? <a href=\"https:\/\/jiffygroup.com\/news\/jiffy-achieves-responsibly-produced-peat-certification-for-its-peat-products\/\">En savoir plus sur les produits Jiffy certifi\u00e9s RPP et sur notre engagement en faveur de l\u2019approvisionnement durable.<\/a><\/em><\/p>\n","protected":false},"excerpt":{"rendered":"<p>Jiffy&nbsp;: votre partenaire en substrats sans tourbe Vers un avenir plus vert Chez Jiffy, nous nous engageons \u00e0 fournir aux producteurs les meilleurs outils et solutions possibles pour une production durable , &nbsp;&nbsp;saines et de haute qualit\u00e9. Nous sommes conscients de la demande croissante d\u2019alternatives \u00e0 la &nbsp;tourbe, et nous sommes fiers de proposer une\u2026<\/p>\n","protected":false},"author":1,"featured_media":4253,"parent":0,"menu_order":0,"comment_status":"closed","ping_status":"closed","template":"page-templates\/peat-free.php","meta":{"_acf_changed":false,"editor_notices":[],"footnotes":""},"class_list":["post-4286","page","type-page","status-publish","has-post-thumbnail","hentry"],"acf":[],"yoast_head":"<!-- This site is optimized with the Yoast SEO Premium plugin v27.2 (Yoast SEO v27.2) - https:\/\/yoast.com\/product\/yoast-seo-premium-wordpress\/ -->\n<title>Jiffy Group - Des solutions sans tourbe<\/title>\n<meta name=\"robots\" content=\"index, follow, max-snippet:-1, max-image-preview:large, max-video-preview:-1\" \/>\n<link rel=\"canonical\" href=\"https:\/\/jiffygroup.com\/fr\/solutions-sans-tourbe-jiffy\/\" \/>\n<meta property=\"og:locale\" content=\"fr_FR\" \/>\n<meta property=\"og:type\" content=\"article\" \/>\n<meta property=\"og:title\" content=\"Des solutions sans tourbe\" \/>\n<meta property=\"og:description\" content=\"Jiffy&nbsp;: votre partenaire en substrats sans tourbe Vers un avenir plus vert Chez Jiffy, nous nous engageons \u00e0 fournir aux producteurs les meilleurs\" \/>\n<meta property=\"og:url\" content=\"https:\/\/jiffygroup.com\/fr\/solutions-sans-tourbe-jiffy\/\" \/>\n<meta property=\"og:site_name\" content=\"Jiffy Groep FR\" \/>\n<meta property=\"article:modified_time\" content=\"2026-01-21T09:02:28+00:00\" \/>\n<meta property=\"og:image\" content=\"https:\/\/jiffygroup.com\/fr\/wp-content\/uploads\/2024\/01\/02602-2023-BOD8F11-1-Medium.jpg\" \/>\n\t<meta property=\"og:image:width\" content=\"1152\" \/>\n\t<meta property=\"og:image:height\" content=\"768\" \/>\n\t<meta property=\"og:image:type\" content=\"image\/jpeg\" \/>\n<meta name=\"twitter:card\" content=\"summary_large_image\" \/>\n<meta name=\"twitter:label1\" content=\"Dur\u00e9e de lecture estim\u00e9e\" \/>\n\t<meta name=\"twitter:data1\" content=\"2 minutes\" \/>\n<script type=\"application\/ld+json\" class=\"yoast-schema-graph\">{\"@context\":\"https:\/\/schema.org\",\"@graph\":[{\"@type\":\"WebPage\",\"@id\":\"https:\/\/jiffygroup.com\/fr\/solutions-sans-tourbe-jiffy\/\",\"url\":\"https:\/\/jiffygroup.com\/fr\/solutions-sans-tourbe-jiffy\/\",\"name\":\"Jiffy Group - Des solutions sans tourbe\",\"isPartOf\":{\"@id\":\"https:\/\/jiffygroup.com\/fr\/#website\"},\"primaryImageOfPage\":{\"@id\":\"https:\/\/jiffygroup.com\/fr\/solutions-sans-tourbe-jiffy\/#primaryimage\"},\"image\":{\"@id\":\"https:\/\/jiffygroup.com\/fr\/solutions-sans-tourbe-jiffy\/#primaryimage\"},\"thumbnailUrl\":\"https:\/\/jiffygroup.com\/fr\/wp-content\/uploads\/2024\/01\/02602-2023-BOD8F11-1-Medium.jpg\",\"datePublished\":\"2024-04-09T12:14:57+00:00\",\"dateModified\":\"2026-01-21T09:02:28+00:00\",\"breadcrumb\":{\"@id\":\"https:\/\/jiffygroup.com\/fr\/solutions-sans-tourbe-jiffy\/#breadcrumb\"},\"inLanguage\":\"fr-FR\",\"potentialAction\":[{\"@type\":\"ReadAction\",\"target\":[\"https:\/\/jiffygroup.com\/fr\/solutions-sans-tourbe-jiffy\/\"]}]},{\"@type\":\"ImageObject\",\"inLanguage\":\"fr-FR\",\"@id\":\"https:\/\/jiffygroup.com\/fr\/solutions-sans-tourbe-jiffy\/#primaryimage\",\"url\":\"https:\/\/jiffygroup.com\/fr\/wp-content\/uploads\/2024\/01\/02602-2023-BOD8F11-1-Medium.jpg\",\"contentUrl\":\"https:\/\/jiffygroup.com\/fr\/wp-content\/uploads\/2024\/01\/02602-2023-BOD8F11-1-Medium.jpg\",\"width\":1152,\"height\":768},{\"@type\":\"BreadcrumbList\",\"@id\":\"https:\/\/jiffygroup.com\/fr\/solutions-sans-tourbe-jiffy\/#breadcrumb\",\"itemListElement\":[{\"@type\":\"ListItem\",\"position\":1,\"name\":\"Page d'accueil\",\"item\":\"https:\/\/jiffygroup.com\/fr\/\"},{\"@type\":\"ListItem\",\"position\":2,\"name\":\"Des solutions sans tourbe\"}]},{\"@type\":\"WebSite\",\"@id\":\"https:\/\/jiffygroup.com\/fr\/#website\",\"url\":\"https:\/\/jiffygroup.com\/fr\/\",\"name\":\"Jiffy Groep FR\",\"description\":\"It&#039;s all about the roots\",\"potentialAction\":[{\"@type\":\"SearchAction\",\"target\":{\"@type\":\"EntryPoint\",\"urlTemplate\":\"https:\/\/jiffygroup.com\/fr\/?s={search_term_string}\"},\"query-input\":{\"@type\":\"PropertyValueSpecification\",\"valueRequired\":true,\"valueName\":\"search_term_string\"}}],\"inLanguage\":\"fr-FR\"}]}<\/script>\n<!-- \/ Yoast SEO Premium plugin. -->","yoast_head_json":{"title":"Jiffy Group - Des solutions sans tourbe","robots":{"index":"index","follow":"follow","max-snippet":"max-snippet:-1","max-image-preview":"max-image-preview:large","max-video-preview":"max-video-preview:-1"},"canonical":"https:\/\/jiffygroup.com\/fr\/solutions-sans-tourbe-jiffy\/","og_locale":"fr_FR","og_type":"article","og_title":"Des solutions sans tourbe","og_description":"Jiffy&nbsp;: votre partenaire en substrats sans tourbe Vers un avenir plus vert Chez Jiffy, nous nous engageons \u00e0 fournir aux producteurs les meilleurs","og_url":"https:\/\/jiffygroup.com\/fr\/solutions-sans-tourbe-jiffy\/","og_site_name":"Jiffy Groep FR","article_modified_time":"2026-01-21T09:02:28+00:00","og_image":[{"width":1152,"height":768,"url":"https:\/\/jiffygroup.com\/fr\/wp-content\/uploads\/2024\/01\/02602-2023-BOD8F11-1-Medium.jpg","type":"image\/jpeg"}],"twitter_card":"summary_large_image","twitter_misc":{"Dur\u00e9e de lecture estim\u00e9e":"2 minutes"},"schema":{"@context":"https:\/\/schema.org","@graph":[{"@type":"WebPage","@id":"https:\/\/jiffygroup.com\/fr\/solutions-sans-tourbe-jiffy\/","url":"https:\/\/jiffygroup.com\/fr\/solutions-sans-tourbe-jiffy\/","name":"Jiffy Group - Des solutions sans tourbe","isPartOf":{"@id":"https:\/\/jiffygroup.com\/fr\/#website"},"primaryImageOfPage":{"@id":"https:\/\/jiffygroup.com\/fr\/solutions-sans-tourbe-jiffy\/#primaryimage"},"image":{"@id":"https:\/\/jiffygroup.com\/fr\/solutions-sans-tourbe-jiffy\/#primaryimage"},"thumbnailUrl":"https:\/\/jiffygroup.com\/fr\/wp-content\/uploads\/2024\/01\/02602-2023-BOD8F11-1-Medium.jpg","datePublished":"2024-04-09T12:14:57+00:00","dateModified":"2026-01-21T09:02:28+00:00","breadcrumb":{"@id":"https:\/\/jiffygroup.com\/fr\/solutions-sans-tourbe-jiffy\/#breadcrumb"},"inLanguage":"fr-FR","potentialAction":[{"@type":"ReadAction","target":["https:\/\/jiffygroup.com\/fr\/solutions-sans-tourbe-jiffy\/"]}]},{"@type":"ImageObject","inLanguage":"fr-FR","@id":"https:\/\/jiffygroup.com\/fr\/solutions-sans-tourbe-jiffy\/#primaryimage","url":"https:\/\/jiffygroup.com\/fr\/wp-content\/uploads\/2024\/01\/02602-2023-BOD8F11-1-Medium.jpg","contentUrl":"https:\/\/jiffygroup.com\/fr\/wp-content\/uploads\/2024\/01\/02602-2023-BOD8F11-1-Medium.jpg","width":1152,"height":768},{"@type":"BreadcrumbList","@id":"https:\/\/jiffygroup.com\/fr\/solutions-sans-tourbe-jiffy\/#breadcrumb","itemListElement":[{"@type":"ListItem","position":1,"name":"Page d'accueil","item":"https:\/\/jiffygroup.com\/fr\/"},{"@type":"ListItem","position":2,"name":"Des solutions sans tourbe"}]},{"@type":"WebSite","@id":"https:\/\/jiffygroup.com\/fr\/#website","url":"https:\/\/jiffygroup.com\/fr\/","name":"Jiffy Groep FR","description":"It&#039;s all about the roots","potentialAction":[{"@type":"SearchAction","target":{"@type":"EntryPoint","urlTemplate":"https:\/\/jiffygroup.com\/fr\/?s={search_term_string}"},"query-input":{"@type":"PropertyValueSpecification","valueRequired":true,"valueName":"search_term_string"}}],"inLanguage":"fr-FR"}]}},"_links":{"self":[{"href":"https:\/\/jiffygroup.com\/fr\/wp-json\/wp\/v2\/pages\/4286","targetHints":{"allow":["GET"]}}],"collection":[{"href":"https:\/\/jiffygroup.com\/fr\/wp-json\/wp\/v2\/pages"}],"about":[{"href":"https:\/\/jiffygroup.com\/fr\/wp-json\/wp\/v2\/types\/page"}],"author":[{"embeddable":true,"href":"https:\/\/jiffygroup.com\/fr\/wp-json\/wp\/v2\/users\/1"}],"replies":[{"embeddable":true,"href":"https:\/\/jiffygroup.com\/fr\/wp-json\/wp\/v2\/comments?post=4286"}],"version-history":[{"count":19,"href":"https:\/\/jiffygroup.com\/fr\/wp-json\/wp\/v2\/pages\/4286\/revisions"}],"predecessor-version":[{"id":4460,"href":"https:\/\/jiffygroup.com\/fr\/wp-json\/wp\/v2\/pages\/4286\/revisions\/4460"}],"wp:featuredmedia":[{"embeddable":true,"href":"https:\/\/jiffygroup.com\/fr\/wp-json\/wp\/v2\/media\/4253"}],"wp:attachment":[{"href":"https:\/\/jiffygroup.com\/fr\/wp-json\/wp\/v2\/media?parent=4286"}],"curies":[{"name":"wp","href":"https:\/\/api.w.org\/{rel}","templated":true}]}}