{"id":34,"date":"2020-03-10T12:12:10","date_gmt":"2020-03-10T12:12:10","guid":{"rendered":"https:\/\/jiffygroup.com\/?page_id=34"},"modified":"2026-04-21T13:06:02","modified_gmt":"2026-04-21T11:06:02","slug":"downloads","status":"publish","type":"page","link":"https:\/\/jiffygroup.com\/fr\/downloads\/","title":{"rendered":"T\u00e9l\u00e9chargements"},"content":{"rendered":"\n<p>T\u00e9l\u00e9chargez les catalogues et brochures Jiffy au format PDF pour obtenir les informations produits les plus r\u00e9centes. D\u00e9couvrez la gamme compl\u00e8te de produits Jiffy et ses solutions de culture durable, disponibles en plusieurs langues.<\/p>\n\n\n\n<hr class=\"wp-block-separator has-alpha-channel-opacity\" \/>\n\n\n\n<div class=\"wp-block-columns is-layout-flex wp-container-core-columns-is-layout-9d6595d7 wp-block-columns-is-layout-flex\">\n<div class=\"wp-block-column is-layout-flow wp-block-column-is-layout-flow\"><div class=\"wp-block-image\">\n<figure class=\"aligncenter size-thumbnail\"><a href=\"https:\/\/www.flipsnack.com\/jiffygroup\/jiffy-produit-catalogue\/full-view.html\" target=\"_blank\" rel=\" noreferrer noopener\"><img loading=\"lazy\" decoding=\"async\" width=\"150\" height=\"150\" src=\"https:\/\/jiffygroup.com\/fr\/wp-content\/uploads\/2025\/09\/Thumb-French-catalogue-150x150.jpg\" alt=\"\" class=\"wp-image-5155\" srcset=\"https:\/\/jiffygroup.com\/fr\/wp-content\/uploads\/2025\/09\/Thumb-French-catalogue-150x150.jpg 150w, https:\/\/jiffygroup.com\/fr\/wp-content\/uploads\/2025\/09\/Thumb-French-catalogue-125x125.jpg 125w\" sizes=\"auto, (max-width: 150px) 100vw, 150px\" \/><\/a><figcaption class=\"wp-element-caption\">Fran\u00e7ais<\/figcaption><\/figure>\n<\/div><\/div>\n\n\n\n<div class=\"wp-block-column is-layout-flow wp-block-column-is-layout-flow\"><div class=\"wp-block-image\">\n<figure class=\"aligncenter size-thumbnail\"><a href=\"https:\/\/www.flipsnack.com\/jiffygroup\/jiffy-portfolio-catalogue-english\/full-view.html\" target=\"_blank\" rel=\" noreferrer noopener\"><img loading=\"lazy\" decoding=\"async\" width=\"150\" height=\"150\" src=\"https:\/\/jiffygroup.com\/fr\/wp-content\/uploads\/2025\/07\/Thumb-English-catalogue-1-150x150.jpg\" alt=\"\" class=\"wp-image-5107\" srcset=\"https:\/\/jiffygroup.com\/fr\/wp-content\/uploads\/2025\/07\/Thumb-English-catalogue-1-150x150.jpg 150w, https:\/\/jiffygroup.com\/fr\/wp-content\/uploads\/2025\/07\/Thumb-English-catalogue-1-125x125.jpg 125w\" sizes=\"auto, (max-width: 150px) 100vw, 150px\" \/><\/a><figcaption class=\"wp-element-caption\">Anglais<\/figcaption><\/figure>\n<\/div><\/div>\n\n\n\n<div class=\"wp-block-column is-layout-flow wp-block-column-is-layout-flow\"><\/div>\n<\/div>\n\n\n\n<hr class=\"wp-block-separator has-alpha-channel-opacity\" \/>\n\n\n\n<div class=\"wp-block-columns is-layout-flex wp-container-core-columns-is-layout-9d6595d7 wp-block-columns-is-layout-flex\">\n<div class=\"wp-block-column is-layout-flow wp-block-column-is-layout-flow\"><div class=\"wp-block-image\">\n<figure class=\"aligncenter size-thumbnail\"><a href=\"https:\/\/www.flipsnack.com\/jiffygroup\/jiffy-growbags\/full-view.html\" target=\"_blank\" rel=\" noreferrer noopener\"><img loading=\"lazy\" decoding=\"async\" width=\"150\" height=\"150\" src=\"https:\/\/jiffygroup.com\/fr\/wp-content\/uploads\/2025\/07\/JIFFY-GROWBAGS-RGB-scaled-150x150.jpg\" alt=\"\" class=\"wp-image-5112\" srcset=\"https:\/\/jiffygroup.com\/fr\/wp-content\/uploads\/2025\/07\/JIFFY-GROWBAGS-RGB-scaled-150x150.jpg 150w, https:\/\/jiffygroup.com\/fr\/wp-content\/uploads\/2025\/07\/JIFFY-GROWBAGS-RGB-scaled-125x125.jpg 125w\" sizes=\"auto, (max-width: 150px) 100vw, 150px\" \/><\/a><\/figure>\n<\/div><\/div>\n\n\n\n<div class=\"wp-block-column is-layout-flow wp-block-column-is-layout-flow\"><div class=\"wp-block-image\">\n<figure class=\"aligncenter size-thumbnail\"><a href=\"https:\/\/www.flipsnack.com\/jiffygroup\/jiffy-growblocks\/full-view.html\" target=\"_blank\" rel=\" noreferrer noopener\"><img loading=\"lazy\" decoding=\"async\" width=\"150\" height=\"150\" src=\"https:\/\/jiffygroup.com\/fr\/wp-content\/uploads\/2025\/07\/JIFFY-GROWBLOCKS-RGB-scaled-150x150.jpg\" alt=\"\" class=\"wp-image-5113\" srcset=\"https:\/\/jiffygroup.com\/fr\/wp-content\/uploads\/2025\/07\/JIFFY-GROWBLOCKS-RGB-scaled-150x150.jpg 150w, https:\/\/jiffygroup.com\/fr\/wp-content\/uploads\/2025\/07\/JIFFY-GROWBLOCKS-RGB-scaled-125x125.jpg 125w\" sizes=\"auto, (max-width: 150px) 100vw, 150px\" \/><\/a><\/figure>\n<\/div><\/div>\n\n\n\n<div class=\"wp-block-column is-layout-flow wp-block-column-is-layout-flow\"><div class=\"wp-block-image\">\n<figure class=\"aligncenter size-thumbnail\"><a href=\"https:\/\/www.flipsnack.com\/jiffygroup\/jiffy-pellets\/full-view.html\" target=\"_blank\" rel=\" noreferrer noopener\"><img loading=\"lazy\" decoding=\"async\" width=\"150\" height=\"150\" src=\"https:\/\/jiffygroup.com\/fr\/wp-content\/uploads\/2025\/07\/JIFFY-PELLET-RGB-scaled-150x150.jpg\" alt=\"\" class=\"wp-image-5114\" srcset=\"https:\/\/jiffygroup.com\/fr\/wp-content\/uploads\/2025\/07\/JIFFY-PELLET-RGB-scaled-150x150.jpg 150w, https:\/\/jiffygroup.com\/fr\/wp-content\/uploads\/2025\/07\/JIFFY-PELLET-RGB-scaled-125x125.jpg 125w\" sizes=\"auto, (max-width: 150px) 100vw, 150px\" \/><\/a><\/figure>\n<\/div><\/div>\n<\/div>\n\n\n\n<hr class=\"wp-block-separator has-alpha-channel-opacity\" \/>\n\n\n\n<div class=\"wp-block-columns is-layout-flex wp-container-core-columns-is-layout-9d6595d7 wp-block-columns-is-layout-flex\">\n<div class=\"wp-block-column is-layout-flow wp-block-column-is-layout-flow\"><div class=\"wp-block-image\">\n<figure class=\"aligncenter size-thumbnail\"><a href=\"https:\/\/www.flipsnack.com\/jiffygroup\/jiffy-pots\/full-view.html\" target=\"_blank\" rel=\" noreferrer noopener\"><img loading=\"lazy\" decoding=\"async\" width=\"150\" height=\"150\" src=\"https:\/\/jiffygroup.com\/fr\/wp-content\/uploads\/2025\/07\/JIFFY-POTS-RGB-scaled-150x150.jpg\" alt=\"\" class=\"wp-image-5115\" srcset=\"https:\/\/jiffygroup.com\/fr\/wp-content\/uploads\/2025\/07\/JIFFY-POTS-RGB-scaled-150x150.jpg 150w, https:\/\/jiffygroup.com\/fr\/wp-content\/uploads\/2025\/07\/JIFFY-POTS-RGB-scaled-125x125.jpg 125w\" sizes=\"auto, (max-width: 150px) 100vw, 150px\" \/><\/a><\/figure>\n<\/div><\/div>\n\n\n\n<div class=\"wp-block-column is-layout-flow wp-block-column-is-layout-flow\"><div class=\"wp-block-image\">\n<figure class=\"aligncenter size-thumbnail\"><a href=\"https:\/\/www.flipsnack.com\/jiffygroup\/jiffy-preforma\/full-view.html\" target=\"_blank\" rel=\" noreferrer noopener\"><img loading=\"lazy\" decoding=\"async\" width=\"150\" height=\"150\" src=\"https:\/\/jiffygroup.com\/fr\/wp-content\/uploads\/2025\/07\/JIFFY-PREFORMA-RBG-scaled-150x150.jpg\" alt=\"\" class=\"wp-image-5117\" srcset=\"https:\/\/jiffygroup.com\/fr\/wp-content\/uploads\/2025\/07\/JIFFY-PREFORMA-RBG-scaled-150x150.jpg 150w, https:\/\/jiffygroup.com\/fr\/wp-content\/uploads\/2025\/07\/JIFFY-PREFORMA-RBG-scaled-125x125.jpg 125w\" sizes=\"auto, (max-width: 150px) 100vw, 150px\" \/><\/a><\/figure>\n<\/div><\/div>\n\n\n\n<div class=\"wp-block-column is-layout-flow wp-block-column-is-layout-flow\"><div class=\"wp-block-image\">\n<figure class=\"aligncenter size-thumbnail\"><a href=\"https:\/\/www.flipsnack.com\/jiffygroup\/jiffy-substrates_french\" target=\"_blank\" rel=\" noreferrer noopener\"><img loading=\"lazy\" decoding=\"async\" width=\"150\" height=\"150\" src=\"https:\/\/jiffygroup.com\/fr\/wp-content\/uploads\/2025\/07\/JIFFY-SUBSTRATES-RGB-scaled-150x150.jpg\" alt=\"\" class=\"wp-image-5118\" srcset=\"https:\/\/jiffygroup.com\/fr\/wp-content\/uploads\/2025\/07\/JIFFY-SUBSTRATES-RGB-scaled-150x150.jpg 150w, https:\/\/jiffygroup.com\/fr\/wp-content\/uploads\/2025\/07\/JIFFY-SUBSTRATES-RGB-scaled-125x125.jpg 125w\" sizes=\"auto, (max-width: 150px) 100vw, 150px\" \/><\/a><\/figure>\n<\/div><\/div>\n<\/div>\n\n\n\n<hr class=\"wp-block-separator has-alpha-channel-opacity\" \/>\n\n\n\n<div class=\"wp-block-columns is-layout-flex wp-container-core-columns-is-layout-9d6595d7 wp-block-columns-is-layout-flex\">\n<div class=\"wp-block-column is-layout-flow wp-block-column-is-layout-flow\"><div class=\"wp-block-image\">\n<figure class=\"aligncenter size-thumbnail\"><a href=\"https:\/\/www.flipsnack.com\/jiffygroup\/jiffy-gel\" target=\"_blank\" rel=\" noreferrer noopener\"><img loading=\"lazy\" decoding=\"async\" width=\"150\" height=\"150\" src=\"https:\/\/jiffygroup.com\/fr\/wp-content\/uploads\/2025\/10\/Jiffy_Gel_Logo-150x150.png\" alt=\"\" class=\"wp-image-5236\" srcset=\"https:\/\/jiffygroup.com\/fr\/wp-content\/uploads\/2025\/10\/Jiffy_Gel_Logo-150x150.png 150w, https:\/\/jiffygroup.com\/fr\/wp-content\/uploads\/2025\/10\/Jiffy_Gel_Logo-125x125.png 125w\" sizes=\"auto, (max-width: 150px) 100vw, 150px\" \/><\/a><\/figure>\n<\/div><\/div>\n\n\n\n<div class=\"wp-block-column is-layout-flow wp-block-column-is-layout-flow\"><\/div>\n\n\n\n<div class=\"wp-block-column is-layout-flow wp-block-column-is-layout-flow\"><\/div>\n<\/div>\n","protected":false},"excerpt":{"rendered":"<p>T\u00e9l\u00e9chargez les catalogues et brochures Jiffy au format PDF pour obtenir les informations produits les plus r\u00e9centes. D\u00e9couvrez la gamme compl\u00e8te de produits Jiffy et ses solutions de culture durable, disponibles en plusieurs langues.<\/p>\n","protected":false},"author":1,"featured_media":0,"parent":0,"menu_order":0,"comment_status":"closed","ping_status":"closed","template":"","meta":{"_acf_changed":false,"editor_notices":[],"footnotes":""},"class_list":["post-34","page","type-page","status-publish","hentry"],"acf":[],"yoast_head":"<!-- This site is optimized with the Yoast SEO Premium plugin v27.2 (Yoast SEO v27.2) - https:\/\/yoast.com\/product\/yoast-seo-premium-wordpress\/ -->\n<title>T\u00e9l\u00e9chargements : D\u00e9couvrez nos ressources | Jiffy Group<\/title>\n<meta name=\"description\" content=\"D\u00e9couvrez les brochures officielles de Jiffy : Catalogues produits, Potagers, Substrats, et plus encore. T\u00e9l\u00e9chargez-les ici.\" \/>\n<meta name=\"robots\" content=\"index, follow, max-snippet:-1, max-image-preview:large, max-video-preview:-1\" \/>\n<link rel=\"canonical\" href=\"https:\/\/jiffygroup.com\/fr\/downloads\/\" \/>\n<meta property=\"og:locale\" content=\"fr_FR\" \/>\n<meta property=\"og:type\" content=\"article\" \/>\n<meta property=\"og:title\" content=\"T\u00e9l\u00e9chargements\" \/>\n<meta property=\"og:description\" content=\"T\u00e9l\u00e9chargez les catalogues et brochures Jiffy au format PDF pour obtenir les informations produits les plus r\u00e9centes. D\u00e9couvrez la gamme compl\u00e8te de\" \/>\n<meta property=\"og:url\" content=\"https:\/\/jiffygroup.com\/fr\/downloads\/\" \/>\n<meta property=\"og:site_name\" content=\"Jiffy Groep FR\" \/>\n<meta property=\"article:modified_time\" content=\"2026-04-21T11:06:02+00:00\" \/>\n<meta property=\"og:image\" content=\"https:\/\/jiffygroup.com\/fr\/wp-content\/uploads\/2025\/09\/Thumb-French-catalogue.jpg\" \/>\n\t<meta property=\"og:image:width\" content=\"645\" \/>\n\t<meta property=\"og:image:height\" content=\"658\" \/>\n\t<meta property=\"og:image:type\" content=\"image\/jpeg\" \/>\n<meta name=\"twitter:card\" content=\"summary_large_image\" \/>\n<meta name=\"twitter:label1\" content=\"Dur\u00e9e de lecture estim\u00e9e\" \/>\n\t<meta name=\"twitter:data1\" content=\"2 minutes\" \/>\n<script type=\"application\/ld+json\" class=\"yoast-schema-graph\">{\"@context\":\"https:\/\/schema.org\",\"@graph\":[{\"@type\":\"WebPage\",\"@id\":\"https:\/\/jiffygroup.com\/fr\/downloads\/\",\"url\":\"https:\/\/jiffygroup.com\/fr\/downloads\/\",\"name\":\"T\u00e9l\u00e9chargements : D\u00e9couvrez nos ressources | Jiffy Group\",\"isPartOf\":{\"@id\":\"https:\/\/jiffygroup.com\/fr\/#website\"},\"primaryImageOfPage\":{\"@id\":\"https:\/\/jiffygroup.com\/fr\/downloads\/#primaryimage\"},\"image\":{\"@id\":\"https:\/\/jiffygroup.com\/fr\/downloads\/#primaryimage\"},\"thumbnailUrl\":\"https:\/\/jiffygroup.com\/fr\/wp-content\/uploads\/2025\/09\/Thumb-French-catalogue-150x150.jpg\",\"datePublished\":\"2020-03-10T12:12:10+00:00\",\"dateModified\":\"2026-04-21T11:06:02+00:00\",\"description\":\"D\u00e9couvrez les brochures officielles de Jiffy : Catalogues produits, Potagers, Substrats, et plus encore. T\u00e9l\u00e9chargez-les ici.\",\"breadcrumb\":{\"@id\":\"https:\/\/jiffygroup.com\/fr\/downloads\/#breadcrumb\"},\"inLanguage\":\"fr-FR\",\"potentialAction\":[{\"@type\":\"ReadAction\",\"target\":[\"https:\/\/jiffygroup.com\/fr\/downloads\/\"]}]},{\"@type\":\"ImageObject\",\"inLanguage\":\"fr-FR\",\"@id\":\"https:\/\/jiffygroup.com\/fr\/downloads\/#primaryimage\",\"url\":\"https:\/\/jiffygroup.com\/fr\/wp-content\/uploads\/2025\/09\/Thumb-French-catalogue.jpg\",\"contentUrl\":\"https:\/\/jiffygroup.com\/fr\/wp-content\/uploads\/2025\/09\/Thumb-French-catalogue.jpg\",\"width\":645,\"height\":658},{\"@type\":\"BreadcrumbList\",\"@id\":\"https:\/\/jiffygroup.com\/fr\/downloads\/#breadcrumb\",\"itemListElement\":[{\"@type\":\"ListItem\",\"position\":1,\"name\":\"Page d'accueil\",\"item\":\"https:\/\/jiffygroup.com\/fr\/\"},{\"@type\":\"ListItem\",\"position\":2,\"name\":\"T\u00e9l\u00e9chargements\"}]},{\"@type\":\"WebSite\",\"@id\":\"https:\/\/jiffygroup.com\/fr\/#website\",\"url\":\"https:\/\/jiffygroup.com\/fr\/\",\"name\":\"Jiffy Groep FR\",\"description\":\"It&#039;s all about the roots\",\"potentialAction\":[{\"@type\":\"SearchAction\",\"target\":{\"@type\":\"EntryPoint\",\"urlTemplate\":\"https:\/\/jiffygroup.com\/fr\/?s={search_term_string}\"},\"query-input\":{\"@type\":\"PropertyValueSpecification\",\"valueRequired\":true,\"valueName\":\"search_term_string\"}}],\"inLanguage\":\"fr-FR\"}]}<\/script>\n<!-- \/ Yoast SEO Premium plugin. -->","yoast_head_json":{"title":"T\u00e9l\u00e9chargements : D\u00e9couvrez nos ressources | Jiffy Group","description":"D\u00e9couvrez les brochures officielles de Jiffy : Catalogues produits, Potagers, Substrats, et plus encore. T\u00e9l\u00e9chargez-les ici.","robots":{"index":"index","follow":"follow","max-snippet":"max-snippet:-1","max-image-preview":"max-image-preview:large","max-video-preview":"max-video-preview:-1"},"canonical":"https:\/\/jiffygroup.com\/fr\/downloads\/","og_locale":"fr_FR","og_type":"article","og_title":"T\u00e9l\u00e9chargements","og_description":"T\u00e9l\u00e9chargez les catalogues et brochures Jiffy au format PDF pour obtenir les informations produits les plus r\u00e9centes. D\u00e9couvrez la gamme compl\u00e8te de","og_url":"https:\/\/jiffygroup.com\/fr\/downloads\/","og_site_name":"Jiffy Groep FR","article_modified_time":"2026-04-21T11:06:02+00:00","og_image":[{"width":645,"height":658,"url":"https:\/\/jiffygroup.com\/fr\/wp-content\/uploads\/2025\/09\/Thumb-French-catalogue.jpg","type":"image\/jpeg"}],"twitter_card":"summary_large_image","twitter_misc":{"Dur\u00e9e de lecture estim\u00e9e":"2 minutes"},"schema":{"@context":"https:\/\/schema.org","@graph":[{"@type":"WebPage","@id":"https:\/\/jiffygroup.com\/fr\/downloads\/","url":"https:\/\/jiffygroup.com\/fr\/downloads\/","name":"T\u00e9l\u00e9chargements : D\u00e9couvrez nos ressources | Jiffy Group","isPartOf":{"@id":"https:\/\/jiffygroup.com\/fr\/#website"},"primaryImageOfPage":{"@id":"https:\/\/jiffygroup.com\/fr\/downloads\/#primaryimage"},"image":{"@id":"https:\/\/jiffygroup.com\/fr\/downloads\/#primaryimage"},"thumbnailUrl":"https:\/\/jiffygroup.com\/fr\/wp-content\/uploads\/2025\/09\/Thumb-French-catalogue-150x150.jpg","datePublished":"2020-03-10T12:12:10+00:00","dateModified":"2026-04-21T11:06:02+00:00","description":"D\u00e9couvrez les brochures officielles de Jiffy : Catalogues produits, Potagers, Substrats, et plus encore. T\u00e9l\u00e9chargez-les ici.","breadcrumb":{"@id":"https:\/\/jiffygroup.com\/fr\/downloads\/#breadcrumb"},"inLanguage":"fr-FR","potentialAction":[{"@type":"ReadAction","target":["https:\/\/jiffygroup.com\/fr\/downloads\/"]}]},{"@type":"ImageObject","inLanguage":"fr-FR","@id":"https:\/\/jiffygroup.com\/fr\/downloads\/#primaryimage","url":"https:\/\/jiffygroup.com\/fr\/wp-content\/uploads\/2025\/09\/Thumb-French-catalogue.jpg","contentUrl":"https:\/\/jiffygroup.com\/fr\/wp-content\/uploads\/2025\/09\/Thumb-French-catalogue.jpg","width":645,"height":658},{"@type":"BreadcrumbList","@id":"https:\/\/jiffygroup.com\/fr\/downloads\/#breadcrumb","itemListElement":[{"@type":"ListItem","position":1,"name":"Page d'accueil","item":"https:\/\/jiffygroup.com\/fr\/"},{"@type":"ListItem","position":2,"name":"T\u00e9l\u00e9chargements"}]},{"@type":"WebSite","@id":"https:\/\/jiffygroup.com\/fr\/#website","url":"https:\/\/jiffygroup.com\/fr\/","name":"Jiffy Groep FR","description":"It&#039;s all about the roots","potentialAction":[{"@type":"SearchAction","target":{"@type":"EntryPoint","urlTemplate":"https:\/\/jiffygroup.com\/fr\/?s={search_term_string}"},"query-input":{"@type":"PropertyValueSpecification","valueRequired":true,"valueName":"search_term_string"}}],"inLanguage":"fr-FR"}]}},"_links":{"self":[{"href":"https:\/\/jiffygroup.com\/fr\/wp-json\/wp\/v2\/pages\/34","targetHints":{"allow":["GET"]}}],"collection":[{"href":"https:\/\/jiffygroup.com\/fr\/wp-json\/wp\/v2\/pages"}],"about":[{"href":"https:\/\/jiffygroup.com\/fr\/wp-json\/wp\/v2\/types\/page"}],"author":[{"embeddable":true,"href":"https:\/\/jiffygroup.com\/fr\/wp-json\/wp\/v2\/users\/1"}],"replies":[{"embeddable":true,"href":"https:\/\/jiffygroup.com\/fr\/wp-json\/wp\/v2\/comments?post=34"}],"version-history":[{"count":30,"href":"https:\/\/jiffygroup.com\/fr\/wp-json\/wp\/v2\/pages\/34\/revisions"}],"predecessor-version":[{"id":5426,"href":"https:\/\/jiffygroup.com\/fr\/wp-json\/wp\/v2\/pages\/34\/revisions\/5426"}],"wp:attachment":[{"href":"https:\/\/jiffygroup.com\/fr\/wp-json\/wp\/v2\/media?parent=34"}],"curies":[{"name":"wp","href":"https:\/\/api.w.org\/{rel}","templated":true}]}}