{"id":3086,"date":"2022-07-04T13:47:14","date_gmt":"2022-07-04T11:47:14","guid":{"rendered":"https:\/\/jiffygroup.com\/fr\/?page_id=3086"},"modified":"2025-12-30T15:23:46","modified_gmt":"2025-12-30T13:23:46","slug":"sustainability","status":"publish","type":"page","link":"https:\/\/jiffygroup.com\/fr\/sustainability\/","title":{"rendered":"D\u00e9veloppement durable"},"content":{"rendered":"\n<h2 class=\"wp-block-heading has-text-color\" id=\"h-vers-un-meilleur-avenir-pour-tous\" style=\"color:#85bc22\">Vers un meilleur avenir pour tous<\/h2>\n\n\n\n<p>Chez Jiffy, nous voulons r\u00e9duire notre impact sur l&rsquo;environnement. Mais avant tout, nous voulons aider nos clients \u00e0 trouver et \u00e0 utiliser<strong> des solutions de culture durables<\/strong> qui prot\u00e8gent les plantes, les personnes, les profits et la plan\u00e8te ! Notre \u00e9quipe charg\u00e9e du d\u00e9veloppement durable, notre \u00e9quipe charg\u00e9e de l&rsquo;innovation, en fait tout le monde dans notre organisation mondiale, travaille dur pour atteindre ces objectifs.<\/p>\n\n\n\n<h2 class=\"wp-block-heading has-text-color\" id=\"h-vaste-gamme-de-solutions-durables-disponibles\" style=\"color:#85bc22\">Vaste gamme de solutions durables disponibles<\/h2>\n\n\n\n<p>Saviez-vous que nous avons commenc\u00e9 \u00e0 proposer notre <a href=\"https:\/\/jiffygroup.com\/fr\/produits\/jiffy-pots\/\" target=\"_blank\" rel=\"noreferrer noopener\">Jiffy Pot<\/a> Original, sans plastique et compostable, dans les ann\u00e9es 1960 ? Test\u00e9 et \u00e9prouv\u00e9, le pot est aujourd&rsquo;hui disponible dans une vaste gamme de tailles. Nombre d&rsquo;entre eux sont sp\u00e9cialement con\u00e7us pour les syst\u00e8mes de semis et de repiquage automatis\u00e9s. Nos solutions durables pour la culture des plantes comprennent \u00e9galement <a href=\"https:\/\/jiffygroup.com\/fr\/solutions\/jiffy-growblocks\/\" target=\"_blank\" rel=\"noreferrer noopener\">growblocks<\/a> and <a href=\"https:\/\/jiffygroup.com\/fr\/solutions\/jiffy-pellets\/\" target=\"_blank\" rel=\"noreferrer noopener\">pellets<\/a> biod\u00e9gradables. Il suffit de rep\u00e9rer l&rsquo;ic\u00f4ne de durabilit\u00e9 sur les pages de nos produits et dans nos brochures.<\/p>\n\n\n\n<h2 class=\"wp-block-heading has-text-color\" id=\"h-repondre-a-vos-besoins-en-matiere-de-developpement-durable\" style=\"color:#85bc22\">R\u00e9pondre \u00e0 vos besoins en mati\u00e8re de d\u00e9veloppement durable<\/h2>\n\n\n\n<p>Mais Jiffy offre bien plus que des produits. Nous sommes toujours heureux de partager notre expertise, de donner des conseils techniques et de r\u00e9pondre \u00e0 vos questions sur le d\u00e9veloppement durable. Sur les supports de culture Jiffy, bien s\u00fbr, mais notre savoir-faire va bien au-del\u00e0. Quels sont les syst\u00e8mes de propagation des plantes les plus durables ? Comment d\u00e9marrer des graines ou des boutures sans plastique fossile ? Quelles sont les alternatives non plastiques pour la p\u00e9pini\u00e8re ? Vous avez une question \u00e0 poser ? N&rsquo;h\u00e9sitez pas \u00e0 nous contacter. Nous travaillerons avec vous pour trouver des solutions qui correspondent \u00e0 vos priorit\u00e9s en mati\u00e8re de d\u00e9veloppement durable.<\/p>\n\n\n\n<p>D\u00e9couvrez le parcours de Jiffy en mati\u00e8re de d\u00e9veloppement durable et ce que nous pouvons faire pour vous aider dans le v\u00f4tre dans <strong>le rapport 2023 sur le d\u00e9veloppement durable du groupe Jiffy<\/strong>. T\u00e9l\u00e9chargez-le <a href=\"https:\/\/jiffygroup.com\/sustainability-report\">ici<\/a>.<\/p>\n\n\n\n<div class=\"wp-block-columns is-layout-flex wp-container-core-columns-is-layout-9d6595d7 wp-block-columns-is-layout-flex\">\n<div class=\"wp-block-column is-layout-flow wp-block-column-is-layout-flow\" style=\"flex-basis:100%\">\n<p>Richard Stevenson<br>Responsable du d\u00e9veloppement durable de Jiffy<\/p>\n<\/div>\n<\/div>\n\n\n\n<p><\/p>\n","protected":false},"excerpt":{"rendered":"<p>Vers un meilleur avenir pour tous Chez Jiffy, nous voulons r\u00e9duire notre impact sur l&rsquo;environnement. Mais avant tout, nous voulons aider nos clients \u00e0 trouver et \u00e0 utiliser des solutions de culture durables qui prot\u00e8gent les plantes, les personnes, les profits et la plan\u00e8te ! Notre \u00e9quipe charg\u00e9e du d\u00e9veloppement durable, notre \u00e9quipe charg\u00e9e de\u2026<\/p>\n","protected":false},"author":1,"featured_media":0,"parent":0,"menu_order":0,"comment_status":"closed","ping_status":"closed","template":"page-templates\/sustainability.php","meta":{"_acf_changed":false,"editor_notices":[],"footnotes":""},"class_list":["post-3086","page","type-page","status-publish","hentry"],"acf":[],"yoast_head":"<!-- This site is optimized with the Yoast SEO Premium plugin v27.2 (Yoast SEO v27.2) - https:\/\/yoast.com\/product\/yoast-seo-premium-wordpress\/ -->\n<title>Durabilit\u00e9 - Solutions durables et responsabilit\u00e9 | Jiffy Group<\/title>\n<meta name=\"description\" content=\"Jiffy : Solutions de culture durables pour les plantes, les personnes et la plan\u00e8te. Pot sans plastique, conseils durabilit\u00e9.\" \/>\n<meta name=\"robots\" content=\"index, follow, max-snippet:-1, max-image-preview:large, max-video-preview:-1\" \/>\n<link rel=\"canonical\" href=\"https:\/\/jiffygroup.com\/fr\/sustainability\/\" \/>\n<meta property=\"og:locale\" content=\"fr_FR\" \/>\n<meta property=\"og:type\" content=\"article\" \/>\n<meta property=\"og:title\" content=\"D\u00e9veloppement durable\" \/>\n<meta property=\"og:description\" content=\"Vers un meilleur avenir pour tous Chez Jiffy, nous voulons r\u00e9duire notre impact sur l&#039;environnement. Mais avant tout, nous voulons aider nos clients \u00e0\" \/>\n<meta property=\"og:url\" content=\"https:\/\/jiffygroup.com\/fr\/sustainability\/\" \/>\n<meta property=\"og:site_name\" content=\"Jiffy Groep FR\" \/>\n<meta property=\"article:modified_time\" content=\"2025-12-30T13:23:46+00:00\" \/>\n<meta name=\"twitter:card\" content=\"summary_large_image\" \/>\n<meta name=\"twitter:label1\" content=\"Dur\u00e9e de lecture estim\u00e9e\" \/>\n\t<meta name=\"twitter:data1\" content=\"2 minutes\" \/>\n<script type=\"application\/ld+json\" class=\"yoast-schema-graph\">{\"@context\":\"https:\/\/schema.org\",\"@graph\":[{\"@type\":\"WebPage\",\"@id\":\"https:\/\/jiffygroup.com\/fr\/sustainability\/\",\"url\":\"https:\/\/jiffygroup.com\/fr\/sustainability\/\",\"name\":\"Durabilit\u00e9 - Solutions durables et responsabilit\u00e9 | Jiffy Group\",\"isPartOf\":{\"@id\":\"https:\/\/jiffygroup.com\/fr\/#website\"},\"datePublished\":\"2022-07-04T11:47:14+00:00\",\"dateModified\":\"2025-12-30T13:23:46+00:00\",\"description\":\"Jiffy : Solutions de culture durables pour les plantes, les personnes et la plan\u00e8te. Pot sans plastique, conseils durabilit\u00e9.\",\"breadcrumb\":{\"@id\":\"https:\/\/jiffygroup.com\/fr\/sustainability\/#breadcrumb\"},\"inLanguage\":\"fr-FR\",\"potentialAction\":[{\"@type\":\"ReadAction\",\"target\":[\"https:\/\/jiffygroup.com\/fr\/sustainability\/\"]}]},{\"@type\":\"BreadcrumbList\",\"@id\":\"https:\/\/jiffygroup.com\/fr\/sustainability\/#breadcrumb\",\"itemListElement\":[{\"@type\":\"ListItem\",\"position\":1,\"name\":\"Page d'accueil\",\"item\":\"https:\/\/jiffygroup.com\/fr\/\"},{\"@type\":\"ListItem\",\"position\":2,\"name\":\"D\u00e9veloppement durable\"}]},{\"@type\":\"WebSite\",\"@id\":\"https:\/\/jiffygroup.com\/fr\/#website\",\"url\":\"https:\/\/jiffygroup.com\/fr\/\",\"name\":\"Jiffy Groep FR\",\"description\":\"It&#039;s all about the roots\",\"potentialAction\":[{\"@type\":\"SearchAction\",\"target\":{\"@type\":\"EntryPoint\",\"urlTemplate\":\"https:\/\/jiffygroup.com\/fr\/?s={search_term_string}\"},\"query-input\":{\"@type\":\"PropertyValueSpecification\",\"valueRequired\":true,\"valueName\":\"search_term_string\"}}],\"inLanguage\":\"fr-FR\"}]}<\/script>\n<!-- \/ Yoast SEO Premium plugin. -->","yoast_head_json":{"title":"Durabilit\u00e9 - Solutions durables et responsabilit\u00e9 | Jiffy Group","description":"Jiffy : Solutions de culture durables pour les plantes, les personnes et la plan\u00e8te. Pot sans plastique, conseils durabilit\u00e9.","robots":{"index":"index","follow":"follow","max-snippet":"max-snippet:-1","max-image-preview":"max-image-preview:large","max-video-preview":"max-video-preview:-1"},"canonical":"https:\/\/jiffygroup.com\/fr\/sustainability\/","og_locale":"fr_FR","og_type":"article","og_title":"D\u00e9veloppement durable","og_description":"Vers un meilleur avenir pour tous Chez Jiffy, nous voulons r\u00e9duire notre impact sur l'environnement. Mais avant tout, nous voulons aider nos clients \u00e0","og_url":"https:\/\/jiffygroup.com\/fr\/sustainability\/","og_site_name":"Jiffy Groep FR","article_modified_time":"2025-12-30T13:23:46+00:00","twitter_card":"summary_large_image","twitter_misc":{"Dur\u00e9e de lecture estim\u00e9e":"2 minutes"},"schema":{"@context":"https:\/\/schema.org","@graph":[{"@type":"WebPage","@id":"https:\/\/jiffygroup.com\/fr\/sustainability\/","url":"https:\/\/jiffygroup.com\/fr\/sustainability\/","name":"Durabilit\u00e9 - Solutions durables et responsabilit\u00e9 | Jiffy Group","isPartOf":{"@id":"https:\/\/jiffygroup.com\/fr\/#website"},"datePublished":"2022-07-04T11:47:14+00:00","dateModified":"2025-12-30T13:23:46+00:00","description":"Jiffy : Solutions de culture durables pour les plantes, les personnes et la plan\u00e8te. Pot sans plastique, conseils durabilit\u00e9.","breadcrumb":{"@id":"https:\/\/jiffygroup.com\/fr\/sustainability\/#breadcrumb"},"inLanguage":"fr-FR","potentialAction":[{"@type":"ReadAction","target":["https:\/\/jiffygroup.com\/fr\/sustainability\/"]}]},{"@type":"BreadcrumbList","@id":"https:\/\/jiffygroup.com\/fr\/sustainability\/#breadcrumb","itemListElement":[{"@type":"ListItem","position":1,"name":"Page d'accueil","item":"https:\/\/jiffygroup.com\/fr\/"},{"@type":"ListItem","position":2,"name":"D\u00e9veloppement durable"}]},{"@type":"WebSite","@id":"https:\/\/jiffygroup.com\/fr\/#website","url":"https:\/\/jiffygroup.com\/fr\/","name":"Jiffy Groep FR","description":"It&#039;s all about the roots","potentialAction":[{"@type":"SearchAction","target":{"@type":"EntryPoint","urlTemplate":"https:\/\/jiffygroup.com\/fr\/?s={search_term_string}"},"query-input":{"@type":"PropertyValueSpecification","valueRequired":true,"valueName":"search_term_string"}}],"inLanguage":"fr-FR"}]}},"_links":{"self":[{"href":"https:\/\/jiffygroup.com\/fr\/wp-json\/wp\/v2\/pages\/3086","targetHints":{"allow":["GET"]}}],"collection":[{"href":"https:\/\/jiffygroup.com\/fr\/wp-json\/wp\/v2\/pages"}],"about":[{"href":"https:\/\/jiffygroup.com\/fr\/wp-json\/wp\/v2\/types\/page"}],"author":[{"embeddable":true,"href":"https:\/\/jiffygroup.com\/fr\/wp-json\/wp\/v2\/users\/1"}],"replies":[{"embeddable":true,"href":"https:\/\/jiffygroup.com\/fr\/wp-json\/wp\/v2\/comments?post=3086"}],"version-history":[{"count":14,"href":"https:\/\/jiffygroup.com\/fr\/wp-json\/wp\/v2\/pages\/3086\/revisions"}],"predecessor-version":[{"id":5301,"href":"https:\/\/jiffygroup.com\/fr\/wp-json\/wp\/v2\/pages\/3086\/revisions\/5301"}],"wp:attachment":[{"href":"https:\/\/jiffygroup.com\/fr\/wp-json\/wp\/v2\/media?parent=3086"}],"curies":[{"name":"wp","href":"https:\/\/api.w.org\/{rel}","templated":true}]}}