{"id":26,"date":"2020-03-10T10:48:16","date_gmt":"2020-03-10T10:48:16","guid":{"rendered":"https:\/\/jiffygroup.com\/?page_id=26"},"modified":"2025-06-23T15:54:40","modified_gmt":"2025-06-23T13:54:40","slug":"terms-and-conditions","status":"publish","type":"page","link":"https:\/\/jiffygroup.com\/fr\/terms-and-conditions\/","title":{"rendered":"Conditions g\u00e9n\u00e9rales"},"content":{"rendered":"\n<p>Sur cette page, vous pouvez t\u00e9l\u00e9charger les conditions g\u00e9n\u00e9rales de vente r\u00e9vis\u00e9es dans diff\u00e9rentes langues. Vous pouvez les t\u00e9l\u00e9charger au format PDF en cliquant sur les liens ci-dessous. Lorsque les conditions de vente sont donn\u00e9es pour un pays sp\u00e9cifique, ces conditions pr\u00e9valent pour ce pays. Pour les pays de l\u2019Espace \u00e9conomique europ\u00e9en, ce sont les conditions g\u00e9n\u00e9rales de l\u2019UE qui s\u2019appliquent. Pour les autres pays\/march\u00e9s, les conditions sont soumises \u00e0 un accord avec la filiale Jiffy concern\u00e9e.<\/p>\n\n\n\n<div class=\"wp-block-file\"><a id=\"wp-block-file--media-3fd79ebe-685f-481e-a2f7-77eb1917996c\" href=\"https:\/\/jiffygroup.com\/wp-content\/uploads\/2020\/09\/General_Terms__Conditions_of_Jiffy_2019.pdf\">General Terms &amp; Conditions (EU)<\/a><a href=\"https:\/\/jiffygroup.com\/wp-content\/uploads\/2020\/09\/General_Terms__Conditions_of_Jiffy_2019.pdf\" class=\"wp-block-file__button wp-element-button\" download aria-describedby=\"wp-block-file--media-3fd79ebe-685f-481e-a2f7-77eb1917996c\">Download<\/a><\/div>\n\n\n\n<div class=\"wp-block-file\"><a href=\"https:\/\/jiffygroup.com\/fr\/wp-content\/uploads\/2021\/10\/Jiffy-Terms-and-Conditions-of-Sale-21.pdf\"> General Terms &amp; Conditions (US)<\/a><a href=\"https:\/\/jiffygroup.com\/fr\/wp-content\/uploads\/2021\/10\/Jiffy-Terms-and-Conditions-of-Sale-21.pdf\" class=\"wp-block-file__button\" download>Download<\/a><\/div>\n\n\n\n<div class=\"wp-block-file\"><a id=\"wp-block-file--media-8916afde-a29a-4fd0-b47d-9909ce63c0e7\" href=\"https:\/\/jiffygroup.com\/wp-content\/uploads\/2020\/09\/Algemene_Voorwaarden_van_Jiffy_2019.pdf\">General Terms &amp; Conditions (Benelux)<\/a><a href=\"https:\/\/jiffygroup.com\/wp-content\/uploads\/2020\/09\/Algemene_Voorwaarden_van_Jiffy_2019.pdf\" class=\"wp-block-file__button wp-element-button\" download aria-describedby=\"wp-block-file--media-8916afde-a29a-4fd0-b47d-9909ce63c0e7\">Download<\/a><\/div>\n\n\n\n<div class=\"wp-block-file\"><a id=\"wp-block-file--media-1181477c-8e31-432e-9b29-c32f417a5a3e\" href=\"https:\/\/jiffygroup.com\/wp-content\/uploads\/2020\/09\/Allgemeine-Verkaufs-und-Lieferbedungen-Jiffy-Products-2019.pdf\">General Terms &amp; Conditions (Germany)<\/a><a href=\"https:\/\/jiffygroup.com\/wp-content\/uploads\/2020\/09\/Allgemeine-Verkaufs-und-Lieferbedungen-Jiffy-Products-2019.pdf\" class=\"wp-block-file__button wp-element-button\" download aria-describedby=\"wp-block-file--media-1181477c-8e31-432e-9b29-c32f417a5a3e\">Download<\/a><\/div>\n\n\n\n<div class=\"wp-block-file\"><a href=\"https:\/\/jiffygroup.com\/fr\/wp-content\/uploads\/2021\/11\/Jiffy-Terms-and-Conditions-of-Sale-21-ESMX.pdf\">General Terms &amp; Conditions (Mexico)<\/a><a href=\"https:\/\/jiffygroup.com\/fr\/wp-content\/uploads\/2021\/11\/Jiffy-Terms-and-Conditions-of-Sale-21-ESMX.pdf\" class=\"wp-block-file__button\" download>Download<\/a><\/div>\n\n\n\n<div class=\"wp-block-file\"><a id=\"wp-block-file--media-312a043f-6991-4a5c-988f-34a6a60dcca1\" href=\"https:\/\/jiffygroup.com\/wp-content\/uploads\/2020\/09\/Condizioni_Generali_di_Jiffy_2019.pdf\">General Terms &amp; Conditions (Italy)<\/a><a href=\"https:\/\/jiffygroup.com\/wp-content\/uploads\/2020\/09\/Condizioni_Generali_di_Jiffy_2019.pdf\" class=\"wp-block-file__button wp-element-button\" download aria-describedby=\"wp-block-file--media-312a043f-6991-4a5c-988f-34a6a60dcca1\">Download<\/a><\/div>\n\n\n\n<div class=\"wp-block-file\"><a id=\"wp-block-file--media-bf6aaf68-f3d2-4a92-9830-72925a71b6c4\" href=\"https:\/\/jiffygroup.com\/fr\/wp-content\/uploads\/2020\/09\/Condiciones_Generales_de_Jiffy_2019.pdf\">General Terms &amp; Conditions (Spain)<\/a><a href=\"https:\/\/jiffygroup.com\/fr\/wp-content\/uploads\/2020\/09\/Condiciones_Generales_de_Jiffy_2019.pdf\" class=\"wp-block-file__button wp-element-button\" download aria-describedby=\"wp-block-file--media-bf6aaf68-f3d2-4a92-9830-72925a71b6c4\">Download<\/a><\/div>\n\n\n\n<div class=\"wp-block-file\"><a id=\"wp-block-file--media-b7f8bd3c-6e97-49e3-a035-981a88a6685a\" href=\"https:\/\/jiffygroup.com\/wp-content\/uploads\/2020\/09\/Conditions_Generales_de_Jiffy_2019.pdf\">General Terms &amp; Conditions (France)<\/a><a href=\"https:\/\/jiffygroup.com\/wp-content\/uploads\/2020\/09\/Conditions_Generales_de_Jiffy_2019.pdf\" class=\"wp-block-file__button wp-element-button\" download aria-describedby=\"wp-block-file--media-b7f8bd3c-6e97-49e3-a035-981a88a6685a\">Download<\/a><\/div>\n\n\n\n<div class=\"wp-block-file\"><a id=\"wp-block-file--media-05673047-4696-4d2c-b896-9bb367327b8f\" href=\"https:\/\/jiffygroup.com\/wp-content\/uploads\/2020\/09\/Handelsbetingelser_for_Jiffy_2019.pdf\">General Terms &amp; Conditions (Denmark)<\/a><a href=\"https:\/\/jiffygroup.com\/wp-content\/uploads\/2020\/09\/Handelsbetingelser_for_Jiffy_2019.pdf\" class=\"wp-block-file__button wp-element-button\" download aria-describedby=\"wp-block-file--media-05673047-4696-4d2c-b896-9bb367327b8f\">Download<\/a><\/div>\n\n\n\n<div class=\"wp-block-file\"><a id=\"wp-block-file--media-7aab63d0-91e0-46e4-afe2-14ac65746aa7\" href=\"https:\/\/jiffygroup.com\/wp-content\/uploads\/2020\/09\/\u041e\u0411\u0429\u0418\u0415_\u0423\u0421\u041b\u041e\u0412\u0418\u042f_\u041a\u041e\u041c\u041f\u0410\u041d\u0418\u0418_Jiffy_2019.pdf\">General Term &amp; Conditions (Russia)<\/a><a href=\"https:\/\/jiffygroup.com\/wp-content\/uploads\/2020\/09\/\u041e\u0411\u0429\u0418\u0415_\u0423\u0421\u041b\u041e\u0412\u0418\u042f_\u041a\u041e\u041c\u041f\u0410\u041d\u0418\u0418_Jiffy_2019.pdf\" class=\"wp-block-file__button wp-element-button\" download aria-describedby=\"wp-block-file--media-7aab63d0-91e0-46e4-afe2-14ac65746aa7\">Download<\/a><\/div>\n\n\n\n<div class=\"wp-block-file\"><a id=\"wp-block-file--media-7ffeb102-ed19-4c9c-9d5d-950ddb5d27ba\" href=\"https:\/\/jiffygroup.com\/wp-content\/uploads\/2020\/09\/General_Terms__Conditions_of_Jiffy_2019.pdf\">General Terms &amp; Conditions (UK)<\/a><a href=\"https:\/\/jiffygroup.com\/wp-content\/uploads\/2020\/09\/General_Terms__Conditions_of_Jiffy_2019.pdf\" class=\"wp-block-file__button wp-element-button\" download aria-describedby=\"wp-block-file--media-7ffeb102-ed19-4c9c-9d5d-950ddb5d27ba\">Download<\/a><\/div>\n\n\n\n<div class=\"wp-block-file\"><a href=\"https:\/\/jiffygroup.com\/fr\/wp-content\/uploads\/2021\/11\/Jiffy-Terms-and-Conditions-of-Sale-21_CAFR-1.pdf\">General Terms &amp; Conditions (Canada)<\/a><a href=\"https:\/\/jiffygroup.com\/fr\/wp-content\/uploads\/2021\/11\/Jiffy-Terms-and-Conditions-of-Sale-21_CAFR-1.pdf\" class=\"wp-block-file__button\" download>Download<\/a><\/div>\n","protected":false},"excerpt":{"rendered":"<p>Sur cette page, vous pouvez t\u00e9l\u00e9charger les conditions g\u00e9n\u00e9rales de vente r\u00e9vis\u00e9es dans diff\u00e9rentes langues. Vous pouvez les t\u00e9l\u00e9charger au format PDF en cliquant sur les liens ci-dessous. Lorsque les conditions de vente sont donn\u00e9es pour un pays sp\u00e9cifique, ces conditions pr\u00e9valent pour ce pays. Pour les pays de l\u2019Espace \u00e9conomique europ\u00e9en, ce sont les\u2026<\/p>\n","protected":false},"author":1,"featured_media":0,"parent":0,"menu_order":0,"comment_status":"closed","ping_status":"closed","template":"","meta":{"_acf_changed":false,"editor_notices":[],"footnotes":""},"class_list":["post-26","page","type-page","status-publish","hentry"],"acf":[],"yoast_head":"<!-- This site is optimized with the Yoast SEO Premium plugin v27.2 (Yoast SEO v27.2) - https:\/\/yoast.com\/product\/yoast-seo-premium-wordpress\/ -->\n<title>Conditions g\u00e9n\u00e9rales de vente | Jiffy Group<\/title>\n<meta name=\"description\" content=\"T\u00e9l\u00e9chargez les conditions g\u00e9n\u00e9rales de vente r\u00e9vis\u00e9es dans plusieurs langues au format PDF.\" \/>\n<meta name=\"robots\" content=\"index, follow, max-snippet:-1, max-image-preview:large, max-video-preview:-1\" \/>\n<link rel=\"canonical\" href=\"https:\/\/jiffygroup.com\/fr\/terms-and-conditions\/\" \/>\n<meta property=\"og:locale\" content=\"fr_FR\" \/>\n<meta property=\"og:type\" content=\"article\" \/>\n<meta property=\"og:title\" content=\"Conditions g\u00e9n\u00e9rales\" \/>\n<meta property=\"og:description\" content=\"Sur cette page, vous pouvez t\u00e9l\u00e9charger les conditions g\u00e9n\u00e9rales de vente r\u00e9vis\u00e9es dans diff\u00e9rentes langues. Vous pouvez les t\u00e9l\u00e9charger au format PDF en\" \/>\n<meta property=\"og:url\" content=\"https:\/\/jiffygroup.com\/fr\/terms-and-conditions\/\" \/>\n<meta property=\"og:site_name\" content=\"Jiffy Groep FR\" \/>\n<meta property=\"article:modified_time\" content=\"2025-06-23T13:54:40+00:00\" \/>\n<meta name=\"twitter:card\" content=\"summary_large_image\" \/>\n<meta name=\"twitter:label1\" content=\"Dur\u00e9e de lecture estim\u00e9e\" \/>\n\t<meta name=\"twitter:data1\" content=\"1 minute\" \/>\n<script type=\"application\/ld+json\" class=\"yoast-schema-graph\">{\"@context\":\"https:\/\/schema.org\",\"@graph\":[{\"@type\":\"WebPage\",\"@id\":\"https:\/\/jiffygroup.com\/fr\/terms-and-conditions\/\",\"url\":\"https:\/\/jiffygroup.com\/fr\/terms-and-conditions\/\",\"name\":\"Conditions g\u00e9n\u00e9rales de vente | Jiffy Group\",\"isPartOf\":{\"@id\":\"https:\/\/jiffygroup.com\/fr\/#website\"},\"datePublished\":\"2020-03-10T10:48:16+00:00\",\"dateModified\":\"2025-06-23T13:54:40+00:00\",\"description\":\"T\u00e9l\u00e9chargez les conditions g\u00e9n\u00e9rales de vente r\u00e9vis\u00e9es dans plusieurs langues au format PDF.\",\"breadcrumb\":{\"@id\":\"https:\/\/jiffygroup.com\/fr\/terms-and-conditions\/#breadcrumb\"},\"inLanguage\":\"fr-FR\",\"potentialAction\":[{\"@type\":\"ReadAction\",\"target\":[\"https:\/\/jiffygroup.com\/fr\/terms-and-conditions\/\"]}]},{\"@type\":\"BreadcrumbList\",\"@id\":\"https:\/\/jiffygroup.com\/fr\/terms-and-conditions\/#breadcrumb\",\"itemListElement\":[{\"@type\":\"ListItem\",\"position\":1,\"name\":\"Page d'accueil\",\"item\":\"https:\/\/jiffygroup.com\/fr\/\"},{\"@type\":\"ListItem\",\"position\":2,\"name\":\"Conditions g\u00e9n\u00e9rales\"}]},{\"@type\":\"WebSite\",\"@id\":\"https:\/\/jiffygroup.com\/fr\/#website\",\"url\":\"https:\/\/jiffygroup.com\/fr\/\",\"name\":\"Jiffy Groep FR\",\"description\":\"It&#039;s all about the roots\",\"potentialAction\":[{\"@type\":\"SearchAction\",\"target\":{\"@type\":\"EntryPoint\",\"urlTemplate\":\"https:\/\/jiffygroup.com\/fr\/?s={search_term_string}\"},\"query-input\":{\"@type\":\"PropertyValueSpecification\",\"valueRequired\":true,\"valueName\":\"search_term_string\"}}],\"inLanguage\":\"fr-FR\"}]}<\/script>\n<!-- \/ Yoast SEO Premium plugin. -->","yoast_head_json":{"title":"Conditions g\u00e9n\u00e9rales de vente | Jiffy Group","description":"T\u00e9l\u00e9chargez les conditions g\u00e9n\u00e9rales de vente r\u00e9vis\u00e9es dans plusieurs langues au format PDF.","robots":{"index":"index","follow":"follow","max-snippet":"max-snippet:-1","max-image-preview":"max-image-preview:large","max-video-preview":"max-video-preview:-1"},"canonical":"https:\/\/jiffygroup.com\/fr\/terms-and-conditions\/","og_locale":"fr_FR","og_type":"article","og_title":"Conditions g\u00e9n\u00e9rales","og_description":"Sur cette page, vous pouvez t\u00e9l\u00e9charger les conditions g\u00e9n\u00e9rales de vente r\u00e9vis\u00e9es dans diff\u00e9rentes langues. Vous pouvez les t\u00e9l\u00e9charger au format PDF en","og_url":"https:\/\/jiffygroup.com\/fr\/terms-and-conditions\/","og_site_name":"Jiffy Groep FR","article_modified_time":"2025-06-23T13:54:40+00:00","twitter_card":"summary_large_image","twitter_misc":{"Dur\u00e9e de lecture estim\u00e9e":"1 minute"},"schema":{"@context":"https:\/\/schema.org","@graph":[{"@type":"WebPage","@id":"https:\/\/jiffygroup.com\/fr\/terms-and-conditions\/","url":"https:\/\/jiffygroup.com\/fr\/terms-and-conditions\/","name":"Conditions g\u00e9n\u00e9rales de vente | Jiffy Group","isPartOf":{"@id":"https:\/\/jiffygroup.com\/fr\/#website"},"datePublished":"2020-03-10T10:48:16+00:00","dateModified":"2025-06-23T13:54:40+00:00","description":"T\u00e9l\u00e9chargez les conditions g\u00e9n\u00e9rales de vente r\u00e9vis\u00e9es dans plusieurs langues au format PDF.","breadcrumb":{"@id":"https:\/\/jiffygroup.com\/fr\/terms-and-conditions\/#breadcrumb"},"inLanguage":"fr-FR","potentialAction":[{"@type":"ReadAction","target":["https:\/\/jiffygroup.com\/fr\/terms-and-conditions\/"]}]},{"@type":"BreadcrumbList","@id":"https:\/\/jiffygroup.com\/fr\/terms-and-conditions\/#breadcrumb","itemListElement":[{"@type":"ListItem","position":1,"name":"Page d'accueil","item":"https:\/\/jiffygroup.com\/fr\/"},{"@type":"ListItem","position":2,"name":"Conditions g\u00e9n\u00e9rales"}]},{"@type":"WebSite","@id":"https:\/\/jiffygroup.com\/fr\/#website","url":"https:\/\/jiffygroup.com\/fr\/","name":"Jiffy Groep FR","description":"It&#039;s all about the roots","potentialAction":[{"@type":"SearchAction","target":{"@type":"EntryPoint","urlTemplate":"https:\/\/jiffygroup.com\/fr\/?s={search_term_string}"},"query-input":{"@type":"PropertyValueSpecification","valueRequired":true,"valueName":"search_term_string"}}],"inLanguage":"fr-FR"}]}},"_links":{"self":[{"href":"https:\/\/jiffygroup.com\/fr\/wp-json\/wp\/v2\/pages\/26","targetHints":{"allow":["GET"]}}],"collection":[{"href":"https:\/\/jiffygroup.com\/fr\/wp-json\/wp\/v2\/pages"}],"about":[{"href":"https:\/\/jiffygroup.com\/fr\/wp-json\/wp\/v2\/types\/page"}],"author":[{"embeddable":true,"href":"https:\/\/jiffygroup.com\/fr\/wp-json\/wp\/v2\/users\/1"}],"replies":[{"embeddable":true,"href":"https:\/\/jiffygroup.com\/fr\/wp-json\/wp\/v2\/comments?post=26"}],"version-history":[{"count":13,"href":"https:\/\/jiffygroup.com\/fr\/wp-json\/wp\/v2\/pages\/26\/revisions"}],"predecessor-version":[{"id":5059,"href":"https:\/\/jiffygroup.com\/fr\/wp-json\/wp\/v2\/pages\/26\/revisions\/5059"}],"wp:attachment":[{"href":"https:\/\/jiffygroup.com\/fr\/wp-json\/wp\/v2\/media?parent=26"}],"curies":[{"name":"wp","href":"https:\/\/api.w.org\/{rel}","templated":true}]}}