{"id":1432,"date":"2020-09-29T11:02:48","date_gmt":"2020-09-29T11:02:48","guid":{"rendered":"https:\/\/jiffygroup.com\/?page_id=1432"},"modified":"2020-09-29T11:06:00","modified_gmt":"2020-09-29T11:06:00","slug":"languages","status":"publish","type":"page","link":"https:\/\/jiffygroup.com\/fr\/languages\/","title":{"rendered":"Languages"},"content":{"rendered":"\n<p>Hello, we are working hard to make this site available in different languages. Please be patient and enjoy this English version for now.<\/p>\n\n\n\n<p>Hallo, we doen ons best om deze website in het Nederlands te vertalen. Tot die tijd vragen we u om uw geduld en gebruik te maken van deze Engelse versie.<\/p>\n\n\n\n<p>Bonjour, nous travaillons dur pour rendre ce site disponible dans diff\u00e9rentes langues.&nbsp;Soyez patient et profitez de cette version anglaise pour le moment.<\/p>\n\n\n\n<p>Hallo, wir arbeiten hart daran, diese Seite in verschiedenen Sprachen verf\u00fcgbar zu machen. Bitte haben Sie etwas Geduld und genie\u00dfen Sie diese englische Version vorerst.<\/p>\n\n\n\n<p>Hola, estamos trabajando arduamente para que este sitio est\u00e9 disponible en diferentes idiomas.&nbsp;Tenga paciencia y disfrute de esta versi\u00f3n en ingl\u00e9s por ahora.<\/p>\n","protected":false},"excerpt":{"rendered":"<p>Hello, we are working hard to make this site available in different languages. Please be patient and enjoy this English version for now. Hallo, we doen ons best om deze website in het Nederlands te vertalen. Tot die tijd vragen we u om uw geduld en gebruik te maken van deze Engelse versie. Bonjour, nous\u2026<\/p>\n","protected":false},"author":1,"featured_media":0,"parent":0,"menu_order":0,"comment_status":"closed","ping_status":"closed","template":"","meta":{"_acf_changed":false,"editor_notices":[],"footnotes":""},"class_list":["post-1432","page","type-page","status-publish","hentry"],"acf":[],"yoast_head":"<!-- This site is optimized with the Yoast SEO Premium plugin v27.2 (Yoast SEO v27.2) - https:\/\/yoast.com\/product\/yoast-seo-premium-wordpress\/ -->\n<title>Jiffy Group -<\/title>\n<meta name=\"robots\" content=\"index, follow, max-snippet:-1, max-image-preview:large, max-video-preview:-1\" \/>\n<link rel=\"canonical\" href=\"https:\/\/jiffygroup.com\/fr\/languages\/\" \/>\n<meta property=\"og:locale\" content=\"fr_FR\" \/>\n<meta property=\"og:type\" content=\"article\" \/>\n<meta property=\"og:title\" content=\"Languages\" \/>\n<meta property=\"og:description\" content=\"Hello, we are working hard to make this site available in different languages. Please be patient and enjoy this English version for now. Hallo, we doen\" \/>\n<meta property=\"og:url\" content=\"https:\/\/jiffygroup.com\/fr\/languages\/\" \/>\n<meta property=\"og:site_name\" content=\"Jiffy Groep FR\" \/>\n<meta property=\"article:modified_time\" content=\"2020-09-29T11:06:00+00:00\" \/>\n<meta name=\"twitter:card\" content=\"summary_large_image\" \/>\n<meta name=\"twitter:label1\" content=\"Dur\u00e9e de lecture estim\u00e9e\" \/>\n\t<meta name=\"twitter:data1\" content=\"1 minute\" \/>\n<script type=\"application\/ld+json\" class=\"yoast-schema-graph\">{\"@context\":\"https:\/\/schema.org\",\"@graph\":[{\"@type\":\"WebPage\",\"@id\":\"https:\/\/jiffygroup.com\/fr\/languages\/\",\"url\":\"https:\/\/jiffygroup.com\/fr\/languages\/\",\"name\":\"Jiffy Group -\",\"isPartOf\":{\"@id\":\"https:\/\/jiffygroup.com\/fr\/#website\"},\"datePublished\":\"2020-09-29T11:02:48+00:00\",\"dateModified\":\"2020-09-29T11:06:00+00:00\",\"breadcrumb\":{\"@id\":\"https:\/\/jiffygroup.com\/fr\/languages\/#breadcrumb\"},\"inLanguage\":\"fr-FR\",\"potentialAction\":[{\"@type\":\"ReadAction\",\"target\":[\"https:\/\/jiffygroup.com\/fr\/languages\/\"]}]},{\"@type\":\"BreadcrumbList\",\"@id\":\"https:\/\/jiffygroup.com\/fr\/languages\/#breadcrumb\",\"itemListElement\":[{\"@type\":\"ListItem\",\"position\":1,\"name\":\"Page d'accueil\",\"item\":\"https:\/\/jiffygroup.com\/fr\/\"},{\"@type\":\"ListItem\",\"position\":2,\"name\":\"Languages\"}]},{\"@type\":\"WebSite\",\"@id\":\"https:\/\/jiffygroup.com\/fr\/#website\",\"url\":\"https:\/\/jiffygroup.com\/fr\/\",\"name\":\"Jiffy Groep FR\",\"description\":\"It&#039;s all about the roots\",\"potentialAction\":[{\"@type\":\"SearchAction\",\"target\":{\"@type\":\"EntryPoint\",\"urlTemplate\":\"https:\/\/jiffygroup.com\/fr\/?s={search_term_string}\"},\"query-input\":{\"@type\":\"PropertyValueSpecification\",\"valueRequired\":true,\"valueName\":\"search_term_string\"}}],\"inLanguage\":\"fr-FR\"}]}<\/script>\n<!-- \/ Yoast SEO Premium plugin. -->","yoast_head_json":{"title":"Jiffy Group -","robots":{"index":"index","follow":"follow","max-snippet":"max-snippet:-1","max-image-preview":"max-image-preview:large","max-video-preview":"max-video-preview:-1"},"canonical":"https:\/\/jiffygroup.com\/fr\/languages\/","og_locale":"fr_FR","og_type":"article","og_title":"Languages","og_description":"Hello, we are working hard to make this site available in different languages. Please be patient and enjoy this English version for now. Hallo, we doen","og_url":"https:\/\/jiffygroup.com\/fr\/languages\/","og_site_name":"Jiffy Groep FR","article_modified_time":"2020-09-29T11:06:00+00:00","twitter_card":"summary_large_image","twitter_misc":{"Dur\u00e9e de lecture estim\u00e9e":"1 minute"},"schema":{"@context":"https:\/\/schema.org","@graph":[{"@type":"WebPage","@id":"https:\/\/jiffygroup.com\/fr\/languages\/","url":"https:\/\/jiffygroup.com\/fr\/languages\/","name":"Jiffy Group -","isPartOf":{"@id":"https:\/\/jiffygroup.com\/fr\/#website"},"datePublished":"2020-09-29T11:02:48+00:00","dateModified":"2020-09-29T11:06:00+00:00","breadcrumb":{"@id":"https:\/\/jiffygroup.com\/fr\/languages\/#breadcrumb"},"inLanguage":"fr-FR","potentialAction":[{"@type":"ReadAction","target":["https:\/\/jiffygroup.com\/fr\/languages\/"]}]},{"@type":"BreadcrumbList","@id":"https:\/\/jiffygroup.com\/fr\/languages\/#breadcrumb","itemListElement":[{"@type":"ListItem","position":1,"name":"Page d'accueil","item":"https:\/\/jiffygroup.com\/fr\/"},{"@type":"ListItem","position":2,"name":"Languages"}]},{"@type":"WebSite","@id":"https:\/\/jiffygroup.com\/fr\/#website","url":"https:\/\/jiffygroup.com\/fr\/","name":"Jiffy Groep FR","description":"It&#039;s all about the roots","potentialAction":[{"@type":"SearchAction","target":{"@type":"EntryPoint","urlTemplate":"https:\/\/jiffygroup.com\/fr\/?s={search_term_string}"},"query-input":{"@type":"PropertyValueSpecification","valueRequired":true,"valueName":"search_term_string"}}],"inLanguage":"fr-FR"}]}},"_links":{"self":[{"href":"https:\/\/jiffygroup.com\/fr\/wp-json\/wp\/v2\/pages\/1432","targetHints":{"allow":["GET"]}}],"collection":[{"href":"https:\/\/jiffygroup.com\/fr\/wp-json\/wp\/v2\/pages"}],"about":[{"href":"https:\/\/jiffygroup.com\/fr\/wp-json\/wp\/v2\/types\/page"}],"author":[{"embeddable":true,"href":"https:\/\/jiffygroup.com\/fr\/wp-json\/wp\/v2\/users\/1"}],"replies":[{"embeddable":true,"href":"https:\/\/jiffygroup.com\/fr\/wp-json\/wp\/v2\/comments?post=1432"}],"version-history":[{"count":4,"href":"https:\/\/jiffygroup.com\/fr\/wp-json\/wp\/v2\/pages\/1432\/revisions"}],"predecessor-version":[{"id":1436,"href":"https:\/\/jiffygroup.com\/fr\/wp-json\/wp\/v2\/pages\/1432\/revisions\/1436"}],"wp:attachment":[{"href":"https:\/\/jiffygroup.com\/fr\/wp-json\/wp\/v2\/media?parent=1432"}],"curies":[{"name":"wp","href":"https:\/\/api.w.org\/{rel}","templated":true}]}}