{"id":4202,"date":"2024-05-06T09:59:21","date_gmt":"2024-05-06T07:59:21","guid":{"rendered":"https:\/\/jiffygroup.com\/es\/?page_id=4202"},"modified":"2024-05-06T09:59:22","modified_gmt":"2024-05-06T07:59:22","slug":"la-maceta-sin-turba-de-jiffy","status":"publish","type":"page","link":"https:\/\/jiffygroup.com\/es\/la-maceta-sin-turba-de-jiffy\/","title":{"rendered":"Jiffy Pot sin turba"},"content":{"rendered":"\n<h3 class=\"wp-block-heading\" id=\"h-el-rendimiento-se-une-a-la-sostenibilidad\"><strong>El rendimiento se une a la sostenibilidad<\/strong><\/h3>\n\n\n\n<p>Descubra nuestra \u00faltima innovaci\u00f3n en cultivo sostenible: la maceta con musgo de turbera sin turba de Jiffy. Ofreciendo una alternativa ecol\u00f3gica tanto a la turba como al pl\u00e1stico, esta nueva incorporaci\u00f3n a la gama sin turba de <a href=\"https:\/\/jiffygroup.com\/es\/productos\/jiffy-pots\/\">Jiffy Pot<\/a> promete un rendimiento excepcional de las plantas y al mismo tiempo prioriza la responsabilidad ambiental.<\/p>\n\n\n\n<h3 class=\"wp-block-heading\" id=\"h-logre-excelentes-resultados\"><strong>Logre excelentes resultados<\/strong><\/h3>\n\n\n\n<p>Nuestras Jiffy Pots con musgo de turbera <a href=\"https:\/\/jiffygroup.com\/es\/?page_id=4076&amp;preview=true&amp;_thumbnail_id=4040\">sin turba<\/a> est\u00e1n dise\u00f1adas para la producci\u00f3n de cultivos tanto en interiores como en exteriores, brindando resultados sobresalientes en una amplia gama de plantas. Con un flujo de aire y un drenaje superiores, fomentan el desarrollo robusto de las ra\u00edces en plantas j\u00f3venes, \u00e1rboles, hierbas, hortalizas, frutos rojos e incluso uvas para vino.<\/p>\n\n\n\n<h3 class=\"wp-block-heading\" id=\"h-robusto-y-ecologico\"><strong>Robusto y ecol\u00f3gico<\/strong><\/h3>\n\n\n\n<p>Nuestras \u00faltimas ollas, desarrolladas en nuestro vanguardista Centro de Innovaci\u00f3n en los Pa\u00edses Bajos, ofrecen una resistencia y durabilidad impresionantes sin dejar de ser carbon-lite. Elaborados con materiales renovables de origen vegetal procedentes de la regi\u00f3n n\u00f3rdica, se fabrican en nuestras instalaciones con certificaci\u00f3n de seguridad alimentaria, lo que garantiza calidad y sostenibilidad.<\/p>\n\n\n\n<h3 class=\"wp-block-heading\" id=\"h-por-que-elegir-macetas-jiffy-de-sphagnum-sin-turba\"><strong>\u00bfPor qu\u00e9 elegir macetas Jiffy de sphagnum sin turba?<\/strong><\/h3>\n\n\n\n<ul class=\"wp-block-list\">\n<li>Contenedores flexibles, robustos y eficientes<\/li>\n\n\n\n<li>Menores emisiones de CO2 en comparaci\u00f3n con alternativas basadas en turba<\/li>\n\n\n\n<li>El trasplante en maceta reduce el trabajo y minimiza el shock del trasplante<\/li>\n\n\n\n<li>Una diferencia comercializable con respecto a los competidores sin fibra: convi\u00e9rtase en el socio de referencia de sus clientes para cultivos respetuosos con el planeta.<\/li>\n<\/ul>\n\n\n\n<div class=\"wp-block-buttons is-layout-flex wp-block-buttons-is-layout-flex\">\n<div class=\"wp-block-button\"><a class=\"wp-block-button__link wp-element-button\" href=\"https:\/\/jiffygroup.com\/es\/wp-content\/uploads\/2024\/04\/JIFFY-LEAFLET-A4-SPHAGNUM-MOSS-POT-ES-ONLINE.pdf\">Descargar folleto<\/a><\/div>\n<\/div>\n","protected":false},"excerpt":{"rendered":"<p>El rendimiento se une a la sostenibilidad Descubra nuestra \u00faltima innovaci\u00f3n en cultivo sostenible: la maceta con musgo de turbera sin turba de Jiffy. Ofreciendo una alternativa ecol\u00f3gica tanto a la turba como al pl\u00e1stico, esta nueva incorporaci\u00f3n a la gama sin turba de Jiffy Pot promete un rendimiento excepcional de las plantas y al&hellip;<\/p>\n","protected":false},"author":2,"featured_media":0,"parent":0,"menu_order":0,"comment_status":"closed","ping_status":"closed","template":"page-templates\/sea-lp.php","meta":{"_acf_changed":false,"editor_notices":[],"footnotes":""},"class_list":["post-4202","page","type-page","status-publish","hentry"],"acf":[],"yoast_head":"<!-- This site is optimized with the Yoast SEO Premium plugin v27.2 (Yoast SEO v27.2) - https:\/\/yoast.com\/product\/yoast-seo-premium-wordpress\/ -->\n<title>Jiffy Pot sin turba | Jiffy Group<\/title>\n<meta name=\"description\" content=\"Descubra nuestra \u00faltima innovaci\u00f3n en cultivo sostenible: la maceta de musgo turbera sin turba de Jiffy. Una alternativa ecol\u00f3gica a la turba y al pl\u00e1stico.\" \/>\n<meta name=\"robots\" content=\"index, follow, max-snippet:-1, max-image-preview:large, max-video-preview:-1\" \/>\n<link rel=\"canonical\" href=\"https:\/\/jiffygroup.com\/es\/la-maceta-sin-turba-de-jiffy\/\" \/>\n<meta property=\"og:locale\" content=\"es_ES\" \/>\n<meta property=\"og:type\" content=\"article\" \/>\n<meta property=\"og:title\" content=\"Jiffy Pot sin turba\" \/>\n<meta property=\"og:description\" content=\"El rendimiento se une a la sostenibilidad Descubra nuestra \u00faltima innovaci\u00f3n en cultivo sostenible: la maceta con musgo de turbera sin turba de Jiffy.\" \/>\n<meta property=\"og:url\" content=\"https:\/\/jiffygroup.com\/es\/la-maceta-sin-turba-de-jiffy\/\" \/>\n<meta property=\"og:site_name\" content=\"Jiffy Group ES\" \/>\n<meta property=\"article:modified_time\" content=\"2024-05-06T07:59:22+00:00\" \/>\n<meta name=\"twitter:card\" content=\"summary_large_image\" \/>\n<meta name=\"twitter:label1\" content=\"Tiempo de lectura\" \/>\n\t<meta name=\"twitter:data1\" content=\"2 minutos\" \/>\n<script type=\"application\/ld+json\" class=\"yoast-schema-graph\">{\"@context\":\"https:\/\/schema.org\",\"@graph\":[{\"@type\":\"WebPage\",\"@id\":\"https:\/\/jiffygroup.com\/es\/la-maceta-sin-turba-de-jiffy\/\",\"url\":\"https:\/\/jiffygroup.com\/es\/la-maceta-sin-turba-de-jiffy\/\",\"name\":\"Jiffy Pot sin turba | Jiffy Group\",\"isPartOf\":{\"@id\":\"https:\/\/jiffygroup.com\/es\/#website\"},\"datePublished\":\"2024-05-06T07:59:21+00:00\",\"dateModified\":\"2024-05-06T07:59:22+00:00\",\"description\":\"Descubra nuestra \u00faltima innovaci\u00f3n en cultivo sostenible: la maceta de musgo turbera sin turba de Jiffy. Una alternativa ecol\u00f3gica a la turba y al pl\u00e1stico.\",\"breadcrumb\":{\"@id\":\"https:\/\/jiffygroup.com\/es\/la-maceta-sin-turba-de-jiffy\/#breadcrumb\"},\"inLanguage\":\"es\",\"potentialAction\":[{\"@type\":\"ReadAction\",\"target\":[\"https:\/\/jiffygroup.com\/es\/la-maceta-sin-turba-de-jiffy\/\"]}]},{\"@type\":\"BreadcrumbList\",\"@id\":\"https:\/\/jiffygroup.com\/es\/la-maceta-sin-turba-de-jiffy\/#breadcrumb\",\"itemListElement\":[{\"@type\":\"ListItem\",\"position\":1,\"name\":\"Inicio\",\"item\":\"https:\/\/jiffygroup.com\/es\/\"},{\"@type\":\"ListItem\",\"position\":2,\"name\":\"Jiffy Pot sin turba\"}]},{\"@type\":\"WebSite\",\"@id\":\"https:\/\/jiffygroup.com\/es\/#website\",\"url\":\"https:\/\/jiffygroup.com\/es\/\",\"name\":\"Jiffy Group ES\",\"description\":\"It&#039;s all about the roots\",\"potentialAction\":[{\"@type\":\"SearchAction\",\"target\":{\"@type\":\"EntryPoint\",\"urlTemplate\":\"https:\/\/jiffygroup.com\/es\/?s={search_term_string}\"},\"query-input\":{\"@type\":\"PropertyValueSpecification\",\"valueRequired\":true,\"valueName\":\"search_term_string\"}}],\"inLanguage\":\"es\"}]}<\/script>\n<!-- \/ Yoast SEO Premium plugin. -->","yoast_head_json":{"title":"Jiffy Pot sin turba | Jiffy Group","description":"Descubra nuestra \u00faltima innovaci\u00f3n en cultivo sostenible: la maceta de musgo turbera sin turba de Jiffy. Una alternativa ecol\u00f3gica a la turba y al pl\u00e1stico.","robots":{"index":"index","follow":"follow","max-snippet":"max-snippet:-1","max-image-preview":"max-image-preview:large","max-video-preview":"max-video-preview:-1"},"canonical":"https:\/\/jiffygroup.com\/es\/la-maceta-sin-turba-de-jiffy\/","og_locale":"es_ES","og_type":"article","og_title":"Jiffy Pot sin turba","og_description":"El rendimiento se une a la sostenibilidad Descubra nuestra \u00faltima innovaci\u00f3n en cultivo sostenible: la maceta con musgo de turbera sin turba de Jiffy.","og_url":"https:\/\/jiffygroup.com\/es\/la-maceta-sin-turba-de-jiffy\/","og_site_name":"Jiffy Group ES","article_modified_time":"2024-05-06T07:59:22+00:00","twitter_card":"summary_large_image","twitter_misc":{"Tiempo de lectura":"2 minutos"},"schema":{"@context":"https:\/\/schema.org","@graph":[{"@type":"WebPage","@id":"https:\/\/jiffygroup.com\/es\/la-maceta-sin-turba-de-jiffy\/","url":"https:\/\/jiffygroup.com\/es\/la-maceta-sin-turba-de-jiffy\/","name":"Jiffy Pot sin turba | Jiffy Group","isPartOf":{"@id":"https:\/\/jiffygroup.com\/es\/#website"},"datePublished":"2024-05-06T07:59:21+00:00","dateModified":"2024-05-06T07:59:22+00:00","description":"Descubra nuestra \u00faltima innovaci\u00f3n en cultivo sostenible: la maceta de musgo turbera sin turba de Jiffy. Una alternativa ecol\u00f3gica a la turba y al pl\u00e1stico.","breadcrumb":{"@id":"https:\/\/jiffygroup.com\/es\/la-maceta-sin-turba-de-jiffy\/#breadcrumb"},"inLanguage":"es","potentialAction":[{"@type":"ReadAction","target":["https:\/\/jiffygroup.com\/es\/la-maceta-sin-turba-de-jiffy\/"]}]},{"@type":"BreadcrumbList","@id":"https:\/\/jiffygroup.com\/es\/la-maceta-sin-turba-de-jiffy\/#breadcrumb","itemListElement":[{"@type":"ListItem","position":1,"name":"Inicio","item":"https:\/\/jiffygroup.com\/es\/"},{"@type":"ListItem","position":2,"name":"Jiffy Pot sin turba"}]},{"@type":"WebSite","@id":"https:\/\/jiffygroup.com\/es\/#website","url":"https:\/\/jiffygroup.com\/es\/","name":"Jiffy Group ES","description":"It&#039;s all about the roots","potentialAction":[{"@type":"SearchAction","target":{"@type":"EntryPoint","urlTemplate":"https:\/\/jiffygroup.com\/es\/?s={search_term_string}"},"query-input":{"@type":"PropertyValueSpecification","valueRequired":true,"valueName":"search_term_string"}}],"inLanguage":"es"}]}},"_links":{"self":[{"href":"https:\/\/jiffygroup.com\/es\/wp-json\/wp\/v2\/pages\/4202","targetHints":{"allow":["GET"]}}],"collection":[{"href":"https:\/\/jiffygroup.com\/es\/wp-json\/wp\/v2\/pages"}],"about":[{"href":"https:\/\/jiffygroup.com\/es\/wp-json\/wp\/v2\/types\/page"}],"author":[{"embeddable":true,"href":"https:\/\/jiffygroup.com\/es\/wp-json\/wp\/v2\/users\/2"}],"replies":[{"embeddable":true,"href":"https:\/\/jiffygroup.com\/es\/wp-json\/wp\/v2\/comments?post=4202"}],"version-history":[{"count":24,"href":"https:\/\/jiffygroup.com\/es\/wp-json\/wp\/v2\/pages\/4202\/revisions"}],"predecessor-version":[{"id":4271,"href":"https:\/\/jiffygroup.com\/es\/wp-json\/wp\/v2\/pages\/4202\/revisions\/4271"}],"wp:attachment":[{"href":"https:\/\/jiffygroup.com\/es\/wp-json\/wp\/v2\/media?parent=4202"}],"curies":[{"name":"wp","href":"https:\/\/api.w.org\/{rel}","templated":true}]}}