{"id":26,"date":"2020-03-10T10:48:16","date_gmt":"2020-03-10T10:48:16","guid":{"rendered":"https:\/\/jiffygroup.com\/?page_id=26"},"modified":"2025-06-23T15:52:39","modified_gmt":"2025-06-23T13:52:39","slug":"terms-and-conditions","status":"publish","type":"page","link":"https:\/\/jiffygroup.com\/es\/terms-and-conditions\/","title":{"rendered":"T\u00e9rminos y condiciones"},"content":{"rendered":"\n<p>En esta p\u00e1gina puede descargar las Condiciones Generales de Venta revisadas en diferentes idiomas. Puede descargarlas como documentos PDF haciendo clic en los siguientes enlaces. Cuando las condiciones de venta se dan para un pa\u00eds espec\u00edfico, dichas condiciones prevalecen para ese pa\u00eds. Para los pa\u00edses del Espacio Econ\u00f3mico Europeo se aplican las condiciones generales de la UE. Para otros pa\u00edses\/mercados, las condiciones est\u00e1n sujetas a un acuerdo con la correspondiente filial de Jiffy.<\/p>\n\n\n\n<div class=\"wp-block-file\"><a id=\"wp-block-file--media-ee9e93ee-0a51-49af-a8aa-dfd8ec8d3b4f\" href=\"https:\/\/jiffygroup.com\/wp-content\/uploads\/2020\/09\/General_Terms__Conditions_of_Jiffy_2019.pdf\">General Terms &amp; Conditions (EU)<\/a><a href=\"https:\/\/jiffygroup.com\/wp-content\/uploads\/2020\/09\/General_Terms__Conditions_of_Jiffy_2019.pdf\" class=\"wp-block-file__button wp-element-button\" download aria-describedby=\"wp-block-file--media-ee9e93ee-0a51-49af-a8aa-dfd8ec8d3b4f\">Download<\/a><\/div>\n\n\n\n<div class=\"wp-block-file\"><a id=\"wp-block-file--media-ee9e93ee-0a51-49af-a8aa-dfd8ec8d3b4f\" href=\"https:\/\/jiffygroup.com\/es\/wp-content\/uploads\/2023\/06\/JPA-Terms-and-Conditions-2023.pdf\">General Terms &amp; Conditions (US)<\/a><a href=\"https:\/\/jiffygroup.com\/es\/wp-content\/uploads\/2023\/06\/JPA-Terms-and-Conditions-2023.pdf\" class=\"wp-block-file__button wp-element-button\" download aria-describedby=\"wp-block-file--media-ee9e93ee-0a51-49af-a8aa-dfd8ec8d3b4f\">Download<\/a><\/div>\n\n\n\n<div class=\"wp-block-file\"><a id=\"wp-block-file--media-7279f47a-2738-4677-b89a-3506aa4dff42\" href=\"https:\/\/jiffygroup.com\/wp-content\/uploads\/2020\/09\/Algemene_Voorwaarden_van_Jiffy_2019.pdf\">General Terms &amp; Conditions (Benelux)<\/a><a href=\"https:\/\/jiffygroup.com\/wp-content\/uploads\/2020\/09\/Algemene_Voorwaarden_van_Jiffy_2019.pdf\" class=\"wp-block-file__button wp-element-button\" download aria-describedby=\"wp-block-file--media-7279f47a-2738-4677-b89a-3506aa4dff42\">Download<\/a><\/div>\n\n\n\n<div class=\"wp-block-file\"><a id=\"wp-block-file--media-bcb2b7f7-3820-4376-bfdb-2620cf01bbf9\" href=\"https:\/\/jiffygroup.com\/wp-content\/uploads\/2020\/09\/Allgemeine-Verkaufs-und-Lieferbedungen-Jiffy-Products-2019.pdf\">General Terms &amp; Conditions (Germany)<\/a><a href=\"https:\/\/jiffygroup.com\/wp-content\/uploads\/2020\/09\/Allgemeine-Verkaufs-und-Lieferbedungen-Jiffy-Products-2019.pdf\" class=\"wp-block-file__button wp-element-button\" download aria-describedby=\"wp-block-file--media-bcb2b7f7-3820-4376-bfdb-2620cf01bbf9\">Download<\/a><\/div>\n\n\n\n<div class=\"wp-block-file\"><a href=\"https:\/\/jiffygroup.com\/es\/wp-content\/uploads\/2021\/11\/Jiffy-Terms-and-Conditions-of-Sale-21-ESMX.pdf\">General Terms &amp; Conditions (Mexico)<\/a><a href=\"https:\/\/jiffygroup.com\/es\/wp-content\/uploads\/2021\/11\/Jiffy-Terms-and-Conditions-of-Sale-21-ESMX.pdf\" class=\"wp-block-file__button\" download>Download<\/a><\/div>\n\n\n\n<div class=\"wp-block-file\"><a id=\"wp-block-file--media-3829811a-a4aa-40d3-aea9-00d321384950\" href=\"https:\/\/jiffygroup.com\/wp-content\/uploads\/2020\/09\/Condizioni_Generali_di_Jiffy_2019.pdf\">General Terms &amp; Conditions (Italy)<\/a><a href=\"https:\/\/jiffygroup.com\/wp-content\/uploads\/2020\/09\/Condizioni_Generali_di_Jiffy_2019.pdf\" class=\"wp-block-file__button wp-element-button\" download aria-describedby=\"wp-block-file--media-3829811a-a4aa-40d3-aea9-00d321384950\">Download<\/a><\/div>\n\n\n\n<div class=\"wp-block-file\"><a id=\"wp-block-file--media-ad561ba5-55ea-49d1-9b66-8d340d3182be\" href=\"https:\/\/jiffygroup.com\/es\/wp-content\/uploads\/2020\/09\/Condiciones_Generales_de_Jiffy_2019.pdf\">General Terms &amp; Conditions (Spain)<\/a><a href=\"https:\/\/jiffygroup.com\/es\/wp-content\/uploads\/2020\/09\/Condiciones_Generales_de_Jiffy_2019.pdf\" class=\"wp-block-file__button wp-element-button\" download aria-describedby=\"wp-block-file--media-ad561ba5-55ea-49d1-9b66-8d340d3182be\">Download<\/a><\/div>\n\n\n\n<div class=\"wp-block-file\"><a id=\"wp-block-file--media-336a41cf-caaf-4550-852e-62cab6195c8e\" href=\"https:\/\/jiffygroup.com\/wp-content\/uploads\/2020\/09\/Conditions_Generales_de_Jiffy_2019.pdf\">General Terms &amp; Conditions (France)<\/a><a href=\"https:\/\/jiffygroup.com\/wp-content\/uploads\/2020\/09\/Conditions_Generales_de_Jiffy_2019.pdf\" class=\"wp-block-file__button wp-element-button\" download aria-describedby=\"wp-block-file--media-336a41cf-caaf-4550-852e-62cab6195c8e\">Download<\/a><\/div>\n\n\n\n<div class=\"wp-block-file\"><a id=\"wp-block-file--media-742165b6-4cea-403c-b2cc-2b015009377f\" href=\"https:\/\/jiffygroup.com\/wp-content\/uploads\/2020\/09\/Handelsbetingelser_for_Jiffy_2019.pdf\">General Terms &amp; Conditions (Denmark)<\/a><a href=\"https:\/\/jiffygroup.com\/wp-content\/uploads\/2020\/09\/Handelsbetingelser_for_Jiffy_2019.pdf\" class=\"wp-block-file__button wp-element-button\" download aria-describedby=\"wp-block-file--media-742165b6-4cea-403c-b2cc-2b015009377f\">Download<\/a><\/div>\n\n\n\n<div class=\"wp-block-file\"><a id=\"wp-block-file--media-7c27d25a-b5f4-4984-85eb-001097966a42\" href=\"https:\/\/jiffygroup.com\/wp-content\/uploads\/2020\/09\/\u041e\u0411\u0429\u0418\u0415_\u0423\u0421\u041b\u041e\u0412\u0418\u042f_\u041a\u041e\u041c\u041f\u0410\u041d\u0418\u0418_Jiffy_2019.pdf\">General Term &amp; Conditions (Russia)<\/a><a href=\"https:\/\/jiffygroup.com\/wp-content\/uploads\/2020\/09\/\u041e\u0411\u0429\u0418\u0415_\u0423\u0421\u041b\u041e\u0412\u0418\u042f_\u041a\u041e\u041c\u041f\u0410\u041d\u0418\u0418_Jiffy_2019.pdf\" class=\"wp-block-file__button wp-element-button\" download aria-describedby=\"wp-block-file--media-7c27d25a-b5f4-4984-85eb-001097966a42\">Download<\/a><\/div>\n\n\n\n<div class=\"wp-block-file\"><a id=\"wp-block-file--media-2d5c70b2-f8fd-4c12-a54a-562cc879c96c\" href=\"https:\/\/jiffygroup.com\/wp-content\/uploads\/2020\/09\/General_Terms__Conditions_of_Jiffy_2019.pdf\">General Terms &amp; Conditions (UK)<\/a><a href=\"https:\/\/jiffygroup.com\/wp-content\/uploads\/2020\/09\/General_Terms__Conditions_of_Jiffy_2019.pdf\" class=\"wp-block-file__button wp-element-button\" download aria-describedby=\"wp-block-file--media-2d5c70b2-f8fd-4c12-a54a-562cc879c96c\">Download<\/a><\/div>\n\n\n\n<div class=\"wp-block-file\"><a href=\"https:\/\/jiffygroup.com\/es\/wp-content\/uploads\/2021\/11\/Jiffy-Terms-and-Conditions-of-Sale-21_CAFR-1.pdf\">General Terms &amp; Conditions (Canada)<\/a><a href=\"https:\/\/jiffygroup.com\/es\/wp-content\/uploads\/2021\/11\/Jiffy-Terms-and-Conditions-of-Sale-21_CAFR-1.pdf\" class=\"wp-block-file__button\" download>Download<\/a><\/div>\n","protected":false},"excerpt":{"rendered":"<p>En esta p\u00e1gina puede descargar las Condiciones Generales de Venta revisadas en diferentes idiomas. Puede descargarlas como documentos PDF haciendo clic en los siguientes enlaces. Cuando las condiciones de venta se dan para un pa\u00eds espec\u00edfico, dichas condiciones prevalecen para ese pa\u00eds. Para los pa\u00edses del Espacio Econ\u00f3mico Europeo se aplican las condiciones generales de&hellip;<\/p>\n","protected":false},"author":1,"featured_media":0,"parent":0,"menu_order":0,"comment_status":"closed","ping_status":"closed","template":"","meta":{"_acf_changed":false,"editor_notices":[],"footnotes":""},"class_list":["post-26","page","type-page","status-publish","hentry"],"acf":[],"yoast_head":"<!-- This site is optimized with the Yoast SEO Premium plugin v27.2 (Yoast SEO v27.2) - https:\/\/yoast.com\/product\/yoast-seo-premium-wordpress\/ -->\n<title>Condiciones generales | Jiffy Group<\/title>\n<meta name=\"description\" content=\"Descargue nuestras Condiciones Generales de Venta en varios idiomas y pa\u00edses. T\u00e9rminos espec\u00edficos para cada pa\u00eds disponibles.\" \/>\n<meta name=\"robots\" content=\"index, follow, max-snippet:-1, max-image-preview:large, max-video-preview:-1\" \/>\n<link rel=\"canonical\" href=\"https:\/\/jiffygroup.com\/es\/terms-and-conditions\/\" \/>\n<meta property=\"og:locale\" content=\"es_ES\" \/>\n<meta property=\"og:type\" content=\"article\" \/>\n<meta property=\"og:title\" content=\"T\u00e9rminos y condiciones\" \/>\n<meta property=\"og:description\" content=\"En esta p\u00e1gina puede descargar las Condiciones Generales de Venta revisadas en diferentes idiomas. Puede descargarlas como documentos PDF haciendo clic en\" \/>\n<meta property=\"og:url\" content=\"https:\/\/jiffygroup.com\/es\/terms-and-conditions\/\" \/>\n<meta property=\"og:site_name\" content=\"Jiffy Group ES\" \/>\n<meta property=\"article:modified_time\" content=\"2025-06-23T13:52:39+00:00\" \/>\n<meta name=\"twitter:card\" content=\"summary_large_image\" \/>\n<meta name=\"twitter:label1\" content=\"Tiempo de lectura\" \/>\n\t<meta name=\"twitter:data1\" content=\"1 minuto\" \/>\n<script type=\"application\/ld+json\" class=\"yoast-schema-graph\">{\"@context\":\"https:\/\/schema.org\",\"@graph\":[{\"@type\":\"WebPage\",\"@id\":\"https:\/\/jiffygroup.com\/es\/terms-and-conditions\/\",\"url\":\"https:\/\/jiffygroup.com\/es\/terms-and-conditions\/\",\"name\":\"Condiciones generales | Jiffy Group\",\"isPartOf\":{\"@id\":\"https:\/\/jiffygroup.com\/es\/#website\"},\"datePublished\":\"2020-03-10T10:48:16+00:00\",\"dateModified\":\"2025-06-23T13:52:39+00:00\",\"description\":\"Descargue nuestras Condiciones Generales de Venta en varios idiomas y pa\u00edses. T\u00e9rminos espec\u00edficos para cada pa\u00eds disponibles.\",\"breadcrumb\":{\"@id\":\"https:\/\/jiffygroup.com\/es\/terms-and-conditions\/#breadcrumb\"},\"inLanguage\":\"es\",\"potentialAction\":[{\"@type\":\"ReadAction\",\"target\":[\"https:\/\/jiffygroup.com\/es\/terms-and-conditions\/\"]}]},{\"@type\":\"BreadcrumbList\",\"@id\":\"https:\/\/jiffygroup.com\/es\/terms-and-conditions\/#breadcrumb\",\"itemListElement\":[{\"@type\":\"ListItem\",\"position\":1,\"name\":\"Inicio\",\"item\":\"https:\/\/jiffygroup.com\/es\/\"},{\"@type\":\"ListItem\",\"position\":2,\"name\":\"T\u00e9rminos y condiciones\"}]},{\"@type\":\"WebSite\",\"@id\":\"https:\/\/jiffygroup.com\/es\/#website\",\"url\":\"https:\/\/jiffygroup.com\/es\/\",\"name\":\"Jiffy Group ES\",\"description\":\"It&#039;s all about the roots\",\"potentialAction\":[{\"@type\":\"SearchAction\",\"target\":{\"@type\":\"EntryPoint\",\"urlTemplate\":\"https:\/\/jiffygroup.com\/es\/?s={search_term_string}\"},\"query-input\":{\"@type\":\"PropertyValueSpecification\",\"valueRequired\":true,\"valueName\":\"search_term_string\"}}],\"inLanguage\":\"es\"}]}<\/script>\n<!-- \/ Yoast SEO Premium plugin. -->","yoast_head_json":{"title":"Condiciones generales | Jiffy Group","description":"Descargue nuestras Condiciones Generales de Venta en varios idiomas y pa\u00edses. T\u00e9rminos espec\u00edficos para cada pa\u00eds disponibles.","robots":{"index":"index","follow":"follow","max-snippet":"max-snippet:-1","max-image-preview":"max-image-preview:large","max-video-preview":"max-video-preview:-1"},"canonical":"https:\/\/jiffygroup.com\/es\/terms-and-conditions\/","og_locale":"es_ES","og_type":"article","og_title":"T\u00e9rminos y condiciones","og_description":"En esta p\u00e1gina puede descargar las Condiciones Generales de Venta revisadas en diferentes idiomas. Puede descargarlas como documentos PDF haciendo clic en","og_url":"https:\/\/jiffygroup.com\/es\/terms-and-conditions\/","og_site_name":"Jiffy Group ES","article_modified_time":"2025-06-23T13:52:39+00:00","twitter_card":"summary_large_image","twitter_misc":{"Tiempo de lectura":"1 minuto"},"schema":{"@context":"https:\/\/schema.org","@graph":[{"@type":"WebPage","@id":"https:\/\/jiffygroup.com\/es\/terms-and-conditions\/","url":"https:\/\/jiffygroup.com\/es\/terms-and-conditions\/","name":"Condiciones generales | Jiffy Group","isPartOf":{"@id":"https:\/\/jiffygroup.com\/es\/#website"},"datePublished":"2020-03-10T10:48:16+00:00","dateModified":"2025-06-23T13:52:39+00:00","description":"Descargue nuestras Condiciones Generales de Venta en varios idiomas y pa\u00edses. T\u00e9rminos espec\u00edficos para cada pa\u00eds disponibles.","breadcrumb":{"@id":"https:\/\/jiffygroup.com\/es\/terms-and-conditions\/#breadcrumb"},"inLanguage":"es","potentialAction":[{"@type":"ReadAction","target":["https:\/\/jiffygroup.com\/es\/terms-and-conditions\/"]}]},{"@type":"BreadcrumbList","@id":"https:\/\/jiffygroup.com\/es\/terms-and-conditions\/#breadcrumb","itemListElement":[{"@type":"ListItem","position":1,"name":"Inicio","item":"https:\/\/jiffygroup.com\/es\/"},{"@type":"ListItem","position":2,"name":"T\u00e9rminos y condiciones"}]},{"@type":"WebSite","@id":"https:\/\/jiffygroup.com\/es\/#website","url":"https:\/\/jiffygroup.com\/es\/","name":"Jiffy Group ES","description":"It&#039;s all about the roots","potentialAction":[{"@type":"SearchAction","target":{"@type":"EntryPoint","urlTemplate":"https:\/\/jiffygroup.com\/es\/?s={search_term_string}"},"query-input":{"@type":"PropertyValueSpecification","valueRequired":true,"valueName":"search_term_string"}}],"inLanguage":"es"}]}},"_links":{"self":[{"href":"https:\/\/jiffygroup.com\/es\/wp-json\/wp\/v2\/pages\/26","targetHints":{"allow":["GET"]}}],"collection":[{"href":"https:\/\/jiffygroup.com\/es\/wp-json\/wp\/v2\/pages"}],"about":[{"href":"https:\/\/jiffygroup.com\/es\/wp-json\/wp\/v2\/types\/page"}],"author":[{"embeddable":true,"href":"https:\/\/jiffygroup.com\/es\/wp-json\/wp\/v2\/users\/1"}],"replies":[{"embeddable":true,"href":"https:\/\/jiffygroup.com\/es\/wp-json\/wp\/v2\/comments?post=26"}],"version-history":[{"count":13,"href":"https:\/\/jiffygroup.com\/es\/wp-json\/wp\/v2\/pages\/26\/revisions"}],"predecessor-version":[{"id":4940,"href":"https:\/\/jiffygroup.com\/es\/wp-json\/wp\/v2\/pages\/26\/revisions\/4940"}],"wp:attachment":[{"href":"https:\/\/jiffygroup.com\/es\/wp-json\/wp\/v2\/media?parent=26"}],"curies":[{"name":"wp","href":"https:\/\/api.w.org\/{rel}","templated":true}]}}