{"id":22,"date":"2020-03-10T10:47:41","date_gmt":"2020-03-10T10:47:41","guid":{"rendered":"https:\/\/jiffygroup.com\/?page_id=22"},"modified":"2023-10-02T13:59:08","modified_gmt":"2023-10-02T11:59:08","slug":"privacy","status":"publish","type":"page","link":"https:\/\/jiffygroup.com\/es\/privacy\/","title":{"rendered":"Privacidad"},"content":{"rendered":"\n<h2 class=\"wp-block-heading\" id=\"h-cookies-y-como-te-benefician\">Cookies y c\u00f3mo te benefician<\/h2>\n\n\n\n<p>Nuestro sitio web utiliza cookies, como casi todos los sitios web, para ayudar a proporcionarle la mejor experiencia posible. Las cookies son peque\u00f1os archivos de texto que se instalan en su ordenador o tel\u00e9fono m\u00f3vil cuando navega por los sitios web<\/p>\n\n\n\n<p>Nuestras cookies nos ayudan a:<\/p>\n\n\n\n<ul class=\"wp-block-list\">\n<li>Hacer que nuestra p\u00e1gina web funcione como se espera<\/li>\n\n\n\n<li>Recordar su configuraci\u00f3n durante y entre las visitas<\/li>\n\n\n\n<li>Mejorar la velocidad\/seguridad del sitio<\/li>\n\n\n\n<li>Mejorar continuamente nuestro sitio web para usted<\/li>\n\n\n\n<li>Hacer que nuestro marketing sea m\u00e1s eficiente (en \u00faltima instancia, nos ayuda a ofrecer el servicio que hacemos al precio que hacemos)<\/li>\n<\/ul>\n\n\n\n<p>No usamos cookies para:<\/p>\n\n\n\n<ul class=\"wp-block-list\">\n<li>Recopilar informaci\u00f3n personal identificable (sin su permiso expreso)<\/li>\n\n\n\n<li>Recopilar cualquier tipo informaci\u00f3n sensible (sin su permiso expreso)<\/li>\n\n\n\n<li>Pasar datos a las redes de publicidad<\/li>\n\n\n\n<li>Traspasar datos de identificaci\u00f3n personal a terceros<\/li>\n\n\n\n<li>Pagar comisiones de venta<\/li>\n<\/ul>\n\n\n\n<p>M\u00e1s abajo, puede recabar m\u00e1s informaci\u00f3n sobre todas las cookies que usamos<\/p>\n\n\n\n<h2 class=\"wp-block-heading\" id=\"h-denos-autorizacion-para-usar-cookies\">Denos autorizaci\u00f3n para usar cookies<\/h2>\n\n\n\n<p>Si la configuraci\u00f3n del software que utiliza para ver este sitio web (su navegador) est\u00e1 configurada para aceptar cookies, consideramos que esto y el uso continuado de nuestro sitio web, implica que est\u00e1 de acuerdo con ello. Si desea eliminar las cookies de nuestro sitio web, puede ver c\u00f3mo hacerlo a continuaci\u00f3n, sin embargo, si lo hace es probable que nuestro sitio no funcione como usted espera.<\/p>\n\n\n\n<h2 class=\"wp-block-heading\" id=\"h-mas-informacion-sobre-nuestras-cookies\">M\u00e1s informaci\u00f3n sobre nuestras cookies<\/h2>\n\n\n\n<h3 class=\"wp-block-heading\" id=\"h-cookies-para-la-funcion-del-sitio-web\">Cookies para la funci\u00f3n del sitio web<\/h3>\n\n\n\n<h3 class=\"wp-block-heading\" id=\"h-nuestras-propias-cookies\">Nuestras propias cookies<\/h3>\n\n\n\n<p>Utilizamos cookies para hacer que nuestro sitio web funcione, lo que incluye:<\/p>\n\n\n\n<ul class=\"wp-block-list\">\n<li>Recordar sus configuraciones de b\u00fasqueda<\/li>\n\n\n\n<li>Recordar sus preferencias como colores, contraste, etc.<\/li>\n<\/ul>\n\n\n\n<p>No hay manera de evitar que estas cookies se instalen, salvo no usar nuestro sitio.<\/p>\n\n\n\n<h3 class=\"wp-block-heading\" id=\"h-cookies-de-estadisticas-de-visitantes-anonimas\">Cookies de estad\u00edsticas de visitantes an\u00f3nimas<\/h3>\n\n\n\n<p>Utilizamos las cookies para recopilar estad\u00edsticas de visitantes, como por ejemplo, cu\u00e1ntas personas han visitado nuestro sitio web, qu\u00e9 tipo de tecnolog\u00eda utilizan (por ejemplo, Mac o Windows, lo que ayuda a identificar cuando nuestro sitio no funciona como deber\u00eda para determinadas tecnolog\u00edas), cu\u00e1nto tiempo pasan en el sitio, qu\u00e9 p\u00e1gina miran, etc. Esto nos ayuda a mejorar continuamente nuestro sitio web. Estos programas llamados \u00abanal\u00edticos\u00bb nos indican tambi\u00e9n si alguien accedi\u00f3 a este sitio en forma an\u00f3nima, cu\u00e1ntas personas han accedido al sitio (por ejemplo, desde un motor de b\u00fasqueda) y si han estado aqu\u00ed con anterioridad, lo que nos ayuda a invertir m\u00e1s dinero en el desarrollo de nuestros servicios para usted en lugar de gastar en marketing.<\/p>\n\n\n\n<h3 class=\"wp-block-heading\" id=\"h-desactivar-las-cookies\">Desactivar las cookies<\/h3>\n\n\n\n<p>Por lo general, puede desactivar las cookies ajustando la configuraci\u00f3n de su navegador para que no acepte cookies (vea <a href=\"http:\/\/www.attacat.co.uk\/resources\/cookies\/how-to-ban\">aqu\u00ed<\/a> c\u00f3mo hacerlo). Sin embargo, si lo hace limitar\u00e1 probablemente la funcionalidad de nuestro sitios web y de un gran n\u00famero de sitios web del mundo, ya que las cookies son un componente est\u00e1ndar de la mayor\u00eda de los sitios web modernos.<\/p>\n\n\n\n<p>Puede ser que su preocupaci\u00f3n por las cookies se relacione con el llamado \u00abspyware\u00bb. En lugar de desactivar las cookies en su navegador, es posible que el software antispyware logre el mismo objetivo eliminando autom\u00e1ticamente las cookies consideradas invasivas. M\u00e1s informaci\u00f3n sobre <a href=\"http:\/\/www.attacat.co.uk\/resources\/cookies\/how-to-control-your-online-privacy\">la administraci\u00f3n de cookies con software antispyware.<\/a><\/p>\n\n\n\n<p><\/p>\n\n\n\n<p class=\"has-medium-font-size\"><strong>Pol\u00edtica de Privacidad de Jiffy Group<\/strong><\/p>\n\n\n\n<p><strong>1.&nbsp;&nbsp;&nbsp;&nbsp;&nbsp;&nbsp;&nbsp;&nbsp;&nbsp;&nbsp;&nbsp; \u00bfQU\u00c9 Y A QUI\u00c9N CUBRE ESTA POL\u00cdTICA DE PRIVACIDAD?<\/strong><\/p>\n\n\n\n<p>Jiffy Group (la Empresa) es el organismo controlador del tratamiento de los datos personales que recogemos de usted y sobre usted por medio del sitio web y sus servicios, y a los cu\u00e1les damos el tratamiento de conformidad con los t\u00e9rminos de la presente pol\u00edtica de privacidad.<\/p>\n\n\n\n<p>Esta pol\u00edtica de privacidad y nuestra pol\u00edtica de cookies se aplican a todos nuestros usuarios, incluyendo tambi\u00e9n a aquellos que utilizan nuestro sitio web o servicios sin registrarse o iniciar sesi\u00f3n.<\/p>\n\n\n\n<p><strong>2.&nbsp;&nbsp;&nbsp;&nbsp;&nbsp;&nbsp;&nbsp;&nbsp;&nbsp;&nbsp;&nbsp; \u00bfQU\u00c9 TIPO DE DATOS PERSONALES RECOGEMOS SOBRE USTED?<\/strong><\/p>\n\n\n\n<p>Jiffy Group recoge (1) los datos que usted ha compartido de forma voluntaria con nosotros, (2) datos de actividades recogidos durante el acceso e interacci\u00f3n con nuestro sitio web o servicios, y (3) otra informaci\u00f3n.&nbsp; De forma m\u00e1s espec\u00edfica, la Empresa recoge los siguientes datos de y sobre usted:<\/p>\n\n\n\n<p>1.&nbsp;&nbsp;&nbsp;&nbsp;&nbsp;&nbsp;&nbsp;&nbsp;&nbsp;&nbsp;&nbsp; Datos de registro: Recogidos mediante nuestro formulario de registro.<\/p>\n\n\n\n<p>2.&nbsp;&nbsp;&nbsp;&nbsp;&nbsp;&nbsp;&nbsp;&nbsp;&nbsp;&nbsp;&nbsp; Datos que usted ha compartido de forma voluntaria con la Empresa: Nosotros podemos recoger sus datos personales (datos como su nombre y apellidos, direcci\u00f3n de correo electr\u00f3nico, direcci\u00f3n f\u00edsica, tel\u00e9fono, etc.) cuando nos env\u00eda una solicitud por medio del formulario de contacto de nuestra p\u00e1gina web, al crear una cuenta en el sitio web, o cuando haga uso de los servicios que proporcionamos.<\/p>\n\n\n\n<p>3.&nbsp;&nbsp;&nbsp;&nbsp;&nbsp;&nbsp;&nbsp;&nbsp;&nbsp;&nbsp;&nbsp; Datos de actividad: Cuando visita nuestro sitio web o interact\u00faa con \u00e9ste y sus servicios, podemos recoger informaci\u00f3n determinada sobre dichas visitas. Por ejemplo: Para permitir el acceso al sitio web o servicios, nuestro servidores reciben y almacenan informaci\u00f3n sobre su ordenador, dispositivo y navegador, que puede incluir informaci\u00f3n sobre su direcci\u00f3n IP, tipo de navegador, as\u00ed como otra informaci\u00f3n, o software o hardware. Su usted accede al sitio web o a nuestros servicios a trav\u00e9s de un dispositivo m\u00f3vil o de otro tipo, es posible que recojamos un identificador \u00fanico de dicho dispositivo, la ubicaci\u00f3n geogr\u00e1fica, u otra informaci\u00f3n de transacci\u00f3n de \u00e9ste. Las cookies y otras tecnolog\u00edas de seguimiento tambi\u00e9n pueden ser recogidas. Estas tecnolog\u00edas tambi\u00e9n pueden utilizarse para recoger y almacenar informaci\u00f3n sobre el uso que haga de nuestro sitio web o servicios, tales como las p\u00e1ginas que ha visitado, el contenido visto, consultas de b\u00fasqueda y anuncios publicitarios vistos.<\/p>\n\n\n\n<p>4.&nbsp;&nbsp;&nbsp;&nbsp;&nbsp;&nbsp;&nbsp;&nbsp;&nbsp;&nbsp;&nbsp; Informaci\u00f3n de otras fuentes: Podemos complementar la informaci\u00f3n que recogemos con informaci\u00f3n de otras fuentes, tales como la informaci\u00f3n p\u00fablica disponible y otras fuentes comerciales. En los casos en los que la informaci\u00f3n recogida de y sobre usted no le identifique directa o indirectamente como un individuo concreto (es decir, datos sin procesar, agregados o datos pseudonimizados), podemos utilizar esta informaci\u00f3n para cualquier prop\u00f3sito o compartirla con terceros en la medida en que lo permita la legislaci\u00f3n aplicable en materia de protecci\u00f3n de datos.<\/p>\n\n\n\n<p>No recogemos categor\u00edas especiales de datos personales: No solicitamos que nos env\u00ede o proporcione cualquier informaci\u00f3n incluida en cualquier categor\u00eda especial de datos personales (tales como el n\u00famero de seguridad social, informaci\u00f3n relacionada con origen racial o \u00e9tnico, opini\u00f3n pol\u00edtica, religi\u00f3n u otras convicciones, salud, antecedentes criminales o membres\u00eda en organizaciones de trabajadores) en todo el sitio web, los servicios, o por cualquier otro medio.<\/p>\n\n\n\n<p><strong>3.&nbsp;&nbsp;&nbsp;&nbsp;&nbsp;&nbsp;&nbsp;&nbsp;&nbsp;&nbsp;&nbsp; \u00bfPOR QU\u00c9 RECOGEMOS SUS DATOS PERSONALES?<\/strong><\/p>\n\n\n\n<p>Procesamos los datos personales que recogemos de y sobre usted para lo siguiente:<\/p>\n\n\n\n<p>1. Asegurarnos de que pueda utilizar el sitio web y los servicios;<\/p>\n\n\n\n<p>2. Medir y mejorar nuestros servicios y aspectos relevantes;<\/p>\n\n\n\n<p>3. Mejorar su experiencia en el sitio web y servicios;<\/p>\n\n\n\n<p>4. Proporcionarle servicio al cliente y responder a sus preguntas;<\/p>\n\n\n\n<p>5. Cumplir con las obligaciones jur\u00eddicas (incluyendo la prestaci\u00f3n de servicios); o para responder a las solicitudes de las autoridades p\u00fablicas y organismos gubernamentales;<\/p>\n\n\n\n<p>6. Para proteger los derechos de la Empresa y de otros; m\u00e1s concretamente; para prevenir la divulgaci\u00f3n de sus datos personales por parte de Jiffy Group, incluso si la Empresa considera que dicho tratamiento sea necesario para: (i) proteger, mejorar o defender los derechos leg\u00edtimos, privacidad, seguridad o propiedad de la Empresa o sus trabajadores, representantes y contratistas (incluyendo la mejora de nuestros acuerdos y t\u00e9rminos de uso); (ii) proteger la integridad, privacidad y seguridad de los usuarios del sitio web o de los servicios, o de los miembros del p\u00fablico; y (iii) proteger contra el fraude o la diligencia debida;<\/p>\n\n\n\n<p>7. Con su consentimiento opcional, enviarle mensajes personales de comercializaci\u00f3n o promoci\u00f3n en l\u00ednea con sus preferencias y elecciones personales, de forma autom\u00e1tica (SMS, MMS, correo electr\u00f3nico, llamadas telef\u00f3nicas no personales, etc) o no autom\u00e1tica (llamada telef\u00f3nica o carta personal).<\/p>\n\n\n\n<p><strong>4.&nbsp;&nbsp;&nbsp;&nbsp;&nbsp;&nbsp;&nbsp;&nbsp;&nbsp;&nbsp;&nbsp; \u00bfCU\u00c1NTO TIEMPO MANTENEMOS SUS DATOS PERSONALES?<\/strong><\/p>\n\n\n\n<p>Jiffy Group conservar\u00e1 sus datos personales durante el tiempo que sea necesario para conseguir los fines previstos o hasta que usted nos indique que desea eliminarlos.<\/p>\n\n\n\n<p>En los casos en los que la informaci\u00f3n recogida de y sobre usted no le identifique directa o indirectamente como un individuo concreto (es decir, datos sin procesar, agregados o datos pseudonimizados), podemos utilizar esta informaci\u00f3n para cualquier prop\u00f3sito o compartirla con terceros en la medida en que lo permita la legislaci\u00f3n aplicable en materia de protecci\u00f3n de datos.<\/p>\n\n\n\n<p>No recogemos categor\u00edas de datos personales: No solicitamos que nos env\u00ede o proporcione cualquier informaci\u00f3n incluida en cualquier categor\u00eda especial de datos personales (tales como el n\u00famero de seguridad social, informaci\u00f3n relacionada con origen racial o \u00e9tnico, opini\u00f3n pol\u00edtica, religi\u00f3n u otras convicciones, salud, antecedentes criminales o membres\u00eda en organizaciones de trabajadores) en todo el sitio web, los servicios, o por cualquier otro medio.<\/p>\n\n\n\n<p><strong>5.&nbsp;&nbsp;&nbsp;&nbsp;&nbsp;&nbsp;&nbsp;&nbsp;&nbsp;&nbsp;&nbsp; \u00bfPOR QU\u00c9 RECOGEMOS SUS DATOS PERSONALES?<\/strong><\/p>\n\n\n\n<p>Procesamos los datos personales que recogemos de y sobre usted para lo siguiente:<\/p>\n\n\n\n<p>1.&nbsp; asegurarnos de que pueda utilizar el sitio web y los servicios;<\/p>\n\n\n\n<p>2. medir y mejorar nuestros servicios y aspectos relevantes;<\/p>\n\n\n\n<p>3. mejorar su experiencia en el sitio web y servicios;<\/p>\n\n\n\n<p>4. proporcionarle servicio al cliente y responder a sus preguntas;<\/p>\n\n\n\n<p>5. cumplir con las obligaciones jur\u00eddicas (incluyendo la prestaci\u00f3n de servicios); o para responder a las solicitudes de las autoridades p\u00fablicas y organismos gubernamentales;<\/p>\n\n\n\n<p>6. para proteger los derechos de la Empresa y de otros; m\u00e1s concretamente; para prevenir la divulgaci\u00f3n de sus datos personales por parte de Jiffy Group, incluso si la Empresa considera que dicho tratamiento sea necesario para: (i) proteger, mejorar o defender los derechos leg\u00edtimos, privacidad, seguridad o propiedad de la Empresa o sus trabajadores, representantes y contratistas (incluyendo la mejora de nuestros acuerdos y t\u00e9rminos de uso); (ii) proteger la integridad, privacidad y seguridad de los usuarios del sitio web o de los servicios o de los miembros del p\u00fablico; y (iii) proteger contra el fraude o la diligencia debida;<\/p>\n\n\n\n<p>7. con su consentimiento opcional, enviarle mensajes personales de comercializaci\u00f3n o promoci\u00f3n en l\u00ednea con sus preferencias y elecciones personales, de forma autom\u00e1tica (SMS, MMS, correo electr\u00f3nico, llamadas telef\u00f3nicas no personales, etc) o no autom\u00e1tica (llamada telef\u00f3nica o carta personal).<\/p>\n\n\n\n<p><strong>6.&nbsp;&nbsp;&nbsp;&nbsp;&nbsp;&nbsp;&nbsp;&nbsp;&nbsp;&nbsp;&nbsp; \u00bfCU\u00c1NTO TIEMPO MANTENEMOS SUS DATOS PERSONALES?<\/strong><\/p>\n\n\n\n<p>Jiffy Group conservar\u00e1 sus datos personales durante el tiempo que sea necesario para conseguir los fines previstos o hasta que usted nos lo indique.<\/p>\n\n\n\n<p><strong>7.&nbsp;&nbsp;&nbsp;&nbsp;&nbsp;&nbsp;&nbsp;&nbsp;&nbsp;&nbsp;&nbsp; \u00bfC\u00d3MO PROCESAMOS SUS DATOS PERSONALES?<\/strong><\/p>\n\n\n\n<p>En relaci\u00f3n con los prop\u00f3sitos indicados anteriormente, los datos son procesados, tanto de forma manual, como electr\u00f3nica, y son protegidos por las medidas de seguridad adecuadas. Si bien Jiffy Group toma las medias administrativas, t\u00e9cnicas, f\u00edsicas y personales adecuadas para proteger los datos personales que tenga en su poder contra la p\u00e9rdida, robo y uso no autorizado, no puede garantizarse que se excluyan todos los riesgos cibern\u00e9ticos posibles.<\/p>\n\n\n\n<p><strong>8.&nbsp;&nbsp;&nbsp;&nbsp;&nbsp;&nbsp;&nbsp;&nbsp;&nbsp;&nbsp;&nbsp; \u00bfQUI\u00c9N TIENE ACCESO A SUS DATOS PERSONALES?<\/strong><\/p>\n\n\n\n<p>Jiffy Group garantiza que sus datos personales no ser\u00e1n divulgados a otras partes fuera de la organizaci\u00f3n.<\/p>\n\n\n\n<p><strong>9.<\/strong>&nbsp;&nbsp;&nbsp;&nbsp;&nbsp;&nbsp;&nbsp;&nbsp;&nbsp;&nbsp;&nbsp; <strong>\u00bfCU\u00c1LES SON SUS DERECHOS EN RELACI\u00d3N CON SUS DATOS PERSONALES?<\/strong><\/p>\n\n\n\n<p>Usted puede, en cualquier lugar y sin coste alguno, recurrir y\/o ejercer los siguientes derechos:<\/p>\n\n\n\n<p>1. Derecho de ser informado sobre los prop\u00f3sitos y m\u00e9todos de tratamiento;<\/p>\n\n\n\n<p>2. Derecho a su acceso;<\/p>\n\n\n\n<p>3. Derecho de solicitar la actualizaci\u00f3n, rectificaci\u00f3n, o integraci\u00f3n de los datos personales;<\/p>\n\n\n\n<p>4. Derecho a solicitar la cancelaci\u00f3n, pseudonimizaci\u00f3n o bloqueo de sus datos personales;<\/p>\n\n\n\n<p>5. Derecho a restringir el tratamiento, s\u00f3lo en el caso de que aplique lo siguiente: (i) los datos son incorrectos o no est\u00e1n actualizados; (ii) el tratamiento sea considerado il\u00edcito; (iii) los datos son necesarios para el ejercicio o defensa de acciones judiciales, (iv) la persona interesada se opone al tratamiento.<\/p>\n\n\n\n<p>6. Derecho a oponerse al tratamiento, parcial o total, y tambi\u00e9n cuando se efect\u00fae mediante la toma de decisiones individuales automatizadas, incluyendo la elaboraci\u00f3n de perfiles;<\/p>\n\n\n\n<p>7. Derecho a revocar libremente y en cualquier momento el consentimiento otorgado para el tratamiento de los datos;<\/p>\n\n\n\n<p>8. Derecho a contactar con el oficial de protecci\u00f3n de datos;<\/p>\n\n\n\n<p>9. Derecho a presentar una reclamaci\u00f3n ante la autoridad de protecci\u00f3n de datos o autoridad jur\u00eddica competente.<\/p>\n\n\n\n<p>En caso de tener cualquier duda, comentario o queja en relaci\u00f3n con la recogida o m\u00e9todos de uso de los datos personales, por favor, cont\u00e1ctenos en marketing@jiffygroup.nl.<\/p>\n\n\n\n<p><strong>10.&nbsp;&nbsp;&nbsp;&nbsp;&nbsp;&nbsp;&nbsp;&nbsp; MODIFICACIONES Y ACTUALIZACIONES<\/strong><\/p>\n\n\n\n<p>Esta pol\u00edtica de privacidad es vigente a partir del 1 de enero de 2023. La Empresa puede modificar o completar esta pol\u00edtica de privacidad como resultado de los cambios y adiciones a la legislaci\u00f3n aplicable en materia de protecci\u00f3n de datos. Estos cambios ser\u00e1n notificados previamente por la propia Empresa y con regularidad.<\/p>\n","protected":false},"excerpt":{"rendered":"<p>Cookies y c\u00f3mo te benefician Nuestro sitio web utiliza cookies, como casi todos los sitios web, para ayudar a proporcionarle la mejor experiencia posible. Las cookies son peque\u00f1os archivos de texto que se instalan en su ordenador o tel\u00e9fono m\u00f3vil cuando navega por los sitios web Nuestras cookies nos ayudan a: No usamos cookies para:&hellip;<\/p>\n","protected":false},"author":1,"featured_media":0,"parent":0,"menu_order":0,"comment_status":"closed","ping_status":"closed","template":"","meta":{"_acf_changed":false,"editor_notices":[],"footnotes":""},"class_list":["post-22","page","type-page","status-publish","hentry"],"acf":[],"yoast_head":"<!-- This site is optimized with the Yoast SEO Premium plugin v27.2 (Yoast SEO v27.6) - https:\/\/yoast.com\/product\/yoast-seo-premium-wordpress\/ -->\n<title>Privacidad - Seguridad y confidencialidad | Jiffy Group<\/title>\n<meta name=\"description\" content=\"Cookies y datos personales. Obt\u00e9n informaci\u00f3n sobre c\u00f3mo protegemos tus datos y c\u00f3mo puedes gestionar las cookies en nuestro sitio.\" \/>\n<meta name=\"robots\" content=\"index, follow, max-snippet:-1, max-image-preview:large, max-video-preview:-1\" \/>\n<link rel=\"canonical\" href=\"https:\/\/jiffygroup.com\/es\/privacy\/\" \/>\n<meta property=\"og:locale\" content=\"es_ES\" \/>\n<meta property=\"og:type\" content=\"article\" \/>\n<meta property=\"og:title\" content=\"Privacidad\" \/>\n<meta property=\"og:description\" content=\"Cookies y c\u00f3mo te benefician Nuestro sitio web utiliza cookies, como casi todos los sitios web, para ayudar a proporcionarle la mejor experiencia posible.\" \/>\n<meta property=\"og:url\" content=\"https:\/\/jiffygroup.com\/es\/privacy\/\" \/>\n<meta property=\"og:site_name\" content=\"Jiffy Group ES\" \/>\n<meta property=\"article:modified_time\" content=\"2023-10-02T11:59:08+00:00\" \/>\n<meta name=\"twitter:card\" content=\"summary_large_image\" \/>\n<meta name=\"twitter:label1\" content=\"Tiempo de lectura\" \/>\n\t<meta name=\"twitter:data1\" content=\"10 minutos\" \/>\n<script type=\"application\/ld+json\" class=\"yoast-schema-graph\">{\"@context\":\"https:\\\/\\\/schema.org\",\"@graph\":[{\"@type\":\"WebPage\",\"@id\":\"https:\\\/\\\/jiffygroup.com\\\/es\\\/privacy\\\/\",\"url\":\"https:\\\/\\\/jiffygroup.com\\\/es\\\/privacy\\\/\",\"name\":\"Privacidad - Seguridad y confidencialidad | Jiffy Group\",\"isPartOf\":{\"@id\":\"https:\\\/\\\/jiffygroup.com\\\/es\\\/#website\"},\"datePublished\":\"2020-03-10T10:47:41+00:00\",\"dateModified\":\"2023-10-02T11:59:08+00:00\",\"description\":\"Cookies y datos personales. Obt\u00e9n informaci\u00f3n sobre c\u00f3mo protegemos tus datos y c\u00f3mo puedes gestionar las cookies en nuestro sitio.\",\"breadcrumb\":{\"@id\":\"https:\\\/\\\/jiffygroup.com\\\/es\\\/privacy\\\/#breadcrumb\"},\"inLanguage\":\"es\",\"potentialAction\":[{\"@type\":\"ReadAction\",\"target\":[\"https:\\\/\\\/jiffygroup.com\\\/es\\\/privacy\\\/\"]}]},{\"@type\":\"BreadcrumbList\",\"@id\":\"https:\\\/\\\/jiffygroup.com\\\/es\\\/privacy\\\/#breadcrumb\",\"itemListElement\":[{\"@type\":\"ListItem\",\"position\":1,\"name\":\"Inicio\",\"item\":\"https:\\\/\\\/jiffygroup.com\\\/es\\\/\"},{\"@type\":\"ListItem\",\"position\":2,\"name\":\"Privacidad\"}]},{\"@type\":\"WebSite\",\"@id\":\"https:\\\/\\\/jiffygroup.com\\\/es\\\/#website\",\"url\":\"https:\\\/\\\/jiffygroup.com\\\/es\\\/\",\"name\":\"Jiffy Group ES\",\"description\":\"It&#039;s all about the roots\",\"potentialAction\":[{\"@type\":\"SearchAction\",\"target\":{\"@type\":\"EntryPoint\",\"urlTemplate\":\"https:\\\/\\\/jiffygroup.com\\\/es\\\/?s={search_term_string}\"},\"query-input\":{\"@type\":\"PropertyValueSpecification\",\"valueRequired\":true,\"valueName\":\"search_term_string\"}}],\"inLanguage\":\"es\"}]}<\/script>\n<!-- \/ Yoast SEO Premium plugin. -->","yoast_head_json":{"title":"Privacidad - Seguridad y confidencialidad | Jiffy Group","description":"Cookies y datos personales. Obt\u00e9n informaci\u00f3n sobre c\u00f3mo protegemos tus datos y c\u00f3mo puedes gestionar las cookies en nuestro sitio.","robots":{"index":"index","follow":"follow","max-snippet":"max-snippet:-1","max-image-preview":"max-image-preview:large","max-video-preview":"max-video-preview:-1"},"canonical":"https:\/\/jiffygroup.com\/es\/privacy\/","og_locale":"es_ES","og_type":"article","og_title":"Privacidad","og_description":"Cookies y c\u00f3mo te benefician Nuestro sitio web utiliza cookies, como casi todos los sitios web, para ayudar a proporcionarle la mejor experiencia posible.","og_url":"https:\/\/jiffygroup.com\/es\/privacy\/","og_site_name":"Jiffy Group ES","article_modified_time":"2023-10-02T11:59:08+00:00","twitter_card":"summary_large_image","twitter_misc":{"Tiempo de lectura":"10 minutos"},"schema":{"@context":"https:\/\/schema.org","@graph":[{"@type":"WebPage","@id":"https:\/\/jiffygroup.com\/es\/privacy\/","url":"https:\/\/jiffygroup.com\/es\/privacy\/","name":"Privacidad - Seguridad y confidencialidad | Jiffy Group","isPartOf":{"@id":"https:\/\/jiffygroup.com\/es\/#website"},"datePublished":"2020-03-10T10:47:41+00:00","dateModified":"2023-10-02T11:59:08+00:00","description":"Cookies y datos personales. Obt\u00e9n informaci\u00f3n sobre c\u00f3mo protegemos tus datos y c\u00f3mo puedes gestionar las cookies en nuestro sitio.","breadcrumb":{"@id":"https:\/\/jiffygroup.com\/es\/privacy\/#breadcrumb"},"inLanguage":"es","potentialAction":[{"@type":"ReadAction","target":["https:\/\/jiffygroup.com\/es\/privacy\/"]}]},{"@type":"BreadcrumbList","@id":"https:\/\/jiffygroup.com\/es\/privacy\/#breadcrumb","itemListElement":[{"@type":"ListItem","position":1,"name":"Inicio","item":"https:\/\/jiffygroup.com\/es\/"},{"@type":"ListItem","position":2,"name":"Privacidad"}]},{"@type":"WebSite","@id":"https:\/\/jiffygroup.com\/es\/#website","url":"https:\/\/jiffygroup.com\/es\/","name":"Jiffy Group ES","description":"It&#039;s all about the roots","potentialAction":[{"@type":"SearchAction","target":{"@type":"EntryPoint","urlTemplate":"https:\/\/jiffygroup.com\/es\/?s={search_term_string}"},"query-input":{"@type":"PropertyValueSpecification","valueRequired":true,"valueName":"search_term_string"}}],"inLanguage":"es"}]}},"_links":{"self":[{"href":"https:\/\/jiffygroup.com\/es\/wp-json\/wp\/v2\/pages\/22","targetHints":{"allow":["GET"]}}],"collection":[{"href":"https:\/\/jiffygroup.com\/es\/wp-json\/wp\/v2\/pages"}],"about":[{"href":"https:\/\/jiffygroup.com\/es\/wp-json\/wp\/v2\/types\/page"}],"author":[{"embeddable":true,"href":"https:\/\/jiffygroup.com\/es\/wp-json\/wp\/v2\/users\/1"}],"replies":[{"embeddable":true,"href":"https:\/\/jiffygroup.com\/es\/wp-json\/wp\/v2\/comments?post=22"}],"version-history":[{"count":7,"href":"https:\/\/jiffygroup.com\/es\/wp-json\/wp\/v2\/pages\/22\/revisions"}],"predecessor-version":[{"id":3672,"href":"https:\/\/jiffygroup.com\/es\/wp-json\/wp\/v2\/pages\/22\/revisions\/3672"}],"wp:attachment":[{"href":"https:\/\/jiffygroup.com\/es\/wp-json\/wp\/v2\/media?parent=22"}],"curies":[{"name":"wp","href":"https:\/\/api.w.org\/{rel}","templated":true}]}}