{"id":4367,"date":"2024-08-05T14:41:54","date_gmt":"2024-08-05T12:41:54","guid":{"rendered":"https:\/\/jiffygroup.com\/de\/?page_id=4367"},"modified":"2024-10-22T13:06:51","modified_gmt":"2024-10-22T11:06:51","slug":"haufig-gestellte-fragen-faq","status":"publish","type":"page","link":"https:\/\/jiffygroup.com\/de\/haufig-gestellte-fragen-faq\/","title":{"rendered":"H\u00e4ufig gestellte Fragen (FAQ)"},"content":{"rendered":"\n<p>Auf dieser Seite finden Sie die am h\u00e4ufigsten gestellten Fragen und unsere Antworten. Ist Ihre Antwort nicht aufgef\u00fchrt? Dann k\u00f6nnen Sie uns jederzeit <a href=\"https:\/\/jiffygroup.com\/de\/wenn-sie-weitere-informationen-benoetigen-schicken-sie-uns-eine-nachricht-wir-antworten-im-handumdrehen\/\">kontaktieren<\/a>.<\/p>\n\n\n\n<p><\/p>\n","protected":false},"excerpt":{"rendered":"<p>Auf dieser Seite finden Sie die am h\u00e4ufigsten gestellten Fragen und unsere Antworten. Ist Ihre Antwort nicht aufgef\u00fchrt? Dann k\u00f6nnen Sie uns jederzeit kontaktieren.<\/p>\n","protected":false},"author":7,"featured_media":0,"parent":0,"menu_order":0,"comment_status":"closed","ping_status":"closed","template":"page-templates\/faq.php","meta":{"_acf_changed":false,"editor_notices":[],"footnotes":""},"class_list":["post-4367","page","type-page","status-publish","hentry"],"acf":[],"yoast_head":"<!-- This site is optimized with the Yoast SEO Premium plugin v27.2 (Yoast SEO v27.2) - https:\/\/yoast.com\/product\/yoast-seo-premium-wordpress\/ -->\n<title>Jiffy Group -<\/title>\n<meta name=\"robots\" content=\"index, follow, max-snippet:-1, max-image-preview:large, max-video-preview:-1\" \/>\n<link rel=\"canonical\" href=\"https:\/\/jiffygroup.com\/de\/haufig-gestellte-fragen-faq\/\" \/>\n<meta property=\"og:locale\" content=\"de_DE\" \/>\n<meta property=\"og:type\" content=\"article\" \/>\n<meta property=\"og:title\" content=\"H\u00e4ufig gestellte Fragen (FAQ)\" \/>\n<meta property=\"og:description\" content=\"Auf dieser Seite finden Sie die am h\u00e4ufigsten gestellten Fragen und unsere Antworten. Ist Ihre Antwort nicht aufgef\u00fchrt? Dann k\u00f6nnen Sie uns jederzeit\" \/>\n<meta property=\"og:url\" content=\"https:\/\/jiffygroup.com\/de\/haufig-gestellte-fragen-faq\/\" \/>\n<meta property=\"og:site_name\" content=\"Jiffy Group DE\" \/>\n<meta property=\"article:modified_time\" content=\"2024-10-22T11:06:51+00:00\" \/>\n<meta name=\"twitter:card\" content=\"summary_large_image\" \/>\n<meta name=\"twitter:label1\" content=\"Gesch\u00e4tzte Lesezeit\" \/>\n\t<meta name=\"twitter:data1\" content=\"1\u00a0Minute\" \/>\n<script type=\"application\/ld+json\" class=\"yoast-schema-graph\">{\"@context\":\"https:\/\/schema.org\",\"@graph\":[{\"@type\":\"WebPage\",\"@id\":\"https:\/\/jiffygroup.com\/de\/haufig-gestellte-fragen-faq\/\",\"url\":\"https:\/\/jiffygroup.com\/de\/haufig-gestellte-fragen-faq\/\",\"name\":\"Jiffy Group -\",\"isPartOf\":{\"@id\":\"https:\/\/jiffygroup.com\/de\/#website\"},\"datePublished\":\"2024-08-05T12:41:54+00:00\",\"dateModified\":\"2024-10-22T11:06:51+00:00\",\"breadcrumb\":{\"@id\":\"https:\/\/jiffygroup.com\/de\/haufig-gestellte-fragen-faq\/#breadcrumb\"},\"inLanguage\":\"de\",\"potentialAction\":[{\"@type\":\"ReadAction\",\"target\":[\"https:\/\/jiffygroup.com\/de\/haufig-gestellte-fragen-faq\/\"]}]},{\"@type\":\"BreadcrumbList\",\"@id\":\"https:\/\/jiffygroup.com\/de\/haufig-gestellte-fragen-faq\/#breadcrumb\",\"itemListElement\":[{\"@type\":\"ListItem\",\"position\":1,\"name\":\"Startseite\",\"item\":\"https:\/\/jiffygroup.com\/de\/\"},{\"@type\":\"ListItem\",\"position\":2,\"name\":\"H\u00e4ufig gestellte Fragen (FAQ)\"}]},{\"@type\":\"WebSite\",\"@id\":\"https:\/\/jiffygroup.com\/de\/#website\",\"url\":\"https:\/\/jiffygroup.com\/de\/\",\"name\":\"Jiffy Group DE\",\"description\":\"It&#039;s all about the roots\",\"potentialAction\":[{\"@type\":\"SearchAction\",\"target\":{\"@type\":\"EntryPoint\",\"urlTemplate\":\"https:\/\/jiffygroup.com\/de\/?s={search_term_string}\"},\"query-input\":{\"@type\":\"PropertyValueSpecification\",\"valueRequired\":true,\"valueName\":\"search_term_string\"}}],\"inLanguage\":\"de\"}]}<\/script>\n<!-- \/ Yoast SEO Premium plugin. -->","yoast_head_json":{"title":"Jiffy Group -","robots":{"index":"index","follow":"follow","max-snippet":"max-snippet:-1","max-image-preview":"max-image-preview:large","max-video-preview":"max-video-preview:-1"},"canonical":"https:\/\/jiffygroup.com\/de\/haufig-gestellte-fragen-faq\/","og_locale":"de_DE","og_type":"article","og_title":"H\u00e4ufig gestellte Fragen (FAQ)","og_description":"Auf dieser Seite finden Sie die am h\u00e4ufigsten gestellten Fragen und unsere Antworten. Ist Ihre Antwort nicht aufgef\u00fchrt? Dann k\u00f6nnen Sie uns jederzeit","og_url":"https:\/\/jiffygroup.com\/de\/haufig-gestellte-fragen-faq\/","og_site_name":"Jiffy Group DE","article_modified_time":"2024-10-22T11:06:51+00:00","twitter_card":"summary_large_image","twitter_misc":{"Gesch\u00e4tzte Lesezeit":"1\u00a0Minute"},"schema":{"@context":"https:\/\/schema.org","@graph":[{"@type":"WebPage","@id":"https:\/\/jiffygroup.com\/de\/haufig-gestellte-fragen-faq\/","url":"https:\/\/jiffygroup.com\/de\/haufig-gestellte-fragen-faq\/","name":"Jiffy Group -","isPartOf":{"@id":"https:\/\/jiffygroup.com\/de\/#website"},"datePublished":"2024-08-05T12:41:54+00:00","dateModified":"2024-10-22T11:06:51+00:00","breadcrumb":{"@id":"https:\/\/jiffygroup.com\/de\/haufig-gestellte-fragen-faq\/#breadcrumb"},"inLanguage":"de","potentialAction":[{"@type":"ReadAction","target":["https:\/\/jiffygroup.com\/de\/haufig-gestellte-fragen-faq\/"]}]},{"@type":"BreadcrumbList","@id":"https:\/\/jiffygroup.com\/de\/haufig-gestellte-fragen-faq\/#breadcrumb","itemListElement":[{"@type":"ListItem","position":1,"name":"Startseite","item":"https:\/\/jiffygroup.com\/de\/"},{"@type":"ListItem","position":2,"name":"H\u00e4ufig gestellte Fragen (FAQ)"}]},{"@type":"WebSite","@id":"https:\/\/jiffygroup.com\/de\/#website","url":"https:\/\/jiffygroup.com\/de\/","name":"Jiffy Group DE","description":"It&#039;s all about the roots","potentialAction":[{"@type":"SearchAction","target":{"@type":"EntryPoint","urlTemplate":"https:\/\/jiffygroup.com\/de\/?s={search_term_string}"},"query-input":{"@type":"PropertyValueSpecification","valueRequired":true,"valueName":"search_term_string"}}],"inLanguage":"de"}]}},"_links":{"self":[{"href":"https:\/\/jiffygroup.com\/de\/wp-json\/wp\/v2\/pages\/4367","targetHints":{"allow":["GET"]}}],"collection":[{"href":"https:\/\/jiffygroup.com\/de\/wp-json\/wp\/v2\/pages"}],"about":[{"href":"https:\/\/jiffygroup.com\/de\/wp-json\/wp\/v2\/types\/page"}],"author":[{"embeddable":true,"href":"https:\/\/jiffygroup.com\/de\/wp-json\/wp\/v2\/users\/7"}],"replies":[{"embeddable":true,"href":"https:\/\/jiffygroup.com\/de\/wp-json\/wp\/v2\/comments?post=4367"}],"version-history":[{"count":7,"href":"https:\/\/jiffygroup.com\/de\/wp-json\/wp\/v2\/pages\/4367\/revisions"}],"predecessor-version":[{"id":4458,"href":"https:\/\/jiffygroup.com\/de\/wp-json\/wp\/v2\/pages\/4367\/revisions\/4458"}],"wp:attachment":[{"href":"https:\/\/jiffygroup.com\/de\/wp-json\/wp\/v2\/media?parent=4367"}],"curies":[{"name":"wp","href":"https:\/\/api.w.org\/{rel}","templated":true}]}}