{"id":4126,"date":"2024-05-06T09:54:54","date_gmt":"2024-05-06T07:54:54","guid":{"rendered":"https:\/\/jiffygroup.com\/de\/?page_id=4126"},"modified":"2024-05-17T11:37:03","modified_gmt":"2024-05-17T09:37:03","slug":"torffreien-jiffy-toepfe","status":"publish","type":"page","link":"https:\/\/jiffygroup.com\/de\/torffreien-jiffy-toepfe\/","title":{"rendered":"Torffreien Jiffy T\u00f6pfe"},"content":{"rendered":"\n<h3 class=\"wp-block-heading\" id=\"h-leistung-trifft-auf-nachhaltigkeit\"><strong>Leistung trifft auf Nachhaltigkeit<\/strong><\/h3>\n\n\n\n<p>Entdecken Sie unsere neueste Innovation im nachhaltigen Anbau: den Torffreien Sphagnum Jiffy T\u00f6pfe. Diese neue Erg\u00e4nzung des torffreien Jiffy Pot-Sortiments bietet eine umweltfreundliche Alternative zu Torf und Plastik und verspricht eine au\u00dfergew\u00f6hnliche Pflanzenleistung bei gleichzeitiger Ber\u00fccksichtigung der Umweltvertr\u00e4glichkeit.<\/p>\n\n\n\n<h3 class=\"wp-block-heading\" id=\"h-erzielen-sie-grossartige-ergebnisse\"><strong>Erzielen Sie gro\u00dfartige Ergebnisse<\/strong><\/h3>\n\n\n\n<p>Unsere torffreien Jiffy Pots aus Sphagnum-Moos sind sowohl f\u00fcr den Innen- als auch f\u00fcr den Au\u00dfenanbau geeignet und liefern hervorragende Ergebnisse f\u00fcr eine Vielzahl von Pflanzen. Mit ihrer hervorragenden Luftzirkulation und Drainage f\u00f6rdern sie die kr\u00e4ftige Wurzelentwicklung von Jungpflanzen, B\u00e4umen, Kr\u00e4utern, Gem\u00fcse, Beerenobst und sogar Weintrauben.<\/p>\n\n\n\n<h3 class=\"wp-block-heading\" id=\"h-robust-und-umweltfreundlich\"><strong>Robust und umweltfreundlich<\/strong><\/h3>\n\n\n\n<p>Unsere neuesten T\u00f6pfe, die in unserem hochmodernen Innovationszentrum in den Niederlanden entwickelt wurden, bieten beeindruckende St\u00e4rke und Haltbarkeit und bleiben dabei klimaschonend. Sie bestehen aus erneuerbaren, pflanzlichen Materialien aus der nordischen Region und werden in unseren f\u00fcr Lebensmittelsicherheit zertifizierten Anlagen hergestellt, um sowohl Qualit\u00e4t als auch Nachhaltigkeit zu gew\u00e4hrleisten.<\/p>\n\n\n\n<h3 class=\"wp-block-heading\" id=\"h-warum-sollten-sie-sich-fur-torffreien-sphagnum-jiffy-topfe-entscheiden\"><strong>Warum sollten Sie sich f\u00fcr Torffreien Sphagnum Jiffy T\u00f6pfe entscheiden?<\/strong><\/h3>\n\n\n\n<ul class=\"wp-block-list\">\n<li>Flexible, robuste und effiziente Beh\u00e4lter<\/li>\n\n\n\n<li>Geringere CO2-Emissionen im Vergleich zu Torf<\/li>\n\n\n\n<li>Mitpflanzbare T\u00f6pfe sparen Arbeit und minimieren Verpflanzungsschock<\/li>\n\n\n\n<li>Interessante Vorteile gegen\u00fcber herk\u00f6mmlichen T\u00f6pfen: Werden Sie f\u00fcr Ihre Kunden zum Partner der Wahl f\u00fcr umweltfreundliche Pflanzen.<\/li>\n<\/ul>\n\n\n\n<div class=\"wp-block-buttons is-layout-flex wp-block-buttons-is-layout-flex\">\n<div class=\"wp-block-button\"><a class=\"wp-block-button__link wp-element-button\" href=\"https:\/\/jiffygroup.com\/de\/wp-content\/uploads\/2024\/05\/JIFFY-LEAFLET-A4-SPHAGNUM-MOSS-POT-DE-ONLINE.pdf\">Brosch\u00fcre herunterladen<\/a><\/div>\n<\/div>\n","protected":false},"excerpt":{"rendered":"<p>Leistung trifft auf Nachhaltigkeit Entdecken Sie unsere neueste Innovation im nachhaltigen Anbau: den Torffreien Sphagnum Jiffy T\u00f6pfe. Diese neue Erg\u00e4nzung des torffreien Jiffy Pot-Sortiments bietet eine umweltfreundliche Alternative zu Torf und Plastik und verspricht eine au\u00dfergew\u00f6hnliche Pflanzenleistung bei gleichzeitiger Ber\u00fccksichtigung der Umweltvertr\u00e4glichkeit. Erzielen Sie gro\u00dfartige Ergebnisse Unsere torffreien Jiffy Pots aus Sphagnum-Moos sind sowohl f\u00fcr&hellip;<\/p>\n","protected":false},"author":2,"featured_media":0,"parent":0,"menu_order":0,"comment_status":"closed","ping_status":"closed","template":"page-templates\/sea-lp.php","meta":{"_acf_changed":false,"editor_notices":[],"footnotes":""},"class_list":["post-4126","page","type-page","status-publish","hentry"],"acf":[],"yoast_head":"<!-- This site is optimized with the Yoast SEO Premium plugin v27.2 (Yoast SEO v27.2) - https:\/\/yoast.com\/product\/yoast-seo-premium-wordpress\/ -->\n<title>Torffreien Jiffy T\u00f6pfe | Jiffy Group<\/title>\n<meta name=\"description\" content=\"Entdecken Sie unsere neueste Innovation im nachhaltigen Anbau: den Torffreien Sphagnum Jiffy T\u00f6pfe. Eine umweltfreundliche Alternative zu Torf und Plastik.\" \/>\n<meta name=\"robots\" content=\"index, follow, max-snippet:-1, max-image-preview:large, max-video-preview:-1\" \/>\n<link rel=\"canonical\" href=\"https:\/\/jiffygroup.com\/de\/torffreien-jiffy-toepfe\/\" \/>\n<meta property=\"og:locale\" content=\"de_DE\" \/>\n<meta property=\"og:type\" content=\"article\" \/>\n<meta property=\"og:title\" content=\"Torffreien Jiffy T\u00f6pfe\" \/>\n<meta property=\"og:description\" content=\"Leistung trifft auf Nachhaltigkeit Entdecken Sie unsere neueste Innovation im nachhaltigen Anbau: den Torffreien Sphagnum Jiffy T\u00f6pfe. Diese neue\" \/>\n<meta property=\"og:url\" content=\"https:\/\/jiffygroup.com\/de\/torffreien-jiffy-toepfe\/\" \/>\n<meta property=\"og:site_name\" content=\"Jiffy Group DE\" \/>\n<meta property=\"article:modified_time\" content=\"2024-05-17T09:37:03+00:00\" \/>\n<meta name=\"twitter:card\" content=\"summary_large_image\" \/>\n<meta name=\"twitter:label1\" content=\"Gesch\u00e4tzte Lesezeit\" \/>\n\t<meta name=\"twitter:data1\" content=\"2\u00a0Minuten\" \/>\n<script type=\"application\/ld+json\" class=\"yoast-schema-graph\">{\"@context\":\"https:\/\/schema.org\",\"@graph\":[{\"@type\":\"WebPage\",\"@id\":\"https:\/\/jiffygroup.com\/de\/torffreien-jiffy-toepfe\/\",\"url\":\"https:\/\/jiffygroup.com\/de\/torffreien-jiffy-toepfe\/\",\"name\":\"Torffreien Jiffy T\u00f6pfe | Jiffy Group\",\"isPartOf\":{\"@id\":\"https:\/\/jiffygroup.com\/de\/#website\"},\"datePublished\":\"2024-05-06T07:54:54+00:00\",\"dateModified\":\"2024-05-17T09:37:03+00:00\",\"description\":\"Entdecken Sie unsere neueste Innovation im nachhaltigen Anbau: den Torffreien Sphagnum Jiffy T\u00f6pfe. Eine umweltfreundliche Alternative zu Torf und Plastik.\",\"breadcrumb\":{\"@id\":\"https:\/\/jiffygroup.com\/de\/torffreien-jiffy-toepfe\/#breadcrumb\"},\"inLanguage\":\"de\",\"potentialAction\":[{\"@type\":\"ReadAction\",\"target\":[\"https:\/\/jiffygroup.com\/de\/torffreien-jiffy-toepfe\/\"]}]},{\"@type\":\"BreadcrumbList\",\"@id\":\"https:\/\/jiffygroup.com\/de\/torffreien-jiffy-toepfe\/#breadcrumb\",\"itemListElement\":[{\"@type\":\"ListItem\",\"position\":1,\"name\":\"Startseite\",\"item\":\"https:\/\/jiffygroup.com\/de\/\"},{\"@type\":\"ListItem\",\"position\":2,\"name\":\"Torffreien Jiffy T\u00f6pfe\"}]},{\"@type\":\"WebSite\",\"@id\":\"https:\/\/jiffygroup.com\/de\/#website\",\"url\":\"https:\/\/jiffygroup.com\/de\/\",\"name\":\"Jiffy Group DE\",\"description\":\"It&#039;s all about the roots\",\"potentialAction\":[{\"@type\":\"SearchAction\",\"target\":{\"@type\":\"EntryPoint\",\"urlTemplate\":\"https:\/\/jiffygroup.com\/de\/?s={search_term_string}\"},\"query-input\":{\"@type\":\"PropertyValueSpecification\",\"valueRequired\":true,\"valueName\":\"search_term_string\"}}],\"inLanguage\":\"de\"}]}<\/script>\n<!-- \/ Yoast SEO Premium plugin. -->","yoast_head_json":{"title":"Torffreien Jiffy T\u00f6pfe | Jiffy Group","description":"Entdecken Sie unsere neueste Innovation im nachhaltigen Anbau: den Torffreien Sphagnum Jiffy T\u00f6pfe. Eine umweltfreundliche Alternative zu Torf und Plastik.","robots":{"index":"index","follow":"follow","max-snippet":"max-snippet:-1","max-image-preview":"max-image-preview:large","max-video-preview":"max-video-preview:-1"},"canonical":"https:\/\/jiffygroup.com\/de\/torffreien-jiffy-toepfe\/","og_locale":"de_DE","og_type":"article","og_title":"Torffreien Jiffy T\u00f6pfe","og_description":"Leistung trifft auf Nachhaltigkeit Entdecken Sie unsere neueste Innovation im nachhaltigen Anbau: den Torffreien Sphagnum Jiffy T\u00f6pfe. Diese neue","og_url":"https:\/\/jiffygroup.com\/de\/torffreien-jiffy-toepfe\/","og_site_name":"Jiffy Group DE","article_modified_time":"2024-05-17T09:37:03+00:00","twitter_card":"summary_large_image","twitter_misc":{"Gesch\u00e4tzte Lesezeit":"2\u00a0Minuten"},"schema":{"@context":"https:\/\/schema.org","@graph":[{"@type":"WebPage","@id":"https:\/\/jiffygroup.com\/de\/torffreien-jiffy-toepfe\/","url":"https:\/\/jiffygroup.com\/de\/torffreien-jiffy-toepfe\/","name":"Torffreien Jiffy T\u00f6pfe | Jiffy Group","isPartOf":{"@id":"https:\/\/jiffygroup.com\/de\/#website"},"datePublished":"2024-05-06T07:54:54+00:00","dateModified":"2024-05-17T09:37:03+00:00","description":"Entdecken Sie unsere neueste Innovation im nachhaltigen Anbau: den Torffreien Sphagnum Jiffy T\u00f6pfe. Eine umweltfreundliche Alternative zu Torf und Plastik.","breadcrumb":{"@id":"https:\/\/jiffygroup.com\/de\/torffreien-jiffy-toepfe\/#breadcrumb"},"inLanguage":"de","potentialAction":[{"@type":"ReadAction","target":["https:\/\/jiffygroup.com\/de\/torffreien-jiffy-toepfe\/"]}]},{"@type":"BreadcrumbList","@id":"https:\/\/jiffygroup.com\/de\/torffreien-jiffy-toepfe\/#breadcrumb","itemListElement":[{"@type":"ListItem","position":1,"name":"Startseite","item":"https:\/\/jiffygroup.com\/de\/"},{"@type":"ListItem","position":2,"name":"Torffreien Jiffy T\u00f6pfe"}]},{"@type":"WebSite","@id":"https:\/\/jiffygroup.com\/de\/#website","url":"https:\/\/jiffygroup.com\/de\/","name":"Jiffy Group DE","description":"It&#039;s all about the roots","potentialAction":[{"@type":"SearchAction","target":{"@type":"EntryPoint","urlTemplate":"https:\/\/jiffygroup.com\/de\/?s={search_term_string}"},"query-input":{"@type":"PropertyValueSpecification","valueRequired":true,"valueName":"search_term_string"}}],"inLanguage":"de"}]}},"_links":{"self":[{"href":"https:\/\/jiffygroup.com\/de\/wp-json\/wp\/v2\/pages\/4126","targetHints":{"allow":["GET"]}}],"collection":[{"href":"https:\/\/jiffygroup.com\/de\/wp-json\/wp\/v2\/pages"}],"about":[{"href":"https:\/\/jiffygroup.com\/de\/wp-json\/wp\/v2\/types\/page"}],"author":[{"embeddable":true,"href":"https:\/\/jiffygroup.com\/de\/wp-json\/wp\/v2\/users\/2"}],"replies":[{"embeddable":true,"href":"https:\/\/jiffygroup.com\/de\/wp-json\/wp\/v2\/comments?post=4126"}],"version-history":[{"count":14,"href":"https:\/\/jiffygroup.com\/de\/wp-json\/wp\/v2\/pages\/4126\/revisions"}],"predecessor-version":[{"id":4239,"href":"https:\/\/jiffygroup.com\/de\/wp-json\/wp\/v2\/pages\/4126\/revisions\/4239"}],"wp:attachment":[{"href":"https:\/\/jiffygroup.com\/de\/wp-json\/wp\/v2\/media?parent=4126"}],"curies":[{"name":"wp","href":"https:\/\/api.w.org\/{rel}","templated":true}]}}