{"id":4029,"date":"2024-04-09T09:24:56","date_gmt":"2024-04-09T07:24:56","guid":{"rendered":"https:\/\/jiffygroup.com\/de\/?page_id=4029"},"modified":"2026-01-21T11:01:16","modified_gmt":"2026-01-21T09:01:16","slug":"torffreie-loesungen-fuer-den-pflanzenbau","status":"publish","type":"page","link":"https:\/\/jiffygroup.com\/de\/torffreie-loesungen-fuer-den-pflanzenbau\/","title":{"rendered":"Torffreie L\u00f6sungen f\u00fcr den Pflanzenbau"},"content":{"rendered":"\n<h1 class=\"wp-block-heading\" id=\"h-jiffy-ihr-partner-fur-den-torffreien-anbau\">Jiffy: Ihr Partner f\u00fcr den torffreien Anbau<\/h1>\n\n\n\n<h3 class=\"wp-block-heading\" id=\"h-gemeinsam-fur-eine-grunere-zukunft\">Gemeinsam f\u00fcr eine gr\u00fcnere Zukunft<\/h3>\n\n\n\n<p>Bei Jiffy sehen wir es als unsere Aufgabe, G\u00e4rtnern die optimalen Werkzeuge und L\u00f6sungen f\u00fcr die nachhaltige Produktion von gesunden und qualitativ hochwertigen Pflanzen zur Verf\u00fcgung zu stellen.&nbsp; Wir sind uns der steigenden Nachfrage nach torffreien Alternativen bewusst und stolz darauf, eine breite Palette sowohl torffreier als auch torfreduzierter* Produkte anbieten zu k\u00f6nnen. Diese erf\u00fcllen die Anforderungen der G\u00e4rtner in diversen Anbausektoren, von Beet- und Balkonpflanzen und Str\u00e4uchern bis hin zu Forstpflanzen und Blattgem\u00fcse.<\/p>\n\n\n\n<h3 class=\"wp-block-heading\" id=\"h-torffreie-losungen-fur-eine-nachhaltige-zukunft\">Torffreie L\u00f6sungen f\u00fcr eine nachhaltige Zukunft<\/h3>\n\n\n\n<p>Jiffys umfangreiches Sortiment an torffreien und torfreduzierten* Produkten umfasst unter anderem Jiffy T\u00f6pfe, Preforma Plugs, Pellets, Growblocks, Growbags und Substrate. Unsere sorgf\u00e4ltig zusammengestellten torffreien Mischungen gew\u00e4hrleisten eine optimale Bel\u00fcftung, Drainage und Wasserspeicherung. So k\u00f6nnen sich Ihre Pflanzen von der Keimung bis zur Ernte optimal entwickeln.<\/p>\n\n\n\n<h3 class=\"wp-block-heading\" id=\"h-massgeschneiderte-losungen-fur-ihre-pflanzen\">Ma\u00dfgeschneiderte L\u00f6sungen f\u00fcr Ihre Pflanzen<\/h3>\n\n\n\n<p>Unsere torffreien L\u00f6sungen sind auf die spezifischen Bed\u00fcrfnisse einer Vielzahl von Kulturen abgestimmt, von Beet- und Balkonpflanzen und Str\u00e4uchern bis hin zu Forstpflanzen und Blattgem\u00fcse. Wir arbeiten eng mit den G\u00e4rtnern zusammen, um deren individuellen Anforderungen zu identifizieren und ma\u00dfgeschneiderte L\u00f6sungen zu entwickeln, die Ertrag und Qualit\u00e4t optimieren.<\/p>\n\n\n\n<h3 class=\"wp-block-heading has-text-align-left\" id=\"h-mehr-als-ein-jahrzehnt-erfahrung\">Mehr als ein Jahrzehnt Erfahrung<\/h3>\n\n\n\n<p>Jiffy ist seit \u00fcber einem Jahrzehnt ein Pionier im torffreien Anbau. Durch umfangreiche Investitionen in Forschung und Entwicklung, konnten wir Hunderte von torffreien Mischungen entwickeln und testen. Dies erm\u00f6glicht uns sicherzustellen, dass unsere L\u00f6sungen nicht nur die Umweltbelastung minimieren, sondern den G\u00e4rtnern auch au\u00dfergew\u00f6hnliche Ertr\u00e4ge erm\u00f6glichen.<\/p>\n\n\n\n<p>*Noch unsicher, ob Sie vollst\u00e4ndig auf torffreie Produkte umsteigen m\u00f6chten? E<a href=\"https:\/\/jiffygroup.com\/news\/jiffy-achieves-responsibly-produced-peat-certification-for-its-peat-products\/\">rfahren Sie mehr \u00fcber die RPP-gepr\u00fcften Produkte von Jiffy und unser Engagement f\u00fcr nachhaltige Beschaffungspraktiken.<\/a><\/p>\n","protected":false},"excerpt":{"rendered":"<p>Jiffy: Ihr Partner f\u00fcr den torffreien Anbau Gemeinsam f\u00fcr eine gr\u00fcnere Zukunft Bei Jiffy sehen wir es als unsere Aufgabe, G\u00e4rtnern die optimalen Werkzeuge und L\u00f6sungen f\u00fcr die nachhaltige Produktion von gesunden und qualitativ hochwertigen Pflanzen zur Verf\u00fcgung zu stellen.&nbsp; Wir sind uns der steigenden Nachfrage nach torffreien Alternativen bewusst und stolz darauf, eine breite&hellip;<\/p>\n","protected":false},"author":1,"featured_media":3997,"parent":0,"menu_order":0,"comment_status":"closed","ping_status":"closed","template":"page-templates\/peat-free.php","meta":{"_acf_changed":false,"editor_notices":[],"footnotes":""},"class_list":["post-4029","page","type-page","status-publish","has-post-thumbnail","hentry"],"acf":[],"yoast_head":"<!-- This site is optimized with the Yoast SEO Premium plugin v27.2 (Yoast SEO v27.2) - https:\/\/yoast.com\/product\/yoast-seo-premium-wordpress\/ -->\n<title>Jiffy Group - Torffreie L\u00f6sungen f\u00fcr den Pflanzenbau<\/title>\n<meta name=\"description\" content=\"Jiffy: Ihr Partner f\u00fcr den torffreien Anbau\" \/>\n<meta name=\"robots\" content=\"index, follow, max-snippet:-1, max-image-preview:large, max-video-preview:-1\" \/>\n<link rel=\"canonical\" href=\"https:\/\/jiffygroup.com\/de\/torffreie-loesungen-fuer-den-pflanzenbau\/\" \/>\n<meta property=\"og:locale\" content=\"de_DE\" \/>\n<meta property=\"og:type\" content=\"article\" \/>\n<meta property=\"og:title\" content=\"Torffreie L\u00f6sungen f\u00fcr den Pflanzenbau\" \/>\n<meta property=\"og:description\" content=\"Jiffy: Ihr Partner f\u00fcr den torffreien Anbau Gemeinsam f\u00fcr eine gr\u00fcnere Zukunft Bei Jiffy sehen wir es als unsere Aufgabe, G\u00e4rtnern die optimalen Werkzeuge\" \/>\n<meta property=\"og:url\" content=\"https:\/\/jiffygroup.com\/de\/torffreie-loesungen-fuer-den-pflanzenbau\/\" \/>\n<meta property=\"og:site_name\" content=\"Jiffy Group DE\" \/>\n<meta property=\"article:modified_time\" content=\"2026-01-21T09:01:16+00:00\" \/>\n<meta property=\"og:image\" content=\"https:\/\/jiffygroup.com\/de\/wp-content\/uploads\/2024\/01\/02602-2023-BOD8F11-1-Medium.jpg\" \/>\n\t<meta property=\"og:image:width\" content=\"1152\" \/>\n\t<meta property=\"og:image:height\" content=\"768\" \/>\n\t<meta property=\"og:image:type\" content=\"image\/jpeg\" \/>\n<meta name=\"twitter:card\" content=\"summary_large_image\" \/>\n<meta name=\"twitter:label1\" content=\"Gesch\u00e4tzte Lesezeit\" \/>\n\t<meta name=\"twitter:data1\" content=\"1\u00a0Minute\" \/>\n<script type=\"application\/ld+json\" class=\"yoast-schema-graph\">{\"@context\":\"https:\/\/schema.org\",\"@graph\":[{\"@type\":\"WebPage\",\"@id\":\"https:\/\/jiffygroup.com\/de\/torffreie-loesungen-fuer-den-pflanzenbau\/\",\"url\":\"https:\/\/jiffygroup.com\/de\/torffreie-loesungen-fuer-den-pflanzenbau\/\",\"name\":\"Jiffy Group - Torffreie L\u00f6sungen f\u00fcr den Pflanzenbau\",\"isPartOf\":{\"@id\":\"https:\/\/jiffygroup.com\/de\/#website\"},\"primaryImageOfPage\":{\"@id\":\"https:\/\/jiffygroup.com\/de\/torffreie-loesungen-fuer-den-pflanzenbau\/#primaryimage\"},\"image\":{\"@id\":\"https:\/\/jiffygroup.com\/de\/torffreie-loesungen-fuer-den-pflanzenbau\/#primaryimage\"},\"thumbnailUrl\":\"https:\/\/jiffygroup.com\/de\/wp-content\/uploads\/2024\/01\/02602-2023-BOD8F11-1-Medium.jpg\",\"datePublished\":\"2024-04-09T07:24:56+00:00\",\"dateModified\":\"2026-01-21T09:01:16+00:00\",\"description\":\"Jiffy: Ihr Partner f\u00fcr den torffreien Anbau\",\"breadcrumb\":{\"@id\":\"https:\/\/jiffygroup.com\/de\/torffreie-loesungen-fuer-den-pflanzenbau\/#breadcrumb\"},\"inLanguage\":\"de\",\"potentialAction\":[{\"@type\":\"ReadAction\",\"target\":[\"https:\/\/jiffygroup.com\/de\/torffreie-loesungen-fuer-den-pflanzenbau\/\"]}]},{\"@type\":\"ImageObject\",\"inLanguage\":\"de\",\"@id\":\"https:\/\/jiffygroup.com\/de\/torffreie-loesungen-fuer-den-pflanzenbau\/#primaryimage\",\"url\":\"https:\/\/jiffygroup.com\/de\/wp-content\/uploads\/2024\/01\/02602-2023-BOD8F11-1-Medium.jpg\",\"contentUrl\":\"https:\/\/jiffygroup.com\/de\/wp-content\/uploads\/2024\/01\/02602-2023-BOD8F11-1-Medium.jpg\",\"width\":1152,\"height\":768},{\"@type\":\"BreadcrumbList\",\"@id\":\"https:\/\/jiffygroup.com\/de\/torffreie-loesungen-fuer-den-pflanzenbau\/#breadcrumb\",\"itemListElement\":[{\"@type\":\"ListItem\",\"position\":1,\"name\":\"Startseite\",\"item\":\"https:\/\/jiffygroup.com\/de\/\"},{\"@type\":\"ListItem\",\"position\":2,\"name\":\"Torffreie L\u00f6sungen f\u00fcr den Pflanzenbau\"}]},{\"@type\":\"WebSite\",\"@id\":\"https:\/\/jiffygroup.com\/de\/#website\",\"url\":\"https:\/\/jiffygroup.com\/de\/\",\"name\":\"Jiffy Group DE\",\"description\":\"It&#039;s all about the roots\",\"potentialAction\":[{\"@type\":\"SearchAction\",\"target\":{\"@type\":\"EntryPoint\",\"urlTemplate\":\"https:\/\/jiffygroup.com\/de\/?s={search_term_string}\"},\"query-input\":{\"@type\":\"PropertyValueSpecification\",\"valueRequired\":true,\"valueName\":\"search_term_string\"}}],\"inLanguage\":\"de\"}]}<\/script>\n<!-- \/ Yoast SEO Premium plugin. -->","yoast_head_json":{"title":"Jiffy Group - Torffreie L\u00f6sungen f\u00fcr den Pflanzenbau","description":"Jiffy: Ihr Partner f\u00fcr den torffreien Anbau","robots":{"index":"index","follow":"follow","max-snippet":"max-snippet:-1","max-image-preview":"max-image-preview:large","max-video-preview":"max-video-preview:-1"},"canonical":"https:\/\/jiffygroup.com\/de\/torffreie-loesungen-fuer-den-pflanzenbau\/","og_locale":"de_DE","og_type":"article","og_title":"Torffreie L\u00f6sungen f\u00fcr den Pflanzenbau","og_description":"Jiffy: Ihr Partner f\u00fcr den torffreien Anbau Gemeinsam f\u00fcr eine gr\u00fcnere Zukunft Bei Jiffy sehen wir es als unsere Aufgabe, G\u00e4rtnern die optimalen Werkzeuge","og_url":"https:\/\/jiffygroup.com\/de\/torffreie-loesungen-fuer-den-pflanzenbau\/","og_site_name":"Jiffy Group DE","article_modified_time":"2026-01-21T09:01:16+00:00","og_image":[{"width":1152,"height":768,"url":"https:\/\/jiffygroup.com\/de\/wp-content\/uploads\/2024\/01\/02602-2023-BOD8F11-1-Medium.jpg","type":"image\/jpeg"}],"twitter_card":"summary_large_image","twitter_misc":{"Gesch\u00e4tzte Lesezeit":"1\u00a0Minute"},"schema":{"@context":"https:\/\/schema.org","@graph":[{"@type":"WebPage","@id":"https:\/\/jiffygroup.com\/de\/torffreie-loesungen-fuer-den-pflanzenbau\/","url":"https:\/\/jiffygroup.com\/de\/torffreie-loesungen-fuer-den-pflanzenbau\/","name":"Jiffy Group - Torffreie L\u00f6sungen f\u00fcr den Pflanzenbau","isPartOf":{"@id":"https:\/\/jiffygroup.com\/de\/#website"},"primaryImageOfPage":{"@id":"https:\/\/jiffygroup.com\/de\/torffreie-loesungen-fuer-den-pflanzenbau\/#primaryimage"},"image":{"@id":"https:\/\/jiffygroup.com\/de\/torffreie-loesungen-fuer-den-pflanzenbau\/#primaryimage"},"thumbnailUrl":"https:\/\/jiffygroup.com\/de\/wp-content\/uploads\/2024\/01\/02602-2023-BOD8F11-1-Medium.jpg","datePublished":"2024-04-09T07:24:56+00:00","dateModified":"2026-01-21T09:01:16+00:00","description":"Jiffy: Ihr Partner f\u00fcr den torffreien Anbau","breadcrumb":{"@id":"https:\/\/jiffygroup.com\/de\/torffreie-loesungen-fuer-den-pflanzenbau\/#breadcrumb"},"inLanguage":"de","potentialAction":[{"@type":"ReadAction","target":["https:\/\/jiffygroup.com\/de\/torffreie-loesungen-fuer-den-pflanzenbau\/"]}]},{"@type":"ImageObject","inLanguage":"de","@id":"https:\/\/jiffygroup.com\/de\/torffreie-loesungen-fuer-den-pflanzenbau\/#primaryimage","url":"https:\/\/jiffygroup.com\/de\/wp-content\/uploads\/2024\/01\/02602-2023-BOD8F11-1-Medium.jpg","contentUrl":"https:\/\/jiffygroup.com\/de\/wp-content\/uploads\/2024\/01\/02602-2023-BOD8F11-1-Medium.jpg","width":1152,"height":768},{"@type":"BreadcrumbList","@id":"https:\/\/jiffygroup.com\/de\/torffreie-loesungen-fuer-den-pflanzenbau\/#breadcrumb","itemListElement":[{"@type":"ListItem","position":1,"name":"Startseite","item":"https:\/\/jiffygroup.com\/de\/"},{"@type":"ListItem","position":2,"name":"Torffreie L\u00f6sungen f\u00fcr den Pflanzenbau"}]},{"@type":"WebSite","@id":"https:\/\/jiffygroup.com\/de\/#website","url":"https:\/\/jiffygroup.com\/de\/","name":"Jiffy Group DE","description":"It&#039;s all about the roots","potentialAction":[{"@type":"SearchAction","target":{"@type":"EntryPoint","urlTemplate":"https:\/\/jiffygroup.com\/de\/?s={search_term_string}"},"query-input":{"@type":"PropertyValueSpecification","valueRequired":true,"valueName":"search_term_string"}}],"inLanguage":"de"}]}},"_links":{"self":[{"href":"https:\/\/jiffygroup.com\/de\/wp-json\/wp\/v2\/pages\/4029","targetHints":{"allow":["GET"]}}],"collection":[{"href":"https:\/\/jiffygroup.com\/de\/wp-json\/wp\/v2\/pages"}],"about":[{"href":"https:\/\/jiffygroup.com\/de\/wp-json\/wp\/v2\/types\/page"}],"author":[{"embeddable":true,"href":"https:\/\/jiffygroup.com\/de\/wp-json\/wp\/v2\/users\/1"}],"replies":[{"embeddable":true,"href":"https:\/\/jiffygroup.com\/de\/wp-json\/wp\/v2\/comments?post=4029"}],"version-history":[{"count":18,"href":"https:\/\/jiffygroup.com\/de\/wp-json\/wp\/v2\/pages\/4029\/revisions"}],"predecessor-version":[{"id":4218,"href":"https:\/\/jiffygroup.com\/de\/wp-json\/wp\/v2\/pages\/4029\/revisions\/4218"}],"wp:featuredmedia":[{"embeddable":true,"href":"https:\/\/jiffygroup.com\/de\/wp-json\/wp\/v2\/media\/3997"}],"wp:attachment":[{"href":"https:\/\/jiffygroup.com\/de\/wp-json\/wp\/v2\/media?parent=4029"}],"curies":[{"name":"wp","href":"https:\/\/api.w.org\/{rel}","templated":true}]}}