{"id":26,"date":"2020-03-10T10:48:16","date_gmt":"2020-03-10T08:48:16","guid":{"rendered":"https:\/\/jiffygroup.com\/?page_id=26"},"modified":"2025-06-23T15:51:35","modified_gmt":"2025-06-23T13:51:35","slug":"allgemeine-geschaeftsbedingungen","status":"publish","type":"page","link":"https:\/\/jiffygroup.com\/de\/allgemeine-geschaeftsbedingungen\/","title":{"rendered":"Allgemeine Gesch\u00e4ftsbedingungen"},"content":{"rendered":"\n<p>Auf dieser Seite k\u00f6nnen Sie die aktuellen Allgemeinen Verkaufsbedingungen in verschiedenen Sprachen herunterladen. Klicken Sie auf den Link unten, um sie als PDF-Dokumente herunterzuladen. Wo Verkaufsbedingungen f\u00fcr ein bestimmtes Land angegeben werden, gelten diese Bedingungen vorrangig f\u00fcr dieses Land. F\u00fcr L\u00e4nder des Europ\u00e4ischen Wirtschaftsraum gelten die allgemeinen Bedingungen der EU. F\u00fcr andere L\u00e4nder\/M\u00e4rkte unterliegen die Bedingungen einer \u00dcbereinkunft mit der relevanten Jiffy-Niederlassung.<\/p>\n\n\n\n<div class=\"wp-block-file\"><a id=\"wp-block-file--media-026a5035-2e03-4ecf-a6ac-3f3303f381a2\" href=\"https:\/\/jiffygroup.com\/wp-content\/uploads\/2020\/09\/General_Terms__Conditions_of_Jiffy_2019.pdf\">General Terms &amp; Conditions (EU)<\/a><a href=\"https:\/\/jiffygroup.com\/wp-content\/uploads\/2020\/09\/General_Terms__Conditions_of_Jiffy_2019.pdf\" class=\"wp-block-file__button wp-element-button\" download aria-describedby=\"wp-block-file--media-026a5035-2e03-4ecf-a6ac-3f3303f381a2\">Download<\/a><\/div>\n\n\n\n<div class=\"wp-block-file\"><a id=\"wp-block-file--media-026a5035-2e03-4ecf-a6ac-3f3303f381a2\" href=\"https:\/\/jiffygroup.com\/de\/wp-content\/uploads\/2023\/06\/JPA-Terms-and-Conditions-2023.pdf\">General Terms &amp; Conditions (US)<\/a><a href=\"https:\/\/jiffygroup.com\/de\/wp-content\/uploads\/2023\/06\/JPA-Terms-and-Conditions-2023.pdf\" class=\"wp-block-file__button wp-element-button\" download aria-describedby=\"wp-block-file--media-026a5035-2e03-4ecf-a6ac-3f3303f381a2\">Download<\/a><\/div>\n\n\n\n<div class=\"wp-block-file\"><a id=\"wp-block-file--media-7feb3a63-5d21-4fa1-80b2-7bdb6286fb17\" href=\"https:\/\/jiffygroup.com\/wp-content\/uploads\/2020\/09\/Algemene_Voorwaarden_van_Jiffy_2019.pdf\">General Terms &amp; Conditions (Benelux)<\/a><a href=\"https:\/\/jiffygroup.com\/wp-content\/uploads\/2020\/09\/Algemene_Voorwaarden_van_Jiffy_2019.pdf\" class=\"wp-block-file__button wp-element-button\" download aria-describedby=\"wp-block-file--media-7feb3a63-5d21-4fa1-80b2-7bdb6286fb17\">Download<\/a><\/div>\n\n\n\n<div class=\"wp-block-file\"><a id=\"wp-block-file--media-c109450c-10e3-44b9-9683-24beac2ad283\" href=\"https:\/\/jiffygroup.com\/wp-content\/uploads\/2020\/09\/Allgemeine-Verkaufs-und-Lieferbedungen-Jiffy-Products-2019.pdf\">General Terms &amp; Conditions (Germany)<\/a><a href=\"https:\/\/jiffygroup.com\/wp-content\/uploads\/2020\/09\/Allgemeine-Verkaufs-und-Lieferbedungen-Jiffy-Products-2019.pdf\" class=\"wp-block-file__button wp-element-button\" download aria-describedby=\"wp-block-file--media-c109450c-10e3-44b9-9683-24beac2ad283\">Download<\/a><\/div>\n\n\n\n<div class=\"wp-block-file\"><a href=\"https:\/\/jiffygroup.com\/de\/wp-content\/uploads\/2021\/11\/Jiffy-Terms-and-Conditions-of-Sale-21-ESMX.pdf\">General Terms &amp; Conditions (Mexico)<\/a><a href=\"https:\/\/jiffygroup.com\/de\/wp-content\/uploads\/2021\/11\/Jiffy-Terms-and-Conditions-of-Sale-21-ESMX.pdf\" class=\"wp-block-file__button\" download>Download<\/a><\/div>\n\n\n\n<div class=\"wp-block-file\"><a id=\"wp-block-file--media-d6363b3a-5151-449f-b1dd-57b16be2fbf3\" href=\"https:\/\/jiffygroup.com\/wp-content\/uploads\/2020\/09\/Condizioni_Generali_di_Jiffy_2019.pdf\">General Terms &amp; Conditions (Italy)<\/a><a href=\"https:\/\/jiffygroup.com\/wp-content\/uploads\/2020\/09\/Condizioni_Generali_di_Jiffy_2019.pdf\" class=\"wp-block-file__button wp-element-button\" download aria-describedby=\"wp-block-file--media-d6363b3a-5151-449f-b1dd-57b16be2fbf3\">Download<\/a><\/div>\n\n\n\n<div class=\"wp-block-file\"><a id=\"wp-block-file--media-4c028d18-79bb-4ca9-9a49-0b41f0cb4fe6\" href=\"https:\/\/jiffygroup.com\/de\/wp-content\/uploads\/2020\/09\/Condiciones_Generales_de_Jiffy_2019.pdf\">General Terms &amp; Conditions (Spain)<\/a><a href=\"https:\/\/jiffygroup.com\/de\/wp-content\/uploads\/2020\/09\/Condiciones_Generales_de_Jiffy_2019.pdf\" class=\"wp-block-file__button wp-element-button\" download aria-describedby=\"wp-block-file--media-4c028d18-79bb-4ca9-9a49-0b41f0cb4fe6\">Download<\/a><\/div>\n\n\n\n<div class=\"wp-block-file\"><a id=\"wp-block-file--media-04f7f5c0-5d4c-4d11-9dd2-0f3d03c2f1ed\" href=\"https:\/\/jiffygroup.com\/wp-content\/uploads\/2020\/09\/Conditions_Generales_de_Jiffy_2019.pdf\">General Terms &amp; Conditions (France)<\/a><a href=\"https:\/\/jiffygroup.com\/wp-content\/uploads\/2020\/09\/Conditions_Generales_de_Jiffy_2019.pdf\" class=\"wp-block-file__button wp-element-button\" download aria-describedby=\"wp-block-file--media-04f7f5c0-5d4c-4d11-9dd2-0f3d03c2f1ed\">Download<\/a><\/div>\n\n\n\n<div class=\"wp-block-file\"><a id=\"wp-block-file--media-be807947-d5ca-4727-bad8-907e1c0e2f18\" href=\"https:\/\/jiffygroup.com\/wp-content\/uploads\/2020\/09\/Handelsbetingelser_for_Jiffy_2019.pdf\">General Terms &amp; Conditions (Denmark)<\/a><a href=\"https:\/\/jiffygroup.com\/wp-content\/uploads\/2020\/09\/Handelsbetingelser_for_Jiffy_2019.pdf\" class=\"wp-block-file__button wp-element-button\" download aria-describedby=\"wp-block-file--media-be807947-d5ca-4727-bad8-907e1c0e2f18\">Download<\/a><\/div>\n\n\n\n<div class=\"wp-block-file\"><a id=\"wp-block-file--media-7a06138c-c7e5-448d-a2d2-ff20fa1d560e\" href=\"https:\/\/jiffygroup.com\/wp-content\/uploads\/2020\/09\/\u041e\u0411\u0429\u0418\u0415_\u0423\u0421\u041b\u041e\u0412\u0418\u042f_\u041a\u041e\u041c\u041f\u0410\u041d\u0418\u0418_Jiffy_2019.pdf\">General Term &amp; Conditions (Russia)<\/a><a href=\"https:\/\/jiffygroup.com\/wp-content\/uploads\/2020\/09\/\u041e\u0411\u0429\u0418\u0415_\u0423\u0421\u041b\u041e\u0412\u0418\u042f_\u041a\u041e\u041c\u041f\u0410\u041d\u0418\u0418_Jiffy_2019.pdf\" class=\"wp-block-file__button wp-element-button\" download aria-describedby=\"wp-block-file--media-7a06138c-c7e5-448d-a2d2-ff20fa1d560e\">Download<\/a><\/div>\n\n\n\n<div class=\"wp-block-file\"><a id=\"wp-block-file--media-b060c443-2daa-4674-963b-e55b9bd4ae2f\" href=\"https:\/\/jiffygroup.com\/wp-content\/uploads\/2020\/09\/General_Terms__Conditions_of_Jiffy_2019.pdf\">General Terms &amp; Conditions (UK)<\/a><a href=\"https:\/\/jiffygroup.com\/wp-content\/uploads\/2020\/09\/General_Terms__Conditions_of_Jiffy_2019.pdf\" class=\"wp-block-file__button wp-element-button\" download aria-describedby=\"wp-block-file--media-b060c443-2daa-4674-963b-e55b9bd4ae2f\">Download<\/a><\/div>\n\n\n\n<div class=\"wp-block-file\"><a href=\"https:\/\/jiffygroup.com\/de\/wp-content\/uploads\/2021\/11\/Jiffy-Terms-and-Conditions-of-Sale-21_CAFR-1.pdf\">General Terms &amp; Conditions (Canada)<\/a><a href=\"https:\/\/jiffygroup.com\/de\/wp-content\/uploads\/2021\/11\/Jiffy-Terms-and-Conditions-of-Sale-21_CAFR-1.pdf\" class=\"wp-block-file__button\" download>Download<\/a><\/div>\n","protected":false},"excerpt":{"rendered":"<p>Auf dieser Seite k\u00f6nnen Sie die aktuellen Allgemeinen Verkaufsbedingungen in verschiedenen Sprachen herunterladen. Klicken Sie auf den Link unten, um sie als PDF-Dokumente herunterzuladen. Wo Verkaufsbedingungen f\u00fcr ein bestimmtes Land angegeben werden, gelten diese Bedingungen vorrangig f\u00fcr dieses Land. F\u00fcr L\u00e4nder des Europ\u00e4ischen Wirtschaftsraum gelten die allgemeinen Bedingungen der EU. F\u00fcr andere L\u00e4nder\/M\u00e4rkte unterliegen die&hellip;<\/p>\n","protected":false},"author":1,"featured_media":0,"parent":0,"menu_order":0,"comment_status":"closed","ping_status":"closed","template":"","meta":{"_acf_changed":false,"editor_notices":[],"footnotes":""},"class_list":["post-26","page","type-page","status-publish","hentry"],"acf":[],"yoast_head":"<!-- This site is optimized with the Yoast SEO Premium plugin v27.2 (Yoast SEO v27.2) - https:\/\/yoast.com\/product\/yoast-seo-premium-wordpress\/ -->\n<title>Allgemeine Gesch\u00e4ftsbedingungen | Jiffy Group<\/title>\n<meta name=\"description\" content=\"Allgemeine Gesch\u00e4ftsbedingungen: Laden Sie aktuelle Verkaufsbedingungen in verschiedenen Sprachen als PDF herunter.\" \/>\n<meta name=\"robots\" content=\"index, follow, max-snippet:-1, max-image-preview:large, max-video-preview:-1\" \/>\n<link rel=\"canonical\" href=\"https:\/\/jiffygroup.com\/de\/allgemeine-geschaeftsbedingungen\/\" \/>\n<meta property=\"og:locale\" content=\"de_DE\" \/>\n<meta property=\"og:type\" content=\"article\" \/>\n<meta property=\"og:title\" content=\"Allgemeine Gesch\u00e4ftsbedingungen\" \/>\n<meta property=\"og:description\" content=\"Auf dieser Seite k\u00f6nnen Sie die aktuellen Allgemeinen Verkaufsbedingungen in verschiedenen Sprachen herunterladen. Klicken Sie auf den Link unten, um sie\" \/>\n<meta property=\"og:url\" content=\"https:\/\/jiffygroup.com\/de\/allgemeine-geschaeftsbedingungen\/\" \/>\n<meta property=\"og:site_name\" content=\"Jiffy Group DE\" \/>\n<meta property=\"article:modified_time\" content=\"2025-06-23T13:51:35+00:00\" \/>\n<meta name=\"twitter:card\" content=\"summary_large_image\" \/>\n<meta name=\"twitter:label1\" content=\"Gesch\u00e4tzte Lesezeit\" \/>\n\t<meta name=\"twitter:data1\" content=\"1\u00a0Minute\" \/>\n<script type=\"application\/ld+json\" class=\"yoast-schema-graph\">{\"@context\":\"https:\/\/schema.org\",\"@graph\":[{\"@type\":\"WebPage\",\"@id\":\"https:\/\/jiffygroup.com\/de\/allgemeine-geschaeftsbedingungen\/\",\"url\":\"https:\/\/jiffygroup.com\/de\/allgemeine-geschaeftsbedingungen\/\",\"name\":\"Allgemeine Gesch\u00e4ftsbedingungen | Jiffy Group\",\"isPartOf\":{\"@id\":\"https:\/\/jiffygroup.com\/de\/#website\"},\"datePublished\":\"2020-03-10T08:48:16+00:00\",\"dateModified\":\"2025-06-23T13:51:35+00:00\",\"description\":\"Allgemeine Gesch\u00e4ftsbedingungen: Laden Sie aktuelle Verkaufsbedingungen in verschiedenen Sprachen als PDF herunter.\",\"breadcrumb\":{\"@id\":\"https:\/\/jiffygroup.com\/de\/allgemeine-geschaeftsbedingungen\/#breadcrumb\"},\"inLanguage\":\"de\",\"potentialAction\":[{\"@type\":\"ReadAction\",\"target\":[\"https:\/\/jiffygroup.com\/de\/allgemeine-geschaeftsbedingungen\/\"]}]},{\"@type\":\"BreadcrumbList\",\"@id\":\"https:\/\/jiffygroup.com\/de\/allgemeine-geschaeftsbedingungen\/#breadcrumb\",\"itemListElement\":[{\"@type\":\"ListItem\",\"position\":1,\"name\":\"Startseite\",\"item\":\"https:\/\/jiffygroup.com\/de\/\"},{\"@type\":\"ListItem\",\"position\":2,\"name\":\"Allgemeine Gesch\u00e4ftsbedingungen\"}]},{\"@type\":\"WebSite\",\"@id\":\"https:\/\/jiffygroup.com\/de\/#website\",\"url\":\"https:\/\/jiffygroup.com\/de\/\",\"name\":\"Jiffy Group DE\",\"description\":\"It&#039;s all about the roots\",\"potentialAction\":[{\"@type\":\"SearchAction\",\"target\":{\"@type\":\"EntryPoint\",\"urlTemplate\":\"https:\/\/jiffygroup.com\/de\/?s={search_term_string}\"},\"query-input\":{\"@type\":\"PropertyValueSpecification\",\"valueRequired\":true,\"valueName\":\"search_term_string\"}}],\"inLanguage\":\"de\"}]}<\/script>\n<!-- \/ Yoast SEO Premium plugin. -->","yoast_head_json":{"title":"Allgemeine Gesch\u00e4ftsbedingungen | Jiffy Group","description":"Allgemeine Gesch\u00e4ftsbedingungen: Laden Sie aktuelle Verkaufsbedingungen in verschiedenen Sprachen als PDF herunter.","robots":{"index":"index","follow":"follow","max-snippet":"max-snippet:-1","max-image-preview":"max-image-preview:large","max-video-preview":"max-video-preview:-1"},"canonical":"https:\/\/jiffygroup.com\/de\/allgemeine-geschaeftsbedingungen\/","og_locale":"de_DE","og_type":"article","og_title":"Allgemeine Gesch\u00e4ftsbedingungen","og_description":"Auf dieser Seite k\u00f6nnen Sie die aktuellen Allgemeinen Verkaufsbedingungen in verschiedenen Sprachen herunterladen. Klicken Sie auf den Link unten, um sie","og_url":"https:\/\/jiffygroup.com\/de\/allgemeine-geschaeftsbedingungen\/","og_site_name":"Jiffy Group DE","article_modified_time":"2025-06-23T13:51:35+00:00","twitter_card":"summary_large_image","twitter_misc":{"Gesch\u00e4tzte Lesezeit":"1\u00a0Minute"},"schema":{"@context":"https:\/\/schema.org","@graph":[{"@type":"WebPage","@id":"https:\/\/jiffygroup.com\/de\/allgemeine-geschaeftsbedingungen\/","url":"https:\/\/jiffygroup.com\/de\/allgemeine-geschaeftsbedingungen\/","name":"Allgemeine Gesch\u00e4ftsbedingungen | Jiffy Group","isPartOf":{"@id":"https:\/\/jiffygroup.com\/de\/#website"},"datePublished":"2020-03-10T08:48:16+00:00","dateModified":"2025-06-23T13:51:35+00:00","description":"Allgemeine Gesch\u00e4ftsbedingungen: Laden Sie aktuelle Verkaufsbedingungen in verschiedenen Sprachen als PDF herunter.","breadcrumb":{"@id":"https:\/\/jiffygroup.com\/de\/allgemeine-geschaeftsbedingungen\/#breadcrumb"},"inLanguage":"de","potentialAction":[{"@type":"ReadAction","target":["https:\/\/jiffygroup.com\/de\/allgemeine-geschaeftsbedingungen\/"]}]},{"@type":"BreadcrumbList","@id":"https:\/\/jiffygroup.com\/de\/allgemeine-geschaeftsbedingungen\/#breadcrumb","itemListElement":[{"@type":"ListItem","position":1,"name":"Startseite","item":"https:\/\/jiffygroup.com\/de\/"},{"@type":"ListItem","position":2,"name":"Allgemeine Gesch\u00e4ftsbedingungen"}]},{"@type":"WebSite","@id":"https:\/\/jiffygroup.com\/de\/#website","url":"https:\/\/jiffygroup.com\/de\/","name":"Jiffy Group DE","description":"It&#039;s all about the roots","potentialAction":[{"@type":"SearchAction","target":{"@type":"EntryPoint","urlTemplate":"https:\/\/jiffygroup.com\/de\/?s={search_term_string}"},"query-input":{"@type":"PropertyValueSpecification","valueRequired":true,"valueName":"search_term_string"}}],"inLanguage":"de"}]}},"_links":{"self":[{"href":"https:\/\/jiffygroup.com\/de\/wp-json\/wp\/v2\/pages\/26","targetHints":{"allow":["GET"]}}],"collection":[{"href":"https:\/\/jiffygroup.com\/de\/wp-json\/wp\/v2\/pages"}],"about":[{"href":"https:\/\/jiffygroup.com\/de\/wp-json\/wp\/v2\/types\/page"}],"author":[{"embeddable":true,"href":"https:\/\/jiffygroup.com\/de\/wp-json\/wp\/v2\/users\/1"}],"replies":[{"embeddable":true,"href":"https:\/\/jiffygroup.com\/de\/wp-json\/wp\/v2\/comments?post=26"}],"version-history":[{"count":14,"href":"https:\/\/jiffygroup.com\/de\/wp-json\/wp\/v2\/pages\/26\/revisions"}],"predecessor-version":[{"id":4767,"href":"https:\/\/jiffygroup.com\/de\/wp-json\/wp\/v2\/pages\/26\/revisions\/4767"}],"wp:attachment":[{"href":"https:\/\/jiffygroup.com\/de\/wp-json\/wp\/v2\/media?parent=26"}],"curies":[{"name":"wp","href":"https:\/\/api.w.org\/{rel}","templated":true}]}}