{"id":22,"date":"2020-03-10T10:47:41","date_gmt":"2020-03-10T10:47:41","guid":{"rendered":"https:\/\/jiffygroup.com\/?page_id=22"},"modified":"2023-09-25T14:03:18","modified_gmt":"2023-09-25T12:03:18","slug":"datenschutz","status":"publish","type":"page","link":"https:\/\/jiffygroup.com\/de\/datenschutz\/","title":{"rendered":"Datenschutz"},"content":{"rendered":"\n<h2 class=\"wp-block-heading\" id=\"h-cookies-und-wie-sie-ihnen-nutzen\">Cookies und wie Sie Ihnen n\u00fctzen<\/h2>\n\n\n\n<p>Unsere Website verwendet Cookies, wie fast alle Websites, um Ihnen das beste Erlebnis zu bieten. Cookies sind kleine Textdateien, die auf Ihrem Computer oder Mobiltelefon abgelegt werden, wenn Sie im Internet surfen.<\/p>\n\n\n\n<p>Unsere Cookies helfen uns:<\/p>\n\n\n\n<ul class=\"wp-block-list\">\n<li>Unsere Website wie erwartet funktionieren zu lassen<\/li>\n\n\n\n<li>Ihre Einstellungen w\u00e4hrend und zwischen Besuchen zu speichern<\/li>\n\n\n\n<li>Die Geschwindigkeit\/Sicherheit der Website zu verbessern<\/li>\n\n\n\n<li>Unsere Website st\u00e4ndig f\u00fcr Sie zu verbessern<\/li>\n\n\n\n<li>Unser Marketing effizienter zu machen (letztendlich hilft uns das, unsere Dienstleistung zu unserem Preis anbieten zu k\u00f6nnen)<\/li>\n<\/ul>\n\n\n\n<p>Wir verwenden Cookies nicht um:<\/p>\n\n\n\n<ul class=\"wp-block-list\">\n<li>Personenbezogene Daten zu sammeln (ohne Ihre ausdr\u00fcckliche Erlaubnis)<\/li>\n\n\n\n<li>Sensible Daten zu sammeln (ohne Ihre ausdr\u00fcckliche Erlaubnis)<\/li>\n\n\n\n<li>Daten an Werbenetzwerke weiterzugeben<\/li>\n\n\n\n<li>Dritten personenbezogene Daten weiterzugeben<\/li>\n\n\n\n<li>Verkaufsprovisionen zu zahlen<\/li>\n<\/ul>\n\n\n\n<p>Unten k\u00f6nnen Sie mehr \u00fcber alle Cookies erfahren, die wir verwenden<\/p>\n\n\n\n<h2 class=\"wp-block-heading\" id=\"h-erteilen-sie-uns-die-erlaubnis-cookies-zu-verwenden\">Erteilen Sie uns die Erlaubnis, Cookies zu verwenden<\/h2>\n\n\n\n<p>Wenn die Einstellungen der Software, mit der Sie diese Website ansehen (Ihr Browser) so eingestellt ist, dass Cookies akzeptiert werden, dann nehmen wir das, und die weitere Nutzung unserer Website, als Best\u00e4tigung, dass dies f\u00fcr Sie in Ordnung ist. Sollten Sie Cookies von unserer Website entfernen oder nicht verwenden wollen, k\u00f6nnen Sie unten erfahren, wie das geht. Dadurch wird aber wahrscheinlich unsere Website nicht so funktionieren, wie Sie es erwarten w\u00fcrden.<\/p>\n\n\n\n<h2 class=\"wp-block-heading\" id=\"h-mehr-uber-unsere-cookies\">Mehr \u00fcber unsere Cookies<\/h2>\n\n\n\n<h3 class=\"wp-block-heading\" id=\"h-cookies-fur-website-funktionen\">Cookies f\u00fcr Website-Funktionen<\/h3>\n\n\n\n<h3 class=\"wp-block-heading\" id=\"h-unsere-eigenen-cookies\">Unsere eigenen Cookies<\/h3>\n\n\n\n<p>Wir verwenden Cookies, damit unsere Website funktioniert, einschlie\u00dflich:<\/p>\n\n\n\n<ul class=\"wp-block-list\">\n<li>Zum Speichern Ihrer Einstellungen<\/li>\n\n\n\n<li>Zum Speichern Ihrer Vorlieben wie Farben, Kontrast usw.<\/li>\n<\/ul>\n\n\n\n<p>Diese Cookies k\u00f6nnen Sie nicht verhindern, au\u00dfer Sie nutzen unsere Website nicht.<\/p>\n\n\n\n<h3 class=\"wp-block-heading\" id=\"h-anonyme-besuchsstatistik-cookies\">Anonyme Besuchsstatistik-Cookies<\/h3>\n\n\n\n<p>Wir verwenden Cookies, um Besuchsstatistiken zusammenzustellen, z. B. wie viele Menschen unsere Website besucht haben, welche Technik sie verwenden (z. B. Mac oder Windows, wodurch wir feststellen, ob unsere Website f\u00fcr bestimmte Technologien nicht ordnungsgem\u00e4\u00df funktioniert), wie lange sie auf der Website verbringen, welche Seiten sie ansehen usw.. Dies hilft uns, die Website st\u00e4ndig zu verbessern. Diese sogenannten Analyseprogramme sagen uns auch auf anonymer Basis, wie Leute diese Website erreicht haben (z. B. \u00fcber eine Suchmaschine) und ob sie sie schon einmal hier waren. Dadurch k\u00f6nnen wir mehr Geld in die Verbesserung unserer Dienstleistung f\u00fcr Sie stecken, anstatt es f\u00fcr Marketing auszugeben.<\/p>\n\n\n\n<h3 class=\"wp-block-heading\" id=\"h-cookies-abschalten\">Cookies abschalten<\/h3>\n\n\n\n<p>Sie k\u00f6nnen Cookies in der Regel abschalten, indem Sie Ihre Browsereinstellungen so einrichten, dass keine Cookies akzeptiert werden (erfahren Sie <a href=\"http:\/\/www.attacat.co.uk\/resources\/cookies\/how-to-ban\">hier<\/a>, wie das geht). Dadurch wird aber wahrscheinlich die Funktionalit\u00e4t unsere Website, sowie die der meisten anderen Websites beeintr\u00e4chtigt, da Cookies standardm\u00e4\u00dfig in den meisten modernen Websites verwendet werden.<\/p>\n\n\n\n<p>Vielleicht sorgen Sie sich, dass Cookies mit sogenannte Spionagesoftware versehen sein k\u00f6nnen. Anstatt Cookies in Ihrem Browser zu deaktivieren k\u00f6nnte vielleicht Anti-Spionagesoftware das gleiche Ziel erreichen, denn sie l\u00f6scht automatisch Cookies, die als invasiv gelten. Erfahren Sie mehr dar\u00fcber, wie Sie Cookies <a href=\"http:\/\/www.attacat.co.uk\/resources\/cookies\/how-to-control-your-online-privacy\">mit Anti-Spionagesoftware<\/a> in den Griff bekommen.<\/p>\n\n\n\n<p><\/p>\n\n\n\n<p class=\"has-large-font-size\"><strong>Datenschutzbestimmungen der Jiffy Group<\/strong><\/p>\n\n\n\n<p><strong>1.&nbsp;&nbsp;&nbsp;&nbsp;&nbsp;&nbsp;&nbsp;&nbsp;&nbsp;&nbsp;&nbsp; AUF WELCHE DATEN UND PERSONEN BEZIEHEN SICH DIE VORLIEGENDEN DATENSCHUTZBESTIMMUNGEN?<\/strong><\/p>\n\n\n\n<p>Die Jiffy Group (das Unternehmen) ist verantwortlich f\u00fcr die \u00fcber die Website und die Services von Ihnen und \u00fcber Sie erhobenen personenbezogenen Daten, die wir im Einklang mit den vorliegenden Datenschutzbestimmungen verarbeiten.<\/p>\n\n\n\n<p>Diese Datenschutzbestimmungen sowie unsere Cookie-Richtlinien gelten f\u00fcr s\u00e4mtliche Nutzer*innen, einschlie\u00dflich der Personen, die die Website oder die Services ohne Registrierung oder Anmeldung nutzen.<\/p>\n\n\n\n<p><strong>2.&nbsp;&nbsp;&nbsp;&nbsp;&nbsp;&nbsp;&nbsp;&nbsp;&nbsp;&nbsp;&nbsp; WELCHE ARTEN VON PERSONENBEZOGENEN DATEN ERHEBEN WIR VON IHNEN?<\/strong><\/p>\n\n\n\n<p>Die Jiffy Group erhebt (1) Daten, die Sie uns freiwillig \u00fcbermittelt haben, (2) Aktivit\u00e4tsdaten, die beim Zugriff auf die Website oder die Services und bei der Interaktion damit \u00fcbermittelt werden, und (3) sonstige Daten. Konkret erhebt das Unternehmen folgende Daten von Ihnen und \u00fcber Sie:<\/p>\n\n\n\n<p>1.&nbsp;&nbsp;&nbsp;&nbsp;&nbsp;&nbsp;&nbsp;&nbsp;&nbsp;&nbsp;&nbsp; Registrierungsdaten: Erhebung \u00fcber das Registrierungsformular<\/p>\n\n\n\n<p>2.&nbsp;&nbsp;&nbsp;&nbsp;&nbsp;&nbsp;&nbsp;&nbsp;&nbsp;&nbsp;&nbsp; Daten, die Sie dem Unternehmen freiwillig \u00fcbermittelt haben: Wir k\u00f6nnen personenbezogene Daten von Ihnen erheben (z.&nbsp;B. Vor- und Nachname, E-Mail-Adresse, Wohnanschrift, Telefonnummer), wenn Sie \u00fcber das Kontaktformular auf der Website eine Anfrage senden, ein Account auf der Website erstellen oder die von uns angebotenen Services in Anspruch nehmen.<\/p>\n\n\n\n<p>3.&nbsp;&nbsp;&nbsp;&nbsp;&nbsp;&nbsp;&nbsp;&nbsp;&nbsp;&nbsp;&nbsp; Aktivit\u00e4tsdaten: Wenn Sie die Website besuchen oder mit der Website bzw. den Services interagieren, k\u00f6nnen wir bestimmte Informationen \u00fcber diese Besuche erheben. Zum Beispiel: Damit ein Zugriff auf die Website oder die Services m\u00f6glich wird, empfangen und speichern unsere Server Informationen \u00fcber Ihren Computer, Ihr Ger\u00e4t und Ihren Browser, u.&nbsp;a. Ihre IP-Adresse, den Browsertypen und sonstige Daten, sowie \u00fcber Ihre Soft- und Hardware. Wenn Sie von einem mobilen oder einem anderen Ger\u00e4t auf die Website oder die Services zugreifen, k\u00f6nnen wir eine eindeutige Kennung f\u00fcr das Ger\u00e4t, den geografischen Standort sowie andere Transaktionsdaten vom Ger\u00e4t erheben. Auch Cookies und weitere Tracking-Technologien k\u00f6nnen zum Einsatz kommen. Diese Technologien k\u00f6nnen ebenfalls f\u00fcr die Erhebung und Speicherung von Daten zu Ihrer Nutzung der Website oder der Services, z.&nbsp;B. \u00fcber die besuchten Seiten, den aufgerufenen Inhalt, Suchanfragen und angesehene Werbeanzeigen, verwendet werden.<\/p>\n\n\n\n<p>4.&nbsp;&nbsp;&nbsp;&nbsp;&nbsp;&nbsp;&nbsp;&nbsp;&nbsp;&nbsp;&nbsp; Daten aus anderen Quellen: Die von uns erhobenen Daten k\u00f6nnen um Daten aus anderen Quellen, z.&nbsp;B. aus \u00f6ffentlich verf\u00fcgbaren Informationen und kommerziellen Quellen, erg\u00e4nzt werden. Sofern die von Ihnen und \u00fcber Sie erhobenen Daten Sie nicht direkt oder indirekt als Einzelperson identifizieren (d.&nbsp;h. Rohdaten, aggregierte oder pseudonymisierte Daten), k\u00f6nnen wir diese im Rahmen des geltenden Datenschutzrechts f\u00fcr alle zul\u00e4ssigen Zwecke verwenden und mit Dritten teilen.<\/p>\n\n\n\n<p>Wir erheben keine personenbezogenen Daten spezieller Kategorien: Wir fordern Sie \u00fcber die Website, die Services oder auf anderen Wegen nicht auf, uns Informationen zu senden oder offenzulegen, die zu einer speziellen Kategorie von personenbezogenen Daten geh\u00f6ren (z.&nbsp;B. Sozialversicherungsnummer, Angaben zur Rasse oder ethnischen Herkunft, politische Ansichten, Religion oder andere Weltanschauung, Gesundheit, strafrechtliche Vergangenheit oder Mitgliedschaft in Arbeitnehmerorganisationen).<\/p>\n\n\n\n<p><strong>3.&nbsp;&nbsp;&nbsp;&nbsp;&nbsp;&nbsp;&nbsp;&nbsp;&nbsp;&nbsp;&nbsp; WARUM ERHEBEN WIR IHRE PERSONENBEZOGENEN DATEN?<\/strong><\/p>\n\n\n\n<p>Wir verarbeiten die von Ihnen und \u00fcber Sie erhobenen personenbezogenen Daten zu folgenden Zwecken:<\/p>\n\n\n\n<p>1. Sicherstellung, dass die Website und die Services genutzt werden k\u00f6nnen<\/p>\n\n\n\n<p>2. Messung und Verbesserung unserer Services und der zugeh\u00f6rigen Funktionen<\/p>\n\n\n\n<p>3. Verbesserung Ihres Erlebnisses in Bezug auf die Website und die Services<\/p>\n\n\n\n<p>4. Bereitstellung von Kundenservice und Beantwortung Ihrer Fragen<\/p>\n\n\n\n<p>5. Erf\u00fcllung der rechtlichen Pflichten (einschlie\u00dflich der Erbringung von Dienstleistungen) oder Beantwortung von Anfragen von Beh\u00f6rden oder Regierungsstellen<\/p>\n\n\n\n<p>6. Schutz der Rechte des Unternehmens und von anderen, insbesondere Verhinderung der Offenlegung Ihrer personenbezogenen Daten durch die Jiffy Group, u.&nbsp;a. wenn das Unternehmen eine solche Verarbeitung f\u00fcr folgende Zwecke f\u00fcr erforderlich h\u00e4lt: (i) Schutz, St\u00e4rkung oder Verteidigung der legitimen Rechte, der Privatsph\u00e4re, der Sicherheit oder des Eigentums des Unternehmens oder seiner Besch\u00e4ftigten, Vertreter und Auftragnehmer (auch zur Optimierung unserer Vereinbarungen und Nutzungsbedingungen), (ii) Schutz der Sicherheit und der Privatsph\u00e4re von Nutzer*innen der Website bzw. der Services oder von B\u00fcrger*innen und (iii) Schutz vor Betrug oder vor Verst\u00f6\u00dfen gegen die Sorgfaltspflicht<\/p>\n\n\n\n<p>7. mit Ihrem Einverst\u00e4ndnis: Versand von pers\u00f6nlichen Marketing- und Werbemitteilungen gem\u00e4\u00df Ihren Pr\u00e4ferenzen und pers\u00f6nlichen Entscheidungen auf automatisiertem (SMS, MMS, E-Mail, Marketing-Anruf usw.) oder nicht automatisiertem (pers\u00f6nlicher Anruf oder Brief) Weg<\/p>\n\n\n\n<p><strong>4.&nbsp;&nbsp;&nbsp;&nbsp;&nbsp;&nbsp;&nbsp;&nbsp;&nbsp;&nbsp;&nbsp; WIE LANGE SPEICHERN WIR IHRE PERSONENBEZOGENEN DATEN?<\/strong><\/p>\n\n\n\n<p>Die Jiffy Group speichert Ihre personenbezogenen Daten nur so lange, wie es f\u00fcr die Erreichung der beabsichtigten Zwecke notwendig ist, oder bis Sie mitteilen, dass diese gel\u00f6scht werden sollen.<\/p>\n\n\n\n<p>Sofern die von Ihnen und \u00fcber Sie erhobenen Daten Sie nicht direkt oder indirekt als Einzelperson identifizieren (d.&nbsp;h. Rohdaten, aggregierte oder pseudonymisierte Daten), k\u00f6nnen wir diese im Rahmen des geltenden Datenschutzrechts f\u00fcr alle zul\u00e4ssigen Zwecke verwenden und mit Dritten teilen.<\/p>\n\n\n\n<p>Wir erheben keine personenbezogenen Daten spezieller Kategorien: Wir fordern Sie \u00fcber die Website, die Services oder auf anderen Wegen nicht auf, uns Informationen zu senden oder offenzulegen, die zu einer speziellen Kategorie von personenbezogenen Daten geh\u00f6ren (z.&nbsp;B. Sozialversicherungsnummer, Angaben zur Rasse oder ethnischen Herkunft, politische Ansichten, Religion oder andere Weltanschauung, Gesundheit, strafrechtliche Vergangenheit oder Mitgliedschaft in Arbeitnehmerorganisationen).<\/p>\n\n\n\n<p><strong>5.&nbsp;&nbsp;&nbsp;&nbsp;&nbsp;&nbsp;&nbsp;&nbsp;&nbsp;&nbsp;&nbsp; WARUM ERHEBEN WIR IHRE PERSONENBEZOGENEN DATEN?<\/strong><\/p>\n\n\n\n<p>Wir verarbeiten die von Ihnen und \u00fcber Sie erhobenen personenbezogenen Daten zu folgenden Zwecken:<\/p>\n\n\n\n<p>1. Sicherstellung, dass die Website und die Services genutzt werden k\u00f6nnen<\/p>\n\n\n\n<p>2. Messung und Verbesserung unserer Services und der zugeh\u00f6rigen Funktionen<\/p>\n\n\n\n<p>3. Verbesserung Ihres Erlebnisses in Bezug auf die Website und die Services<\/p>\n\n\n\n<p>4. Bereitstellung von Kundenservice und Beantwortung Ihrer Fragen<\/p>\n\n\n\n<p>5. Erf\u00fcllung der rechtlichen Pflichten (einschlie\u00dflich der Erbringung von Dienstleistungen) oder Beantwortung von Anfragen von Beh\u00f6rden oder Regierungsstellen<\/p>\n\n\n\n<p>6. Schutz der Rechte des Unternehmens und von anderen, insbesondere Verhinderung der Offenlegung Ihrer personenbezogenen Daten durch die Jiffy Group, u.&nbsp;a. wenn das Unternehmen eine solche Verarbeitung f\u00fcr folgende Zwecke f\u00fcr erforderlich h\u00e4lt: (i) Schutz, St\u00e4rkung oder Verteidigung der legitimen Rechte, der Privatsph\u00e4re, der Sicherheit oder des Eigentums des Unternehmens oder seiner Besch\u00e4ftigten, Vertreter und Auftragnehmer auch zur Optimierung unserer Vereinbarungen und Nutzungsbedingungen), (ii) Schutz der Sicherheit und der Privatsph\u00e4re von Nutzer*innen der Website bzw. der Services oder von B\u00fcrger*innen und (iii) Schutz vor Betrug oder vor Verst\u00f6\u00dfen gegen die Sorgfaltspflicht<\/p>\n\n\n\n<p>7. mit Ihrem Einverst\u00e4ndnis: Versand von pers\u00f6nlichen Marketing- und Werbemitteilungen gem\u00e4\u00df Ihren Pr\u00e4ferenzen und pers\u00f6nlichen Entscheidungen auf automatisiertem (SMS, MMS, E-Mail, Marketing-Anruf usw.) oder nicht automatisiertem (pers\u00f6nlicher Anruf oder Brief) Weg<\/p>\n\n\n\n<p><strong>6.&nbsp;&nbsp;&nbsp;&nbsp;&nbsp;&nbsp;&nbsp;&nbsp;&nbsp;&nbsp;&nbsp; WIE LANGE SPEICHERN WIR IHRE PERSONENBEZOGENEN DATEN?<\/strong><\/p>\n\n\n\n<p>Die Jiffy Group speichert Ihre personenbezogenen Daten nur so lange, wie es f\u00fcr die Erreichung der beabsichtigten Zwecke notwendig ist, und bis zu einer Mitteilung Ihrerseits<\/p>\n\n\n\n<p><strong>7.&nbsp;&nbsp;&nbsp;&nbsp;&nbsp;&nbsp;&nbsp;&nbsp;&nbsp;&nbsp;&nbsp; WIE VERARBEITEN WIR IHRE PERSONENBEZOGENEN DATEN?<\/strong><\/p>\n\n\n\n<p>Die Daten werden f\u00fcr die vorgenannten Zwecke sowohl mit elektronischen Mitteln als auch manuell verarbeitet und mit angemessenen Sicherheitsma\u00dfnahmen gesch\u00fctzt. Die Jiffy Group ergreift angemessene administrative, technische, pers\u00f6nliche und physische Ma\u00dfnahmen zum Schutz der personenbezogenen Daten in ihrem Besitz gegen Verlust, Diebstahl und unbefugte Verwendung, kann aber nicht garantieren, dass s\u00e4mtliche Cyber-Risiken ausgeschlossen sind.<\/p>\n\n\n\n<p><strong>8.&nbsp;&nbsp;&nbsp;&nbsp;&nbsp;&nbsp;&nbsp;&nbsp;&nbsp;&nbsp;&nbsp; WER HAT ZUGRIFF AUF IHRE PERSONENBEZOGENEN DATEN?<\/strong><\/p>\n\n\n\n<p>Die Jiffy Group stellt sicher, dass Ihre personenbezogenen Daten Dritten au\u00dferhalb der Organisation nicht offengelegt werden.<\/p>\n\n\n\n<p><strong>9.<\/strong>&nbsp;&nbsp;&nbsp;&nbsp;&nbsp;&nbsp;&nbsp;&nbsp;&nbsp;&nbsp;&nbsp; <strong>WELCHE RECHTE HABEN SIE IN BEZUG AUF IHRE PERSONENBEZOGENEN DATEN?<\/strong><\/p>\n\n\n\n<p>Sie k\u00f6nnen sich jederzeit kostenlos auf folgende Rechte berufen und diese aus\u00fcben:<\/p>\n\n\n\n<p>1. Recht auf Auskunft \u00fcber die Zwecke und Methoden der Verarbeitung<\/p>\n\n\n\n<p>2. Recht auf Zugang<\/p>\n\n\n\n<p>3. Recht auf Beantragung der Aktualisierung, Berichtigung oder Integration personenbezogener Daten<\/p>\n\n\n\n<p>4. Recht auf L\u00f6schung, Pseudonymisierung oder Sperrung Ihrer personenbezogenen Daten<\/p>\n\n\n\n<p>5. Recht auf Einschr\u00e4nkung der Verarbeitung, allerdings nur in den folgenden F\u00e4llen: (i) die Daten sind nicht korrekt oder nicht aktualisiert, (ii) die Verarbeitung wird als rechtswidrig erachtet, (iii) die Daten werden f\u00fcr die Aus\u00fcbung oder Verteidigung von rechtm\u00e4\u00dfigen Anspr\u00fcchen ben\u00f6tigt oder (iv) das Datensubjekt hat der Verarbeitung widersprochen.<\/p>\n\n\n\n<p>6. Recht auf vollst\u00e4ndigen oder teilweisen Widerspruch gegen die Verarbeitung, auch im Falle der Durchf\u00fchrung durch automatisierte Einzelentscheidung einschlie\u00dflich Profiling<\/p>\n\n\n\n<p>7. Recht auf freien und jederzeitigen Widerruf der Einwilligung in die Verarbeitung der Daten<\/p>\n\n\n\n<p>8. Recht auf Kontaktierung des\/der Datenschutzbeauftragten<\/p>\n\n\n\n<p>9. Recht auf Einreichung einer Beschwerde bei der zust\u00e4ndigen nationalen Datenschutz- oder Justizbeh\u00f6rde<\/p>\n\n\n\n<p>Im Falle von Zweifeln, Anmerkungen oder Beschwerden bez\u00fcglich der Erhebung von personenbezogenen Daten oder der Verfahren zu deren Nutzung wenden Sie sich bitte per E-Mail an marketing@jiffygroup.nl.<\/p>\n\n\n\n<p><strong>10.&nbsp;&nbsp;&nbsp;&nbsp;&nbsp;&nbsp;&nbsp;&nbsp; \u00c4NDERUNGEN UND AKTUALISIERUNGEN<\/strong><\/p>\n\n\n\n<p>Die vorliegenden Datenschutzbestimmungen gelten ab 1.&nbsp;Januar 2023. Das Unternehmen kann diese Datenschutzbestimmungen infolge von \u00c4nderungen und\/oder Erg\u00e4nzungen der geltenden Rechtsvorschriften zum Datenschutz \u00e4ndern oder erg\u00e4nzen. Solche \u00c4nderungen werden vom Unternehmen regelm\u00e4\u00dfig vorab mitgeteilt.<\/p>\n","protected":false},"excerpt":{"rendered":"<p>Cookies und wie Sie Ihnen n\u00fctzen Unsere Website verwendet Cookies, wie fast alle Websites, um Ihnen das beste Erlebnis zu bieten. Cookies sind kleine Textdateien, die auf Ihrem Computer oder Mobiltelefon abgelegt werden, wenn Sie im Internet surfen. Unsere Cookies helfen uns: Wir verwenden Cookies nicht um: Unten k\u00f6nnen Sie mehr \u00fcber alle Cookies erfahren,&hellip;<\/p>\n","protected":false},"author":1,"featured_media":0,"parent":0,"menu_order":0,"comment_status":"closed","ping_status":"closed","template":"","meta":{"_acf_changed":false,"editor_notices":[],"footnotes":""},"class_list":["post-22","page","type-page","status-publish","hentry"],"acf":[],"yoast_head":"<!-- This site is optimized with the Yoast SEO Premium plugin v27.2 (Yoast SEO v27.2) - https:\/\/yoast.com\/product\/yoast-seo-premium-wordpress\/ -->\n<title>Datenschutz - Sicherheit &amp; Vertraulichkeit | Jiffy Group<\/title>\n<meta name=\"description\" content=\"Datenschutz: Erfahren Sie, wie Cookies unsere Website verbessern. Informationen zur Datenerhebung und -verarbeitung gem\u00e4\u00df Datenschutzbestimmungen der Jiffy Group.\" \/>\n<meta name=\"robots\" content=\"index, follow, max-snippet:-1, max-image-preview:large, max-video-preview:-1\" \/>\n<link rel=\"canonical\" href=\"https:\/\/jiffygroup.com\/de\/datenschutz\/\" \/>\n<meta property=\"og:locale\" content=\"de_DE\" \/>\n<meta property=\"og:type\" content=\"article\" \/>\n<meta property=\"og:title\" content=\"Datenschutz\" \/>\n<meta property=\"og:description\" content=\"Cookies und wie Sie Ihnen n\u00fctzen Unsere Website verwendet Cookies, wie fast alle Websites, um Ihnen das beste Erlebnis zu bieten. Cookies sind kleine\" \/>\n<meta property=\"og:url\" content=\"https:\/\/jiffygroup.com\/de\/datenschutz\/\" \/>\n<meta property=\"og:site_name\" content=\"Jiffy Group DE\" \/>\n<meta property=\"article:modified_time\" content=\"2023-09-25T12:03:18+00:00\" \/>\n<meta name=\"twitter:card\" content=\"summary_large_image\" \/>\n<meta name=\"twitter:label1\" content=\"Gesch\u00e4tzte Lesezeit\" \/>\n\t<meta name=\"twitter:data1\" content=\"10\u00a0Minuten\" \/>\n<script type=\"application\/ld+json\" class=\"yoast-schema-graph\">{\"@context\":\"https:\/\/schema.org\",\"@graph\":[{\"@type\":\"WebPage\",\"@id\":\"https:\/\/jiffygroup.com\/de\/datenschutz\/\",\"url\":\"https:\/\/jiffygroup.com\/de\/datenschutz\/\",\"name\":\"Datenschutz - Sicherheit & Vertraulichkeit | Jiffy Group\",\"isPartOf\":{\"@id\":\"https:\/\/jiffygroup.com\/de\/#website\"},\"datePublished\":\"2020-03-10T10:47:41+00:00\",\"dateModified\":\"2023-09-25T12:03:18+00:00\",\"description\":\"Datenschutz: Erfahren Sie, wie Cookies unsere Website verbessern. Informationen zur Datenerhebung und -verarbeitung gem\u00e4\u00df Datenschutzbestimmungen der Jiffy Group.\",\"breadcrumb\":{\"@id\":\"https:\/\/jiffygroup.com\/de\/datenschutz\/#breadcrumb\"},\"inLanguage\":\"de\",\"potentialAction\":[{\"@type\":\"ReadAction\",\"target\":[\"https:\/\/jiffygroup.com\/de\/datenschutz\/\"]}]},{\"@type\":\"BreadcrumbList\",\"@id\":\"https:\/\/jiffygroup.com\/de\/datenschutz\/#breadcrumb\",\"itemListElement\":[{\"@type\":\"ListItem\",\"position\":1,\"name\":\"Startseite\",\"item\":\"https:\/\/jiffygroup.com\/de\/\"},{\"@type\":\"ListItem\",\"position\":2,\"name\":\"Datenschutz\"}]},{\"@type\":\"WebSite\",\"@id\":\"https:\/\/jiffygroup.com\/de\/#website\",\"url\":\"https:\/\/jiffygroup.com\/de\/\",\"name\":\"Jiffy Group DE\",\"description\":\"It&#039;s all about the roots\",\"potentialAction\":[{\"@type\":\"SearchAction\",\"target\":{\"@type\":\"EntryPoint\",\"urlTemplate\":\"https:\/\/jiffygroup.com\/de\/?s={search_term_string}\"},\"query-input\":{\"@type\":\"PropertyValueSpecification\",\"valueRequired\":true,\"valueName\":\"search_term_string\"}}],\"inLanguage\":\"de\"}]}<\/script>\n<!-- \/ Yoast SEO Premium plugin. -->","yoast_head_json":{"title":"Datenschutz - Sicherheit & Vertraulichkeit | Jiffy Group","description":"Datenschutz: Erfahren Sie, wie Cookies unsere Website verbessern. Informationen zur Datenerhebung und -verarbeitung gem\u00e4\u00df Datenschutzbestimmungen der Jiffy Group.","robots":{"index":"index","follow":"follow","max-snippet":"max-snippet:-1","max-image-preview":"max-image-preview:large","max-video-preview":"max-video-preview:-1"},"canonical":"https:\/\/jiffygroup.com\/de\/datenschutz\/","og_locale":"de_DE","og_type":"article","og_title":"Datenschutz","og_description":"Cookies und wie Sie Ihnen n\u00fctzen Unsere Website verwendet Cookies, wie fast alle Websites, um Ihnen das beste Erlebnis zu bieten. Cookies sind kleine","og_url":"https:\/\/jiffygroup.com\/de\/datenschutz\/","og_site_name":"Jiffy Group DE","article_modified_time":"2023-09-25T12:03:18+00:00","twitter_card":"summary_large_image","twitter_misc":{"Gesch\u00e4tzte Lesezeit":"10\u00a0Minuten"},"schema":{"@context":"https:\/\/schema.org","@graph":[{"@type":"WebPage","@id":"https:\/\/jiffygroup.com\/de\/datenschutz\/","url":"https:\/\/jiffygroup.com\/de\/datenschutz\/","name":"Datenschutz - Sicherheit & Vertraulichkeit | Jiffy Group","isPartOf":{"@id":"https:\/\/jiffygroup.com\/de\/#website"},"datePublished":"2020-03-10T10:47:41+00:00","dateModified":"2023-09-25T12:03:18+00:00","description":"Datenschutz: Erfahren Sie, wie Cookies unsere Website verbessern. Informationen zur Datenerhebung und -verarbeitung gem\u00e4\u00df Datenschutzbestimmungen der Jiffy Group.","breadcrumb":{"@id":"https:\/\/jiffygroup.com\/de\/datenschutz\/#breadcrumb"},"inLanguage":"de","potentialAction":[{"@type":"ReadAction","target":["https:\/\/jiffygroup.com\/de\/datenschutz\/"]}]},{"@type":"BreadcrumbList","@id":"https:\/\/jiffygroup.com\/de\/datenschutz\/#breadcrumb","itemListElement":[{"@type":"ListItem","position":1,"name":"Startseite","item":"https:\/\/jiffygroup.com\/de\/"},{"@type":"ListItem","position":2,"name":"Datenschutz"}]},{"@type":"WebSite","@id":"https:\/\/jiffygroup.com\/de\/#website","url":"https:\/\/jiffygroup.com\/de\/","name":"Jiffy Group DE","description":"It&#039;s all about the roots","potentialAction":[{"@type":"SearchAction","target":{"@type":"EntryPoint","urlTemplate":"https:\/\/jiffygroup.com\/de\/?s={search_term_string}"},"query-input":{"@type":"PropertyValueSpecification","valueRequired":true,"valueName":"search_term_string"}}],"inLanguage":"de"}]}},"_links":{"self":[{"href":"https:\/\/jiffygroup.com\/de\/wp-json\/wp\/v2\/pages\/22","targetHints":{"allow":["GET"]}}],"collection":[{"href":"https:\/\/jiffygroup.com\/de\/wp-json\/wp\/v2\/pages"}],"about":[{"href":"https:\/\/jiffygroup.com\/de\/wp-json\/wp\/v2\/types\/page"}],"author":[{"embeddable":true,"href":"https:\/\/jiffygroup.com\/de\/wp-json\/wp\/v2\/users\/1"}],"replies":[{"embeddable":true,"href":"https:\/\/jiffygroup.com\/de\/wp-json\/wp\/v2\/comments?post=22"}],"version-history":[{"count":7,"href":"https:\/\/jiffygroup.com\/de\/wp-json\/wp\/v2\/pages\/22\/revisions"}],"predecessor-version":[{"id":3615,"href":"https:\/\/jiffygroup.com\/de\/wp-json\/wp\/v2\/pages\/22\/revisions\/3615"}],"wp:attachment":[{"href":"https:\/\/jiffygroup.com\/de\/wp-json\/wp\/v2\/media?parent=22"}],"curies":[{"name":"wp","href":"https:\/\/api.w.org\/{rel}","templated":true}]}}